{"id":8761,"date":"2018-08-16T09:03:01","date_gmt":"2018-08-16T01:03:01","guid":{"rendered":"http:\/\/www.shentek.com\/product\/2-port-sata-iii-10g-m-2-m-key-card-hardware-raid-0-1\/"},"modified":"2018-12-01T10:11:09","modified_gmt":"2018-12-01T02:11:09","slug":"2-baglanti-noktasi-sata-ii-10g-m-2-m-anahtar-kart-donanim-baskin-0-1","status":"publish","type":"product","link":"https:\/\/shentek.com\/tr\/product\/2-baglanti-noktasi-sata-ii-10g-m-2-m-anahtar-kart-donanim-baskin-0-1\/","title":{"rendered":"2 port SATA III 10G M.2 M Anahtar Kart\u0131 Donan\u0131m bask\u0131n\u0131 0 1"},"content":{"rendered":"","protected":false},"excerpt":{"rendered":"<p><span lang=\"EN-US\"> <span style=\"color: #000000;\"> \u00d6zellikler ve Fayda <\/span> <\/span><\/p>\n<p><span lang=\"EN-US\"> <span style=\"color: #000000;\"> SATA III \/ II \/ I&#8217;yi (SATA 3 6G \/ 2 3G \/ 1 1.5G) destekler <\/span> <\/span><\/p>\n<p><span lang=\"EN-US\"> <span style=\"color: #000000;\"> Seri SATA Revizyonunu destekler 3.2 spec <\/span> <\/span><\/p>\n<p><span lang=\"EN-US\"> <span style=\"color: #000000;\"> M.2 M Anahtar\u0131n\u0131n iki \u015feridini destekler <\/span> <\/span><\/p>\n<p><span lang=\"EN-US\"> <span style=\"color: #000000;\"> Yerel Komut Sat\u0131r\u0131n\u0131 (NCQ) destekler <\/span> <\/span><\/p>\n<p><span lang=\"EN-US\"> <span style=\"color: #000000;\"> Ba\u011flant\u0131 Noktas\u0131 \u00c7oklay\u0131c\u0131 komutunu destekler <\/span> <\/span><\/p>\n<p><span lang=\"EN-US\"> <span style=\"color: #000000;\"> Raid \u00d6zellikleri <\/span> <\/span><\/p>\n<p><span lang=\"EN-US\"> <span style=\"color: #000000;\"> G\u00f6m\u00fcl\u00fc donan\u0131m Raid motoru <\/span> <\/span><\/p>\n<p><span lang=\"EN-US\"> <span style=\"color: #000000;\"> Raid 0, Raid 1 ve SPAN&#8217;\u0131 destekler <\/span> <\/span><\/p>\n<p><span lang=\"EN-US\"> <span style=\"color: #000000;\"> Donan\u0131m Raid tasar\u0131m\u0131 <\/span> <\/span><\/p>\n<p><span lang=\"EN-US\"> <span style=\"color: #000000;\"> SATA 6G \/ 3G \/ 1.5G spesifikasyonunu destekler <\/span> <\/span><\/p>\n<p><span lang=\"EN-US\"> <span style=\"color: #000000;\"> Standart ve D\u00fc\u015f\u00fck Profil deste\u011fini destekler <\/span> <\/span><\/p>\n<p><span lang=\"EN-US\"> <span style=\"color: #000000;\"> Windows 7 ve \u00fcst\u00fc deste\u011fi <\/span> <\/span><\/p>\n","protected":false},"featured_media":8763,"comment_status":"open","ping_status":"closed","template":"","meta":[],"product_cat":[1169,1170,1135],"product_tag":[1208,1209,1200,1210,1201,1211],"_links":{"self":[{"href":"https:\/\/shentek.com\/tr\/wp-json\/wp\/v2\/product\/8761"}],"collection":[{"href":"https:\/\/shentek.com\/tr\/wp-json\/wp\/v2\/product"}],"about":[{"href":"https:\/\/shentek.com\/tr\/wp-json\/wp\/v2\/types\/product"}],"replies":[{"embeddable":true,"href":"https:\/\/shentek.com\/tr\/wp-json\/wp\/v2\/comments?post=8761"}],"wp:featuredmedia":[{"embeddable":true,"href":"https:\/\/shentek.com\/tr\/wp-json\/wp\/v2\/media\/8763"}],"wp:attachment":[{"href":"https:\/\/shentek.com\/tr\/wp-json\/wp\/v2\/media?parent=8761"}],"wp:term":[{"taxonomy":"product_cat","embeddable":true,"href":"https:\/\/shentek.com\/tr\/wp-json\/wp\/v2\/product_cat?post=8761"},{"taxonomy":"product_tag","embeddable":true,"href":"https:\/\/shentek.com\/tr\/wp-json\/wp\/v2\/product_tag?post=8761"}],"curies":[{"name":"wp","href":"https:\/\/api.w.org\/{rel}","templated":true}]}}