{"id":8765,"date":"2018-08-16T09:00:10","date_gmt":"2018-08-16T01:00:10","guid":{"rendered":"http:\/\/www.shentek.com\/product\/4-port-superspeed-usb-3-0-5g-per-port-pcie-4-card\/"},"modified":"2018-12-01T10:14:27","modified_gmt":"2018-12-01T02:14:27","slug":"4-baglanti-noktasi-super-hizli-usb-3-0-5g-basina-baglanti-pcie-4-kart","status":"publish","type":"product","link":"https:\/\/shentek.com\/tr\/product\/4-baglanti-noktasi-super-hizli-usb-3-0-5g-basina-baglanti-pcie-4-kart\/","title":{"rendered":"Port PCIe 4 Kart ba\u015f\u0131na 4 portlu SuperSpeed USB 3.0 5G"},"content":{"rendered":"","protected":false},"excerpt":{"rendered":"<p><span lang=\"EN-US\"> <span style=\"color: #000000;\"> \u00d6zellikler ve Fayda <\/span> <\/span><\/p>\n<p><span lang=\"EN-US\"> <span style=\"color: #000000;\"> Sisteminiz i\u00e7in 4 port Harici Dahili \u00f6\u011fesini geni\u015fletir <\/span> <\/span><\/p>\n<p><span lang=\"EN-US\"> <span style=\"color: #000000;\"> 5 Gb&#8217;ye Kadar Y\u00fcksek H\u0131zl\u0131 Aktar\u0131m Oran\u0131 <\/span> <\/span><\/p>\n<p><span lang=\"EN-US\"> <span style=\"color: #000000;\"> PCI Express 2.0 Gen * 4 uyumlu cihazlara uygun tasar\u0131m <\/span> <\/span><\/p>\n<p><span lang=\"EN-US\"> <span style=\"color: #000000;\"> Universal Serial Bus 3.0 Spesifikasyonu Revizyon 1.0 ile uyumlu <\/span> <\/span><\/p>\n<p><span lang=\"EN-US\"> <span style=\"color: #000000;\"> XHCI (eXtensible Host Controller Interface) ile uyumludur. \u00d6zellikler Revizyon 0.96 <\/span> <\/span><\/p>\n<p><span lang=\"EN-US\"> <span style=\"color: #000000;\"> \u00c7oklu USB 3.0, USB 2.0 ve USB 1.1 cihazlar\u0131n\u0131n e\u015fzamanl\u0131 \u00e7al\u0131\u015fmas\u0131n\u0131 destekler <\/span> <\/span><\/p>\n<p><span lang=\"EN-US\"> <span style=\"color: #000000;\"> 1.5 \/ 12\/480\/5000 Mbps USB Veri aktar\u0131m h\u0131z\u0131n\u0131 destekler <\/span> <\/span><\/p>\n<p><span lang=\"EN-US\"> <span style=\"color: #000000;\"> Masa\u00fcst\u00fc sisteminiz i\u00e7in 4 port Harici USB3.0 S\u00fcper H\u0131zl\u0131 Ba\u011flant\u0131 Noktas\u0131n\u0131 geni\u015fletir <\/span> <\/span><\/p>\n<p><span lang=\"EN-US\"> <span style=\"color: #000000;\"> Her USB portu \u00e7\u0131k\u0131\u015f\u0131, USB cihaz\u0131 i\u00e7in 5V&#8217;a kadar 900m&#8217;ye kadar g\u00fc\u00e7 sa\u011flar <\/span> <\/span><\/p>\n<p><span lang=\"EN-US\"> <span style=\"color: #000000;\"> Hot Swap \u00f6zelli\u011fi, cihazlar\u0131 ba\u011flaman\u0131z\u0131 \/ kesmenizi sa\u011flar <\/span> <\/span><\/p>\n<p><span lang=\"EN-US\"> <span style=\"color: #000000;\"> Microsoft WHQL onay\u0131 <\/span> <\/span><\/p>\n<p><span lang=\"EN-US\"> <span style=\"color: #000000;\"> Microsoft Windows i\u00e7in S\u00fcr\u00fcc\u00fcy\u00fc Destekler <\/span> <\/span><\/p>\n","protected":false},"featured_media":8252,"comment_status":"open","ping_status":"closed","template":"","meta":[],"product_cat":[1135,1185,1204],"product_tag":[1195,1212,1186,1213,1157],"_links":{"self":[{"href":"https:\/\/shentek.com\/tr\/wp-json\/wp\/v2\/product\/8765"}],"collection":[{"href":"https:\/\/shentek.com\/tr\/wp-json\/wp\/v2\/product"}],"about":[{"href":"https:\/\/shentek.com\/tr\/wp-json\/wp\/v2\/types\/product"}],"replies":[{"embeddable":true,"href":"https:\/\/shentek.com\/tr\/wp-json\/wp\/v2\/comments?post=8765"}],"wp:featuredmedia":[{"embeddable":true,"href":"https:\/\/shentek.com\/tr\/wp-json\/wp\/v2\/media\/8252"}],"wp:attachment":[{"href":"https:\/\/shentek.com\/tr\/wp-json\/wp\/v2\/media?parent=8765"}],"wp:term":[{"taxonomy":"product_cat","embeddable":true,"href":"https:\/\/shentek.com\/tr\/wp-json\/wp\/v2\/product_cat?post=8765"},{"taxonomy":"product_tag","embeddable":true,"href":"https:\/\/shentek.com\/tr\/wp-json\/wp\/v2\/product_tag?post=8765"}],"curies":[{"name":"wp","href":"https:\/\/api.w.org\/{rel}","templated":true}]}}