{"id":8778,"date":"2018-08-16T09:47:00","date_gmt":"2018-08-16T01:47:00","guid":{"rendered":"http:\/\/www.shentek.com\/product\/1-port-usb-c-usb-3-1-gen2-10g-adapter-card\/"},"modified":"2018-12-01T19:23:44","modified_gmt":"2018-12-01T11:23:44","slug":"1-baglanti-noktasi-usb-c-usb-3-1-gen2-10g-adaptor-karti","status":"publish","type":"product","link":"https:\/\/shentek.com\/tr\/product\/1-baglanti-noktasi-usb-c-usb-3-1-gen2-10g-adaptor-karti\/","title":{"rendered":"1 port USB-C USB 3.1 Gen2 10G Adapt\u00f6r Kart\u0131"},"content":{"rendered":"","protected":false},"excerpt":{"rendered":"<p><span lang=\"EN-US\"> <span style=\"color: #000000;\"> \u00d6zellikler ve Fayda <\/span> <\/span><\/p>\n<p><span lang=\"EN-US\"> <span style=\"color: #000000;\"> 1 ba\u011flant\u0131 noktal\u0131 C konnekt\u00f6r\u00fcn\u00fc destekler <\/span> <\/span><\/p>\n<p><span lang=\"EN-US\"> <span style=\"color: #000000;\"> Standart ve D\u00fc\u015f\u00fck Profil Braketini Destekler <\/span> <\/span><\/p>\n<p><span lang=\"EN-US\"> <span style=\"color: #000000;\"> USB3.1 \/ 3.0 Bus g\u00fcc\u00fcn\u00fc destekler <\/span> <\/span><\/p>\n","protected":false},"featured_media":8779,"comment_status":"open","ping_status":"closed","template":"","meta":[],"product_cat":[1135,1185,1204],"product_tag":[1191,1186,1213,1214,1215],"_links":{"self":[{"href":"https:\/\/shentek.com\/tr\/wp-json\/wp\/v2\/product\/8778"}],"collection":[{"href":"https:\/\/shentek.com\/tr\/wp-json\/wp\/v2\/product"}],"about":[{"href":"https:\/\/shentek.com\/tr\/wp-json\/wp\/v2\/types\/product"}],"replies":[{"embeddable":true,"href":"https:\/\/shentek.com\/tr\/wp-json\/wp\/v2\/comments?post=8778"}],"wp:featuredmedia":[{"embeddable":true,"href":"https:\/\/shentek.com\/tr\/wp-json\/wp\/v2\/media\/8779"}],"wp:attachment":[{"href":"https:\/\/shentek.com\/tr\/wp-json\/wp\/v2\/media?parent=8778"}],"wp:term":[{"taxonomy":"product_cat","embeddable":true,"href":"https:\/\/shentek.com\/tr\/wp-json\/wp\/v2\/product_cat?post=8778"},{"taxonomy":"product_tag","embeddable":true,"href":"https:\/\/shentek.com\/tr\/wp-json\/wp\/v2\/product_tag?post=8778"}],"curies":[{"name":"wp","href":"https:\/\/api.w.org\/{rel}","templated":true}]}}