{"id":8786,"date":"2018-08-16T09:42:49","date_gmt":"2018-08-16T01:42:49","guid":{"rendered":"http:\/\/www.shentek.com\/product\/2-port-power-esatap-usb-2-0-adapter-card-euhp\/"},"modified":"2018-12-01T19:28:15","modified_gmt":"2018-12-01T11:28:15","slug":"2-baglanti-guc-esatap-usb-2-0-adaptor-karti-euhp","status":"publish","type":"product","link":"https:\/\/shentek.com\/tr\/product\/2-baglanti-guc-esatap-usb-2-0-adaptor-karti-euhp\/","title":{"rendered":"2 port G\u00fc\u00e7 eSATAp USB 2.0 Adapt\u00f6r Kart\u0131 EUHP"},"content":{"rendered":"","protected":false},"excerpt":{"rendered":"<p><span lang=\"EN-US\"> <span style=\"color: #000000;\"> \u00d6zellikler ve Fayda <\/span> <\/span><\/p>\n<p><span lang=\"EN-US\"> <span style=\"color: #000000;\"> Sisteminiz i\u00e7in 2 adet eSATAp veya USB2.0 ba\u011flant\u0131 noktas\u0131n\u0131 geni\u015fletir <\/span> <\/span><\/p>\n<p><span lang=\"EN-US\"> <span style=\"color: #000000;\"> SATA ba\u011flant\u0131 noktas\u0131 i\u00e7in 3Gbps&#8217;ye, USB2.0 ba\u011flant\u0131 noktas\u0131 i\u00e7in 480Mbps&#8217;ye kadar aktarma h\u0131z\u0131 <\/span> <\/span><\/p>\n<p><span lang=\"EN-US\"> <span style=\"color: #000000;\"> G\u00fc\u00e7 eSATAp ba\u011flay\u0131c\u0131s\u0131ndan 5V \/ 12V g\u00fcc\u00fc destekler <\/span> <\/span><\/p>\n<p><span lang=\"EN-US\"> <span style=\"color: #000000;\"> T\u00fcm \u0130\u015fletim Sistemi i\u00e7in S\u00fcr\u00fcc\u00fc Gereklili\u011fini Destekler <\/span> <\/span><\/p>\n<p><span lang=\"EN-US\"> <span style=\"color: #000000;\"> Harici \u00d6ny\u00fckleme sistemi i\u00e7in kurulumu kolay <\/span> <\/span><\/p>\n","protected":false},"featured_media":8787,"comment_status":"open","ping_status":"closed","template":"","meta":[],"product_cat":[1169,1170,1135],"product_tag":[1151,1182,1191],"_links":{"self":[{"href":"https:\/\/shentek.com\/tr\/wp-json\/wp\/v2\/product\/8786"}],"collection":[{"href":"https:\/\/shentek.com\/tr\/wp-json\/wp\/v2\/product"}],"about":[{"href":"https:\/\/shentek.com\/tr\/wp-json\/wp\/v2\/types\/product"}],"replies":[{"embeddable":true,"href":"https:\/\/shentek.com\/tr\/wp-json\/wp\/v2\/comments?post=8786"}],"wp:featuredmedia":[{"embeddable":true,"href":"https:\/\/shentek.com\/tr\/wp-json\/wp\/v2\/media\/8787"}],"wp:attachment":[{"href":"https:\/\/shentek.com\/tr\/wp-json\/wp\/v2\/media?parent=8786"}],"wp:term":[{"taxonomy":"product_cat","embeddable":true,"href":"https:\/\/shentek.com\/tr\/wp-json\/wp\/v2\/product_cat?post=8786"},{"taxonomy":"product_tag","embeddable":true,"href":"https:\/\/shentek.com\/tr\/wp-json\/wp\/v2\/product_tag?post=8786"}],"curies":[{"name":"wp","href":"https:\/\/api.w.org\/{rel}","templated":true}]}}