{"id":8868,"date":"2018-08-15T11:55:35","date_gmt":"2018-08-15T03:55:35","guid":{"rendered":"http:\/\/www.shentek.com\/product\/1-port-u-2-nvme-sff8643-to-m-key-m-2-adapter-card\/"},"modified":"2018-12-03T10:33:49","modified_gmt":"2018-12-03T02:33:49","slug":"1-baglanti-u-2-nvme-sff8643-m-anahtari-m-2-adaptor-karti","status":"publish","type":"product","link":"https:\/\/shentek.com\/tr\/product\/1-baglanti-u-2-nvme-sff8643-m-anahtari-m-2-adaptor-karti\/","title":{"rendered":"1 port U.2 NVMe SFF8643 &#8211; M M.2 Adapt\u00f6r Kart\u0131"},"content":{"rendered":"<p>1 ba\u011flant\u0131-U-2-nvme-sff8643-m-anahtar\u0131-m-2-adapt\u00f6r kart\u0131<\/p>\n","protected":false},"excerpt":{"rendered":"<p><span lang=\"EN-US\"> <span style=\"color: #000000;\"> \u00d6zellikler ve Fayda <\/span> <\/span><\/p>\n<p><span lang=\"EN-US\"> <span style=\"color: #000000;\"> PCIe 3.0 x 4 \u015feritini destekler <\/span> <\/span><\/p>\n<p><span lang=\"EN-US\"> <span style=\"color: #000000;\"> AHCI ve NVMe&#8217;yi destekler <\/span> <\/span><\/p>\n<p><span lang=\"EN-US\"> <span style=\"color: #000000;\"> PCIe 2.0 ve PCIe 3.0&#8217;\u0131 destekler <\/span> <\/span><\/p>\n<p><span lang=\"EN-US\"> <span style=\"color: #000000;\"> Standart ve D\u00fc\u015f\u00fck Profil deste\u011fini destekler <\/span> <\/span><\/p>\n<p><span lang=\"EN-US\"> <span style=\"color: #000000;\"> Windows 7 ve yukar\u0131s\u0131n\u0131 destekler <\/span> <\/span><\/p>\n","protected":false},"featured_media":8252,"comment_status":"open","ping_status":"closed","template":"","meta":[],"product_cat":[1169,1170,1135],"product_tag":[1209,1200,1201,1202,1223,1183,1184,1224],"_links":{"self":[{"href":"https:\/\/shentek.com\/tr\/wp-json\/wp\/v2\/product\/8868"}],"collection":[{"href":"https:\/\/shentek.com\/tr\/wp-json\/wp\/v2\/product"}],"about":[{"href":"https:\/\/shentek.com\/tr\/wp-json\/wp\/v2\/types\/product"}],"replies":[{"embeddable":true,"href":"https:\/\/shentek.com\/tr\/wp-json\/wp\/v2\/comments?post=8868"}],"wp:featuredmedia":[{"embeddable":true,"href":"https:\/\/shentek.com\/tr\/wp-json\/wp\/v2\/media\/8252"}],"wp:attachment":[{"href":"https:\/\/shentek.com\/tr\/wp-json\/wp\/v2\/media?parent=8868"}],"wp:term":[{"taxonomy":"product_cat","embeddable":true,"href":"https:\/\/shentek.com\/tr\/wp-json\/wp\/v2\/product_cat?post=8868"},{"taxonomy":"product_tag","embeddable":true,"href":"https:\/\/shentek.com\/tr\/wp-json\/wp\/v2\/product_tag?post=8868"}],"curies":[{"name":"wp","href":"https:\/\/api.w.org\/{rel}","templated":true}]}}