{"id":8887,"date":"2018-08-15T10:55:13","date_gmt":"2018-08-15T02:55:13","guid":{"rendered":"http:\/\/www.shentek.com\/product\/serial-rs485-rs422-mini-pcie-pci-express-card-isolation\/"},"modified":"2018-12-03T11:25:11","modified_gmt":"2018-12-03T03:25:11","slug":"seri-rs485-rs422-mini-pcie-pci-express-kart-izolasyon","status":"publish","type":"product","link":"https:\/\/shentek.com\/tr\/product\/seri-rs485-rs422-mini-pcie-pci-express-kart-izolasyon\/","title":{"rendered":"Seri RS485 RS422 Mini PCIe PCI ekspres Kart \u0130zolasyonu"},"content":{"rendered":"","protected":false},"excerpt":{"rendered":"<p><span lang=\"EN-US\" style=\"margin: 0px;\"> <span style=\"color: #000000;\"> \u00d6zellikler ve Fayda<\/span><\/span><\/p>\n<p><span lang=\"EN-US\"> <span style=\"color: #000000;\"> Sisteminiz i\u00e7in 2 com ba\u011flant\u0131 noktas\u0131n\u0131 geni\u015fletir <\/span> <\/span><\/p>\n<p><span lang=\"EN-US\"> <span style=\"color: #000000;\"> Baud, 460Kbps&#8217;ye kadar h\u0131zland\u0131r <\/span> <\/span><\/p>\n<p><span lang=\"EN-US\"> <span style=\"color: #000000;\"> PCI Express 2.0 Gen 1 uyumlu kar\u015f\u0131lamak i\u00e7in tasar\u0131m <\/span> <\/span><\/p>\n<p><span lang=\"EN-US\"> <span style=\"color: #000000;\"> Yerle\u015fik 15KV ESD korumas\u0131 <\/span> <\/span><\/p>\n<p><span lang=\"EN-US\"> <span style=\"color: #000000;\"> End\u00fcstriyel \u00d6zellikleri Destekler <\/span> <\/span><\/p>\n<p><span lang=\"EN-US\"> <span style=\"color: #000000;\"> 256 bayt FIFO <\/span> <\/span><\/p>\n<p><span lang=\"EN-US\"> <span style=\"color: #000000;\"> 2.5KV \u0130zolasyon korumas\u0131n\u0131 destekler <\/span> <\/span><\/p>\n<p><span lang=\"EN-US\"> <span style=\"color: #000000;\"> Microsoft Windows, Linux ve QNX s\u00fcr\u00fcc\u00fclerini destekler <\/span> <\/span><\/p>\n","protected":false},"featured_media":8891,"comment_status":"open","ping_status":"closed","template":"","meta":[],"product_cat":[1205,1177,1135],"product_tag":[1225,1209,1191,1226,1227,1228,1229],"_links":{"self":[{"href":"https:\/\/shentek.com\/tr\/wp-json\/wp\/v2\/product\/8887"}],"collection":[{"href":"https:\/\/shentek.com\/tr\/wp-json\/wp\/v2\/product"}],"about":[{"href":"https:\/\/shentek.com\/tr\/wp-json\/wp\/v2\/types\/product"}],"replies":[{"embeddable":true,"href":"https:\/\/shentek.com\/tr\/wp-json\/wp\/v2\/comments?post=8887"}],"wp:featuredmedia":[{"embeddable":true,"href":"https:\/\/shentek.com\/tr\/wp-json\/wp\/v2\/media\/8891"}],"wp:attachment":[{"href":"https:\/\/shentek.com\/tr\/wp-json\/wp\/v2\/media?parent=8887"}],"wp:term":[{"taxonomy":"product_cat","embeddable":true,"href":"https:\/\/shentek.com\/tr\/wp-json\/wp\/v2\/product_cat?post=8887"},{"taxonomy":"product_tag","embeddable":true,"href":"https:\/\/shentek.com\/tr\/wp-json\/wp\/v2\/product_tag?post=8887"}],"curies":[{"name":"wp","href":"https:\/\/api.w.org\/{rel}","templated":true}]}}