{"id":8916,"date":"2018-08-14T14:26:11","date_gmt":"2018-08-14T06:26:11","guid":{"rendered":"http:\/\/www.shentek.com\/product\/parallel-port-mini-pcie-card-embedded-system-addon-card\/"},"modified":"2018-12-03T14:59:23","modified_gmt":"2018-12-03T06:59:23","slug":"paralel-baglanti-mini-pcie-kart-gomulmus-sistemi-tarafindan-eklenti-karti","status":"publish","type":"product","link":"https:\/\/shentek.com\/tr\/product\/paralel-baglanti-mini-pcie-kart-gomulmus-sistemi-tarafindan-eklenti-karti\/","title":{"rendered":"Paralel ba\u011flant\u0131 noktas\u0131 Mini PCIe kart\u0131 yerle\u015fik s\u00fcr\u00fcc\u00fc pencereleri 10"},"content":{"rendered":"","protected":false},"excerpt":{"rendered":"<p><span lang=\"EN-US\"> <span style=\"color: #000000;\"> \u00d6zellikler ve Fayda <\/span> <\/span><\/p>\n<p><span lang=\"EN-US\"> <span style=\"color: #000000;\"> Sisteminiz i\u00e7in 1 ba\u011flant\u0131 noktas\u0131 Paralel geni\u015fletir <\/span> <\/span><\/p>\n<p><span lang=\"EN-US\"> <span style=\"color: #000000;\"> PCI Express 2.0 Gen 1 uyumlu kar\u015f\u0131lamak i\u00e7in tasar\u0131m <\/span> <\/span><\/p>\n<p><span lang=\"EN-US\"> <span style=\"color: #000000;\"> End\u00fcstriyel \u00d6zellikleri Destekler <\/span> <\/span><\/p>\n<p><span lang=\"FR\"> <span style=\"color: #000000;\"> Paralel &#8211; Uyumluluk modu, \u00c7ift y\u00f6nl\u00fc mod, Bayt modu , EPP modu ve ECP modu) <\/span> <\/span><\/p>\n<p><span lang=\"FR\"> <span style=\"color: #000000;\"> 16byte : EPP \/ ECP modu <\/span> <\/span><\/p>\n<p><span lang=\"EN-US\"> <span style=\"color: #000000;\"> Microsoft Windows, Linux&#8217;u destekler <\/span> <\/span><\/p>\n","protected":false},"featured_media":8920,"comment_status":"open","ping_status":"closed","template":"","meta":[],"product_cat":[1205,1177,1135],"product_tag":[1209,1191,1226,1193,1194],"_links":{"self":[{"href":"https:\/\/shentek.com\/tr\/wp-json\/wp\/v2\/product\/8916"}],"collection":[{"href":"https:\/\/shentek.com\/tr\/wp-json\/wp\/v2\/product"}],"about":[{"href":"https:\/\/shentek.com\/tr\/wp-json\/wp\/v2\/types\/product"}],"replies":[{"embeddable":true,"href":"https:\/\/shentek.com\/tr\/wp-json\/wp\/v2\/comments?post=8916"}],"wp:featuredmedia":[{"embeddable":true,"href":"https:\/\/shentek.com\/tr\/wp-json\/wp\/v2\/media\/8920"}],"wp:attachment":[{"href":"https:\/\/shentek.com\/tr\/wp-json\/wp\/v2\/media?parent=8916"}],"wp:term":[{"taxonomy":"product_cat","embeddable":true,"href":"https:\/\/shentek.com\/tr\/wp-json\/wp\/v2\/product_cat?post=8916"},{"taxonomy":"product_tag","embeddable":true,"href":"https:\/\/shentek.com\/tr\/wp-json\/wp\/v2\/product_tag?post=8916"}],"curies":[{"name":"wp","href":"https:\/\/api.w.org\/{rel}","templated":true}]}}