{"id":8972,"date":"2018-08-14T09:04:55","date_gmt":"2018-08-14T01:04:55","guid":{"rendered":"http:\/\/www.shentek.com\/product\/ti-usb-3-0-pcie-4-port-usb-a-card-tusb7340\/"},"modified":"2018-12-03T14:50:14","modified_gmt":"2018-12-03T06:50:14","slug":"ti-usb-3-0-pcie-4-baglanti-noktasi-usb-a-kart-tusb7340","status":"publish","type":"product","link":"https:\/\/shentek.com\/tr\/product\/ti-usb-3-0-pcie-4-baglanti-noktasi-usb-a-kart-tusb7340\/","title":{"rendered":"TI USB 3.0 PCIe 4 ba\u011flant\u0131 noktas\u0131 USB-A kart\u0131 TUSB7340"},"content":{"rendered":"","protected":false},"excerpt":{"rendered":"<p>\u00d6zellikler ve Fayda<\/p>\n<p>Sisteminiz i\u00e7in 4 portu geni\u015fletir<\/p>\n<p>5 Gb&#8217;ye Kadar Y\u00fcksek H\u0131zl\u0131 Aktar\u0131m H\u0131z\u0131<\/p>\n<p>PCI Express 2.0 Gen 1 uyumlu kar\u015f\u0131lamak i\u00e7in tasar\u0131m<\/p>\n<p>PCI Express x1, x2, x4, x8 ve x16 Lane&#8217;i destekler<\/p>\n<p>Universal Serial Bus 3.1 Gen1 Spesifikasyonu Revizyon 1.0 ile uyumlu<\/p>\n<p>XHCI (eXtensible Host Controller Interface) ile uyumludur. \u00d6zellikler Revizyon 0.96<\/p>\n<p>\u00c7oklu USB 3.0, USB 2.0 ve USB 1.1 cihazlar\u0131n\u0131n e\u015fzamanl\u0131 \u00e7al\u0131\u015fmas\u0131n\u0131 destekler<\/p>\n<p>1.5 \/ 12\/480\/5000 Mbps USB Veri aktar\u0131m h\u0131z\u0131n\u0131 destekler<\/p>\n<p>Masa\u00fcst\u00fc sisteminiz i\u00e7in 4 harici USB 3.0 S\u00fcper H\u0131zl\u0131 Ba\u011flant\u0131 Noktas\u0131n\u0131 geni\u015fletir<\/p>\n<p>USB ayg\u0131t\u0131 i\u00e7in her bir USB portu \u00e7\u0131k\u0131\u015f\u0131 5V&#8217;a kadar 900m<\/p>\n<p>Hot Swap \u00f6zelli\u011fi, cihazlar\u0131 ba\u011flaman\u0131z\u0131 \/ kesmenizi sa\u011flar<\/p>\n<p>Microsoft WHQL onaylama<\/p>\n<p>Microsoft Windows i\u00e7in S\u00fcr\u00fcc\u00fcy\u00fc Destekler<\/p>\n","protected":false},"featured_media":8973,"comment_status":"open","ping_status":"closed","template":"","meta":[],"product_cat":[1135,1185,1204],"product_tag":[1191,1195,1212,1237,1186,1213],"_links":{"self":[{"href":"https:\/\/shentek.com\/tr\/wp-json\/wp\/v2\/product\/8972"}],"collection":[{"href":"https:\/\/shentek.com\/tr\/wp-json\/wp\/v2\/product"}],"about":[{"href":"https:\/\/shentek.com\/tr\/wp-json\/wp\/v2\/types\/product"}],"replies":[{"embeddable":true,"href":"https:\/\/shentek.com\/tr\/wp-json\/wp\/v2\/comments?post=8972"}],"wp:featuredmedia":[{"embeddable":true,"href":"https:\/\/shentek.com\/tr\/wp-json\/wp\/v2\/media\/8973"}],"wp:attachment":[{"href":"https:\/\/shentek.com\/tr\/wp-json\/wp\/v2\/media?parent=8972"}],"wp:term":[{"taxonomy":"product_cat","embeddable":true,"href":"https:\/\/shentek.com\/tr\/wp-json\/wp\/v2\/product_cat?post=8972"},{"taxonomy":"product_tag","embeddable":true,"href":"https:\/\/shentek.com\/tr\/wp-json\/wp\/v2\/product_tag?post=8972"}],"curies":[{"name":"wp","href":"https:\/\/api.w.org\/{rel}","templated":true}]}}