{"id":8988,"date":"2018-08-08T17:14:33","date_gmt":"2018-08-08T09:14:33","guid":{"rendered":"http:\/\/www.shentek.com\/product\/serial-rs485-rs422-4-port-pci-express-pcie-card-isolation\/"},"modified":"2018-12-03T15:51:11","modified_gmt":"2018-12-03T07:51:11","slug":"seri-rs485-rs422-4-portlu-pci-express-pcie-kart-izolasyon","status":"publish","type":"product","link":"https:\/\/shentek.com\/tr\/product\/seri-rs485-rs422-4-portlu-pci-express-pcie-kart-izolasyon\/","title":{"rendered":"Seri RS485 RS422 4 port PCI Express PCIe Kart \u0130zolasyonu"},"content":{"rendered":"","protected":false},"excerpt":{"rendered":"<p>\u00d6zellikler ve Fayda<\/p>\n<p>Sisteminiz i\u00e7in 4 com portunu geni\u015fletir<\/p>\n<p>921.6Kbps&#8217;ye Kadar Y\u00fcksek H\u0131zl\u0131 Baud H\u0131z\u0131<\/p>\n<p>PCI Express 2.0 Gen 1 uyumlu kar\u015f\u0131lamak i\u00e7in tasar\u0131m<\/p>\n<p>PCI Express x1, x2, x4, x8 ve x16 Lane&#8217;i destekler<\/p>\n<p>4 Telli RS-485 (RS-422 \u00c7oklu B\u0131rakma) modu i\u00e7in maksimum 10 cihaz ba\u011flant\u0131s\u0131<\/p>\n<p>2 Telli RS-485 modu i\u00e7in maksimum 32 cihaz ba\u011flant\u0131s\u0131<\/p>\n<p>Yerle\u015fik 15KV ESD korumas\u0131<\/p>\n<p>1.5KV Optik \u0130zolasyon<\/p>\n<p>600W Dalgalanma korumas\u0131<\/p>\n<p>End\u00fcstriyel \u015eartname Destekler<\/p>\n<p>256 bayt FIFO<\/p>\n<p>Microsoft Windows, Linux ve QNX s\u00fcr\u00fcc\u00fclerini destekler<\/p>\n","protected":false},"featured_media":8989,"comment_status":"open","ping_status":"closed","template":"","meta":[],"product_cat":[1190,1177,1135],"product_tag":[1155,1198,1191,1195,1132,1133],"_links":{"self":[{"href":"https:\/\/shentek.com\/tr\/wp-json\/wp\/v2\/product\/8988"}],"collection":[{"href":"https:\/\/shentek.com\/tr\/wp-json\/wp\/v2\/product"}],"about":[{"href":"https:\/\/shentek.com\/tr\/wp-json\/wp\/v2\/types\/product"}],"replies":[{"embeddable":true,"href":"https:\/\/shentek.com\/tr\/wp-json\/wp\/v2\/comments?post=8988"}],"wp:featuredmedia":[{"embeddable":true,"href":"https:\/\/shentek.com\/tr\/wp-json\/wp\/v2\/media\/8989"}],"wp:attachment":[{"href":"https:\/\/shentek.com\/tr\/wp-json\/wp\/v2\/media?parent=8988"}],"wp:term":[{"taxonomy":"product_cat","embeddable":true,"href":"https:\/\/shentek.com\/tr\/wp-json\/wp\/v2\/product_cat?post=8988"},{"taxonomy":"product_tag","embeddable":true,"href":"https:\/\/shentek.com\/tr\/wp-json\/wp\/v2\/product_tag?post=8988"}],"curies":[{"name":"wp","href":"https:\/\/api.w.org\/{rel}","templated":true}]}}