{"id":9013,"date":"2018-08-08T16:55:21","date_gmt":"2018-08-08T08:55:21","guid":{"rendered":"http:\/\/www.shentek.com\/product\/industrial-surge-pcie-4-port-rs485-rs422-com-serial-card\/"},"modified":"2018-12-04T10:07:04","modified_gmt":"2018-12-04T02:07:04","slug":"endustriyel-dalga-pcie-4-baglanti-noktasi-485-422-com-seri-kart","status":"publish","type":"product","link":"https:\/\/shentek.com\/tr\/product\/endustriyel-dalga-pcie-4-baglanti-noktasi-485-422-com-seri-kart\/","title":{"rendered":"End\u00fcstriyel Dalgalanma PCIe 4 port RS485 RS422 Com Seri Kart\u0131"},"content":{"rendered":"","protected":false},"excerpt":{"rendered":"<p>\u00d6zellikler ve Fayda<\/p>\n<p>Sisteminiz i\u00e7in 4 port Seri Kart\u0131 RS485 RS422 Com portunu geni\u015fletir<\/p>\n<p>Ba\u011fl\u0131 cihazla y\u00fcksek h\u0131zl\u0131 921Kbps deste\u011fine kadar verimli ileti\u015fim kurun<\/p>\n<p>PCIe taban spesifikasyonu 3.0 \/ 3.1 uyumlu geriye d\u00f6n\u00fck uyumlu 1.0a \/ 1.1 \/ 2.0 \/ 2.1<\/p>\n<p>PCIe x1, x2, x4, x8 ve x16 Lane&#8217;i destekler<\/p>\n<p>4 Telli RS-485 (RS-422 \u00c7oklu B\u0131rakma) modu i\u00e7in maksimum 10 cihaz ba\u011flant\u0131s\u0131<\/p>\n<p>2 Telli RS-485 modu i\u00e7in maksimum 32 cihaz ba\u011flant\u0131s\u0131<\/p>\n<p>Geni\u015fletilmi\u015f \u00e7al\u0131\u015fma s\u0131cakl\u0131\u011f\u0131 aral\u0131\u011f\u0131 -30 \u00b0 C ila 75 \u00b0 C<\/p>\n<p>Sisteminizi entegre ESD Korumas\u0131 ile hasarlardan koruyun<\/p>\n<p>600W Dalgalanma korumas\u0131<\/p>\n<p>End\u00fcstriyel Seri Kart \u00d6zelli\u011fi Deste\u011fi<\/p>\n<p>Verici ve al\u0131c\u0131 ba\u015f\u0131na 256 Baytl\u0131k FiFo<\/p>\n<p>Microsoft Windows, Linux ve QNX s\u00fcr\u00fcc\u00fclerini destekler<\/p>\n<p>Standart profil dirse\u011fi veya iki al\u00e7ak profilli (yar\u0131m y\u00fckseklik) braket<\/p>\n","protected":false},"featured_media":9014,"comment_status":"open","ping_status":"closed","template":"","meta":[],"product_cat":[1190,1177,1135],"product_tag":[1238,1155,1191,1132,1133,1235],"_links":{"self":[{"href":"https:\/\/shentek.com\/tr\/wp-json\/wp\/v2\/product\/9013"}],"collection":[{"href":"https:\/\/shentek.com\/tr\/wp-json\/wp\/v2\/product"}],"about":[{"href":"https:\/\/shentek.com\/tr\/wp-json\/wp\/v2\/types\/product"}],"replies":[{"embeddable":true,"href":"https:\/\/shentek.com\/tr\/wp-json\/wp\/v2\/comments?post=9013"}],"wp:featuredmedia":[{"embeddable":true,"href":"https:\/\/shentek.com\/tr\/wp-json\/wp\/v2\/media\/9014"}],"wp:attachment":[{"href":"https:\/\/shentek.com\/tr\/wp-json\/wp\/v2\/media?parent=9013"}],"wp:term":[{"taxonomy":"product_cat","embeddable":true,"href":"https:\/\/shentek.com\/tr\/wp-json\/wp\/v2\/product_cat?post=9013"},{"taxonomy":"product_tag","embeddable":true,"href":"https:\/\/shentek.com\/tr\/wp-json\/wp\/v2\/product_tag?post=9013"}],"curies":[{"name":"wp","href":"https:\/\/api.w.org\/{rel}","templated":true}]}}