{"id":9021,"date":"2018-08-08T15:34:03","date_gmt":"2018-08-08T07:34:03","guid":{"rendered":"http:\/\/www.shentek.com\/product\/serial-rs485-rs422-2-port-pci-express-pcie-card-isolation\/"},"modified":"2018-12-04T10:15:56","modified_gmt":"2018-12-04T02:15:56","slug":"seri-rs485-rs422-2-portlu-pci-express-pcie-kart-izolasyon","status":"publish","type":"product","link":"https:\/\/shentek.com\/tr\/product\/seri-rs485-rs422-2-portlu-pci-express-pcie-kart-izolasyon\/","title":{"rendered":"Seri RS485 RS422 2 port PCI Express PCIe Kart \u0130zolasyonu"},"content":{"rendered":"","protected":false},"excerpt":{"rendered":"<p>\u00d6zellikler ve Fayda<\/p>\n<p>Sisteminiz i\u00e7in 2 port Seri Kart\u0131 RS485 RS422&#8217;yi geni\u015fletir<\/p>\n<p>Ba\u011fl\u0131 cihazla y\u00fcksek h\u0131zl\u0131 921Kbps deste\u011fine kadar verimli ileti\u015fim kurun<\/p>\n<p>PCIe taban spesifikasyonu 3.0 \/ 3.1 uyumlu geriye d\u00f6n\u00fck uyumlu 1.0a \/ 1.1 \/ 2.0 \/ 2.1<\/p>\n<p>PCI Express x1, x2, x4, x8 ve x16 Lane&#8217;i destekler<\/p>\n<p>4 Telli RS-485 (RS-422 \u00c7oklu B\u0131rakma) modu i\u00e7in maksimum 10 cihaz ba\u011flant\u0131s\u0131<\/p>\n<p>2 Telli RS-485 modu i\u00e7in maksimum 32 cihaz ba\u011flant\u0131s\u0131<\/p>\n<p>Geni\u015fletilmi\u015f \u00e7al\u0131\u015fma s\u0131cakl\u0131\u011f\u0131 aral\u0131\u011f\u0131 -30 \u00b0 C ila 75 \u00b0 C<\/p>\n<p>Sisteminizi entegre ESD Korumas\u0131 ile hasarlardan koruyun<\/p>\n<p>600W Dalgalanma korumas\u0131<\/p>\n<p>2KV \u0130zolasyon Korumas\u0131<\/p>\n<p>End\u00fcstriyel Seri Kart \u00d6zelli\u011fi Deste\u011fi<\/p>\n<p>Verici ve al\u0131c\u0131 ba\u015f\u0131na 256 Baytl\u0131k FiFo<\/p>\n<p>Microsoft Windows, Linux ve QNX s\u00fcr\u00fcc\u00fclerini destekler<\/p>\n<p>Standart profil dirse\u011fi veya iki al\u00e7ak profilli (yar\u0131m y\u00fckseklik) braket<\/p>\n","protected":false},"featured_media":9022,"comment_status":"open","ping_status":"closed","template":"","meta":[],"product_cat":[1190,1239,1177,1135],"product_tag":[1231,1130,1198,1191,1195,1212,1132,1133,1240],"_links":{"self":[{"href":"https:\/\/shentek.com\/tr\/wp-json\/wp\/v2\/product\/9021"}],"collection":[{"href":"https:\/\/shentek.com\/tr\/wp-json\/wp\/v2\/product"}],"about":[{"href":"https:\/\/shentek.com\/tr\/wp-json\/wp\/v2\/types\/product"}],"replies":[{"embeddable":true,"href":"https:\/\/shentek.com\/tr\/wp-json\/wp\/v2\/comments?post=9021"}],"wp:featuredmedia":[{"embeddable":true,"href":"https:\/\/shentek.com\/tr\/wp-json\/wp\/v2\/media\/9022"}],"wp:attachment":[{"href":"https:\/\/shentek.com\/tr\/wp-json\/wp\/v2\/media?parent=9021"}],"wp:term":[{"taxonomy":"product_cat","embeddable":true,"href":"https:\/\/shentek.com\/tr\/wp-json\/wp\/v2\/product_cat?post=9021"},{"taxonomy":"product_tag","embeddable":true,"href":"https:\/\/shentek.com\/tr\/wp-json\/wp\/v2\/product_tag?post=9021"}],"curies":[{"name":"wp","href":"https:\/\/api.w.org\/{rel}","templated":true}]}}