{"id":9052,"date":"2018-06-20T17:34:31","date_gmt":"2018-06-20T09:34:31","guid":{"rendered":"http:\/\/www.shentek.com\/product\/pcie-esd-2-port-rs232-serial-pci-express-card\/"},"modified":"2018-12-04T09:46:38","modified_gmt":"2018-12-04T01:46:38","slug":"pcie-esd-2-portlu-rs232-seri-pci-express-kart","status":"publish","type":"product","link":"https:\/\/shentek.com\/tr\/product\/pcie-esd-2-portlu-rs232-seri-pci-express-kart\/","title":{"rendered":"PCIe ESD 2 ba\u011flant\u0131 noktas\u0131 RS232 Seri PCI Express Kart\u0131"},"content":{"rendered":"","protected":false},"excerpt":{"rendered":"<p>\u00d6zellikler ve Fayda<\/p>\n<p><a href=\"http:\/\/shentek.com\/product\/2-port-high-speed-serial-rs-232-1-port-parallel-expresscard\/\" target=\"_ blank\" rel=\"noopener\"> 2 port RS232 <\/a><\/p>\n<p>Ba\u011fl\u0131 cihazla y\u00fcksek h\u0131zl\u0131 921Kbps deste\u011fine kadar verimli ileti\u015fim kurun<\/p>\n<p>PCIe taban spesifikasyonu 3.0 \/ 3.1 uyumlu geriye d\u00f6n\u00fck uyumlu 1.0a \/ 1.1 \/ 2.0 \/ 2.1<\/p>\n<p>Sisteminizi entegre ESD Korumas\u0131 ile hasarlardan koruyun<\/p>\n<p>End\u00fcstriyel Seri Kart \u00d6zelli\u011fini Destekler<\/p>\n<p>G\u00fc\u00e7lendirilmi\u015f I \/ O Pin1 5V \/ 12V \/ DCD veya Pin9 5V \/ 12V \/ RI se\u00e7ilebilir<\/p>\n<p>Verici ve al\u0131c\u0131 ba\u015f\u0131na 256 Baytl\u0131k FiFo<\/p>\n<p>Geni\u015fletilmi\u015f \u00e7al\u0131\u015fma s\u0131cakl\u0131\u011f\u0131 aral\u0131\u011f\u0131 -30 \u00b0 C ila 75 \u00b0 C<\/p>\n<p>Jumper ayar\u0131na g\u00f6re pim 1 veya pin 9 esnek g\u00fc\u00e7 \u00e7\u0131k\u0131\u015f\u0131 ile g\u00fc\u00e7 ba\u011flant\u0131l\u0131 seri cihazlar<\/p>\n<p>Microsoft Windows, Linux ve QNX s\u00fcr\u00fcc\u00fclerini destekler<\/p>\n<p>Standart profil dirse\u011fi veya iki al\u00e7ak profilli (yar\u0131m y\u00fckseklik) braket<\/p>\n","protected":false},"featured_media":9058,"comment_status":"open","ping_status":"closed","template":"","meta":[],"product_cat":[1190,1177,1135],"product_tag":[1236,1231,1130,1212,1243,1232,1197,1131,1233,1235],"_links":{"self":[{"href":"https:\/\/shentek.com\/tr\/wp-json\/wp\/v2\/product\/9052"}],"collection":[{"href":"https:\/\/shentek.com\/tr\/wp-json\/wp\/v2\/product"}],"about":[{"href":"https:\/\/shentek.com\/tr\/wp-json\/wp\/v2\/types\/product"}],"replies":[{"embeddable":true,"href":"https:\/\/shentek.com\/tr\/wp-json\/wp\/v2\/comments?post=9052"}],"wp:featuredmedia":[{"embeddable":true,"href":"https:\/\/shentek.com\/tr\/wp-json\/wp\/v2\/media\/9058"}],"wp:attachment":[{"href":"https:\/\/shentek.com\/tr\/wp-json\/wp\/v2\/media?parent=9052"}],"wp:term":[{"taxonomy":"product_cat","embeddable":true,"href":"https:\/\/shentek.com\/tr\/wp-json\/wp\/v2\/product_cat?post=9052"},{"taxonomy":"product_tag","embeddable":true,"href":"https:\/\/shentek.com\/tr\/wp-json\/wp\/v2\/product_tag?post=9052"}],"curies":[{"name":"wp","href":"https:\/\/api.w.org\/{rel}","templated":true}]}}