{"id":9075,"date":"2018-08-14T16:17:20","date_gmt":"2018-08-14T08:17:20","guid":{"rendered":"http:\/\/www.shentek.com\/product\/2-port-usb-c-usb-3-1-gen2-10g-pci-express-pcie-card\/"},"modified":"2018-12-04T10:34:18","modified_gmt":"2018-12-04T02:34:18","slug":"2-baglanti-noktasi-usb-c-usb-3-1-gen2-10g-pci-ekspres-pcie-karti","status":"publish","type":"product","link":"https:\/\/shentek.com\/tr\/product\/2-baglanti-noktasi-usb-c-usb-3-1-gen2-10g-pci-ekspres-pcie-karti\/","title":{"rendered":"2 portlu USB-C USB 3.1 Gen2 10G PCI Express PCIe Kart\u0131"},"content":{"rendered":"","protected":false},"excerpt":{"rendered":"<p><span lang=\"EN-US\"> <span style=\"color: #000000;\"> \u00d6zellikler ve Fayda <\/span> <\/span><\/p>\n<p><span lang=\"EN-US\"> <span style=\"color: #000000;\"> Sisteminiz i\u00e7in 2 ba\u011flant\u0131 noktas\u0131n\u0131 geni\u015fletir <\/span> <\/span><\/p>\n<p><span lang=\"EN-US\"> <span style=\"color: #000000;\"> 10 Gbs&#8217;ye Kadar Y\u00fcksek H\u0131zl\u0131 Aktar\u0131m Oran\u0131 <\/span> <\/span><\/p>\n<p><span lang=\"EN-US\"> <span style=\"color: #000000;\"> PCI Express 3.0 Gen 1 uyumlu cihaz\u0131n\u0131 kar\u015f\u0131layacak tasar\u0131m <\/span> <\/span><\/p>\n<p><span lang=\"EN-US\"> <span style=\"color: #000000;\"> PCI Express x1, x2, x4, x8 ve x16 Lane&#8217;i destekler <\/span> <\/span><\/p>\n<p><span lang=\"EN-US\"> <span style=\"color: #000000;\"> Universal Serial Bus 3.1 Gen2 Spesifikasyonu ile uyumlu <\/span> <\/span><\/p>\n<p><span lang=\"EN-US\"> <span style=\"color: #000000;\"> \u00c7oklu USB 3.1 Gen1, USB 2.0 ve USB 1.1 cihazlar\u0131n\u0131n e\u015fzamanl\u0131 \u00e7al\u0131\u015fmas\u0131n\u0131 destekler <\/span> <\/span><\/p>\n<p><span lang=\"EN-US\"> <span style=\"color: #000000;\"> 1.5 \/ 12\/480\/5000\/10000 Mbps USB Veri aktar\u0131m h\u0131z\u0131n\u0131 destekler <\/span> <\/span><\/p>\n<p><span lang=\"EN-US\"> <span style=\"color: #000000;\"> Masa\u00fcst\u00fc sisteminiz i\u00e7in 2 adet harici USB 3.1 GEN 2 S\u00fcper H\u0131zl\u0131 + Ba\u011flant\u0131 Noktas\u0131n\u0131 geni\u015fletir <\/span> <\/span><\/p>\n<p><span lang=\"EN-US\"> <span style=\"color: #000000;\"> Her USB portu \u00e7\u0131k\u0131\u015f\u0131, USB cihaz\u0131 i\u00e7in 5V&#8217;a kadar 900m&#8217;ye kadar g\u00fc\u00e7 sa\u011flar <\/span> <\/span><\/p>\n<p><span lang=\"EN-US\"> <span style=\"color: #000000;\"> Hot Swap \u00f6zelli\u011fi, cihazlar\u0131 ba\u011flaman\u0131z\u0131 \/ kesmenizi sa\u011flar <\/span> <\/span><\/p>\n<p><span lang=\"EN-US\"> <span style=\"color: #000000;\"> Microsoft WHQL onay\u0131 <\/span> <\/span><\/p>\n<p><span lang=\"EN-US\"> <span style=\"color: #000000;\"> Microsoft Windows i\u00e7in S\u00fcr\u00fcc\u00fcy\u00fc Destekler <\/span> <\/span><\/p>\n","protected":false},"featured_media":9076,"comment_status":"open","ping_status":"closed","template":"","meta":[],"product_cat":[1135,1185,1204],"product_tag":[1191,1195,1219,1214,1215],"_links":{"self":[{"href":"https:\/\/shentek.com\/tr\/wp-json\/wp\/v2\/product\/9075"}],"collection":[{"href":"https:\/\/shentek.com\/tr\/wp-json\/wp\/v2\/product"}],"about":[{"href":"https:\/\/shentek.com\/tr\/wp-json\/wp\/v2\/types\/product"}],"replies":[{"embeddable":true,"href":"https:\/\/shentek.com\/tr\/wp-json\/wp\/v2\/comments?post=9075"}],"wp:featuredmedia":[{"embeddable":true,"href":"https:\/\/shentek.com\/tr\/wp-json\/wp\/v2\/media\/9076"}],"wp:attachment":[{"href":"https:\/\/shentek.com\/tr\/wp-json\/wp\/v2\/media?parent=9075"}],"wp:term":[{"taxonomy":"product_cat","embeddable":true,"href":"https:\/\/shentek.com\/tr\/wp-json\/wp\/v2\/product_cat?post=9075"},{"taxonomy":"product_tag","embeddable":true,"href":"https:\/\/shentek.com\/tr\/wp-json\/wp\/v2\/product_tag?post=9075"}],"curies":[{"name":"wp","href":"https:\/\/api.w.org\/{rel}","templated":true}]}}