{"id":9077,"date":"2018-08-14T16:12:53","date_gmt":"2018-08-14T08:12:53","guid":{"rendered":"http:\/\/www.shentek.com\/product\/2-port-esata-ii-3g-pci-express-card\/"},"modified":"2018-12-04T10:38:28","modified_gmt":"2018-12-04T02:38:28","slug":"2-baglanti-noktasi-esata-ii-3g-pci-express-karti","status":"publish","type":"product","link":"https:\/\/shentek.com\/tr\/product\/2-baglanti-noktasi-esata-ii-3g-pci-express-karti\/","title":{"rendered":"2 port eSATA II 3G PCI Express Kart\u0131"},"content":{"rendered":"","protected":false},"excerpt":{"rendered":"<p><span lang=\"EN-US\"> <span style=\"color: #000000;\"> \u00d6zellikler ve Fayda <\/span> <\/span><\/p>\n<p><span lang=\"EN-US\"> <span style=\"color: #000000;\"> Sisteminiz i\u00e7in 2 adet eSATA ba\u011flant\u0131 noktas\u0131n\u0131 geni\u015fletir <\/span> <\/span><\/p>\n<p><span lang=\"EN-US\"> <span style=\"color: #000000;\"> SATA ba\u011flant\u0131 noktas\u0131 i\u00e7in 3Gbps&#8217;ye kadar aktarma h\u0131z\u0131 <\/span> <\/span><\/p>\n<p><span lang=\"EN-US\"> <span style=\"color: #000000;\"> PCI Express 2.0 Gen 1 uyumlu kar\u015f\u0131lamak i\u00e7in tasar\u0131m <\/span> <\/span><\/p>\n<p><span lang=\"EN-US\"> <span style=\"color: #000000;\"> PCI Express x 1 x2, x4, x8 ve x 16 \u015feritli veri yolu <\/span> <\/span><\/p>\n<p><span lang=\"EN-US\"> <span style=\"color: #000000;\"> Windows, Linux ve Mac&#8217;i destekler <\/span> <\/span><\/p>\n","protected":false},"featured_media":9080,"comment_status":"open","ping_status":"closed","template":"","meta":[],"product_cat":[1169,1170,1135],"product_tag":[1244,1195],"_links":{"self":[{"href":"https:\/\/shentek.com\/tr\/wp-json\/wp\/v2\/product\/9077"}],"collection":[{"href":"https:\/\/shentek.com\/tr\/wp-json\/wp\/v2\/product"}],"about":[{"href":"https:\/\/shentek.com\/tr\/wp-json\/wp\/v2\/types\/product"}],"replies":[{"embeddable":true,"href":"https:\/\/shentek.com\/tr\/wp-json\/wp\/v2\/comments?post=9077"}],"wp:featuredmedia":[{"embeddable":true,"href":"https:\/\/shentek.com\/tr\/wp-json\/wp\/v2\/media\/9080"}],"wp:attachment":[{"href":"https:\/\/shentek.com\/tr\/wp-json\/wp\/v2\/media?parent=9077"}],"wp:term":[{"taxonomy":"product_cat","embeddable":true,"href":"https:\/\/shentek.com\/tr\/wp-json\/wp\/v2\/product_cat?post=9077"},{"taxonomy":"product_tag","embeddable":true,"href":"https:\/\/shentek.com\/tr\/wp-json\/wp\/v2\/product_tag?post=9077"}],"curies":[{"name":"wp","href":"https:\/\/api.w.org\/{rel}","templated":true}]}}