{"id":9109,"date":"2018-08-14T16:50:35","date_gmt":"2018-08-14T08:50:35","guid":{"rendered":"http:\/\/www.shentek.com\/product\/serial-2-port-ttl-pci-express-pcie-card-industrial-iiot\/"},"modified":"2018-12-04T10:56:05","modified_gmt":"2018-12-04T02:56:05","slug":"seri-2-port-ttl-pci-express-pcie-kart-sanayi-iiot","status":"publish","type":"product","link":"https:\/\/shentek.com\/tr\/product\/seri-2-port-ttl-pci-express-pcie-kart-sanayi-iiot\/","title":{"rendered":"Seri 2 ba\u011flant\u0131 noktas\u0131 TTL PCI Express PCIe Kart End\u00fcstriyel IIoT"},"content":{"rendered":"","protected":false},"excerpt":{"rendered":"<p><span lang=\"EN-US\"> <span style=\"color: #000000;\"> \u00d6zellikler ve Fayda <\/span> <\/span><\/p>\n<p><span lang=\"EN-US\"> <span style=\"color: #000000;\"> Sisteminiz i\u00e7in 2 TTL ba\u011flant\u0131 noktas\u0131n\u0131 geni\u015fletir <\/span> <\/span><\/p>\n<p><span lang=\"EN-US\"> <span style=\"color: #000000;\"> Y\u00fcksek H\u0131zl\u0131 Baud, 921.6Kbps&#8217;ye kadar h\u0131zland\u0131r\u0131ld\u0131 <\/span> <\/span><\/p>\n<p><span lang=\"EN-US\"> <span style=\"color: #000000;\"> PCI Express 2.0 Gen 1 uyumlu kar\u015f\u0131lamak i\u00e7in tasar\u0131m <\/span> <\/span><\/p>\n<p><span lang=\"EN-US\"> <span style=\"color: #000000;\"> PCI Express x1, x2, x4, x8 ve x16 Lane&#8217;i destekler <\/span> <\/span><\/p>\n<p><span lang=\"EN-US\"> <span style=\"color: #000000;\"> End\u00fcstriyel \u00d6zellikleri Destekler <\/span> <\/span><\/p>\n<p><span lang=\"EN-US\"> <span style=\"color: #000000;\"> 256 bayt FIFO <\/span> <\/span><\/p>\n<p><span lang=\"EN-US\"> <span style=\"color: #000000;\"> Microsoft Windows, Linux ve QNX s\u00fcr\u00fcc\u00fclerini destekler <\/span> <\/span><\/p>\n","protected":false},"featured_media":9113,"comment_status":"open","ping_status":"closed","template":"","meta":[],"product_cat":[1190,1177,1135],"product_tag":[1191,1195,1193,1194,1246],"_links":{"self":[{"href":"https:\/\/shentek.com\/tr\/wp-json\/wp\/v2\/product\/9109"}],"collection":[{"href":"https:\/\/shentek.com\/tr\/wp-json\/wp\/v2\/product"}],"about":[{"href":"https:\/\/shentek.com\/tr\/wp-json\/wp\/v2\/types\/product"}],"replies":[{"embeddable":true,"href":"https:\/\/shentek.com\/tr\/wp-json\/wp\/v2\/comments?post=9109"}],"wp:featuredmedia":[{"embeddable":true,"href":"https:\/\/shentek.com\/tr\/wp-json\/wp\/v2\/media\/9113"}],"wp:attachment":[{"href":"https:\/\/shentek.com\/tr\/wp-json\/wp\/v2\/media?parent=9109"}],"wp:term":[{"taxonomy":"product_cat","embeddable":true,"href":"https:\/\/shentek.com\/tr\/wp-json\/wp\/v2\/product_cat?post=9109"},{"taxonomy":"product_tag","embeddable":true,"href":"https:\/\/shentek.com\/tr\/wp-json\/wp\/v2\/product_tag?post=9109"}],"curies":[{"name":"wp","href":"https:\/\/api.w.org\/{rel}","templated":true}]}}