{"id":9117,"date":"2018-08-14T16:44:27","date_gmt":"2018-08-14T08:44:27","guid":{"rendered":"http:\/\/www.shentek.com\/product\/usb-c-usb-3-0-usb-3-1-gen1-5g-pci-express-pcie-card\/"},"modified":"2018-12-04T11:00:03","modified_gmt":"2018-12-04T03:00:03","slug":"usb-c-usb-3-0-usb-3-1-gen1-5g-pci-ekspres-pcie-karti","status":"publish","type":"product","link":"https:\/\/shentek.com\/tr\/product\/usb-c-usb-3-0-usb-3-1-gen1-5g-pci-ekspres-pcie-karti\/","title":{"rendered":"USB-C USB 3.0 USB 3.1 GEN1 5G PCI Express PCIe Kart\u0131"},"content":{"rendered":"","protected":false},"excerpt":{"rendered":"<h3><span lang=\"EN-US\"> <span style=\"color: #000000;\"> \u00d6zellikler ve Faydalar <\/span> <\/span><\/h3>\n<p><span lang=\"EN-US\"> <span style=\"color: #000000;\"> Sisteminiz i\u00e7in 2 port USB C geni\u015fletir <\/span> <\/span><\/p>\n<p><span lang=\"EN-US\"> <span style=\"color: #000000;\"> 5 Gb&#8217;ye Kadar Y\u00fcksek H\u0131zl\u0131 Aktar\u0131m Oran\u0131 <\/span> <\/span><\/p>\n<p><span lang=\"EN-US\"> <span style=\"color: #000000;\"> PCI Express 3.0 Gen 1 uyumlu cihaz\u0131n\u0131 kar\u015f\u0131layacak tasar\u0131m <\/span> <\/span><\/p>\n<p><span lang=\"EN-US\"> <span style=\"color: #000000;\"> PCI Express x1, x2, x4, x8 ve x16 Lane&#8217;i destekler <\/span> <\/span><\/p>\n<p><span lang=\"EN-US\"> <span style=\"color: #000000;\"> Universal Serial Bus ile uyumlu USB3.0 (USB 3.1 GEN 1&#8217;i de aray\u0131n) Teknik \u00d6zellik Revizyon 1.0 <\/span> <\/span><\/p>\n<p><span lang=\"EN-US\"> <span style=\"color: #000000;\"> XHCI (eXtensible Host Controller Interface) ile uyumludur. \u00d6zellikler Revizyon 0.96 <\/span> <\/span><\/p>\n<p><span lang=\"EN-US\"> <span style=\"color: #000000;\"> Birden fazla e\u015fzamanl\u0131 \u00e7al\u0131\u015fmay\u0131 destekler USB3.0 (USB 3.1 GEN 1&#8217;i de aray\u0131n), USB 2.0 ve USB 1.1 cihazlar\u0131 <\/span> <\/span><\/p>\n<p><span lang=\"EN-US\"> <span style=\"color: #000000;\"> 1.5 \/ 12\/480\/5000 Mbps USB Veri aktar\u0131m h\u0131z\u0131n\u0131 destekler <\/span> <\/span><\/p>\n<p><span lang=\"EN-US\"> <span style=\"color: #000000;\"> 2 d\u0131\u015f geni\u015fletir USB3.0 (USB 3.1 GEN 1&#8217;i de aray\u0131n) Masa\u00fcst\u00fc sisteminiz i\u00e7in S\u00fcper H\u0131zl\u0131 Ba\u011flant\u0131 Noktas\u0131 <\/span> <\/span><\/p>\n<p><span lang=\"EN-US\"> <span style=\"color: #000000;\"> Her USB portu \u00e7\u0131k\u0131\u015f\u0131, USB cihaz\u0131 i\u00e7in 5V&#8217;a kadar 900m&#8217;ye kadar g\u00fc\u00e7 sa\u011flar <\/span> <\/span><\/p>\n<p><span lang=\"EN-US\"> <span style=\"color: #000000;\"> Hot Swap \u00f6zelli\u011fi, cihazlar\u0131 ba\u011flaman\u0131z\u0131 \/ kesmenizi sa\u011flar <\/span> <\/span><\/p>\n<p><span lang=\"EN-US\"> <span style=\"color: #000000;\"> Microsoft WHQL onay\u0131 <\/span> <\/span><\/p>\n<p><span lang=\"EN-US\"> <span style=\"color: #000000;\"> Microsoft Windows i\u00e7in S\u00fcr\u00fcc\u00fcy\u00fc Destekler <\/span> <\/span><\/p>\n","protected":false},"featured_media":9118,"comment_status":"open","ping_status":"closed","template":"","meta":[],"product_cat":[1135,1185,1204],"product_tag":[1191,1195,1219,1213,1215],"_links":{"self":[{"href":"https:\/\/shentek.com\/tr\/wp-json\/wp\/v2\/product\/9117"}],"collection":[{"href":"https:\/\/shentek.com\/tr\/wp-json\/wp\/v2\/product"}],"about":[{"href":"https:\/\/shentek.com\/tr\/wp-json\/wp\/v2\/types\/product"}],"replies":[{"embeddable":true,"href":"https:\/\/shentek.com\/tr\/wp-json\/wp\/v2\/comments?post=9117"}],"wp:featuredmedia":[{"embeddable":true,"href":"https:\/\/shentek.com\/tr\/wp-json\/wp\/v2\/media\/9118"}],"wp:attachment":[{"href":"https:\/\/shentek.com\/tr\/wp-json\/wp\/v2\/media?parent=9117"}],"wp:term":[{"taxonomy":"product_cat","embeddable":true,"href":"https:\/\/shentek.com\/tr\/wp-json\/wp\/v2\/product_cat?post=9117"},{"taxonomy":"product_tag","embeddable":true,"href":"https:\/\/shentek.com\/tr\/wp-json\/wp\/v2\/product_tag?post=9117"}],"curies":[{"name":"wp","href":"https:\/\/api.w.org\/{rel}","templated":true}]}}