{"id":9134,"date":"2018-08-14T16:29:59","date_gmt":"2018-08-14T08:29:59","guid":{"rendered":"http:\/\/www.shentek.com\/product\/1-slot-m-key-m-2-nvme-card-pci-express-pcie-ssd-card\/"},"modified":"2018-12-04T11:07:15","modified_gmt":"2018-12-04T03:07:15","slug":"1-yuvasi-m-anahtari-m-2-nvme-kart-pci-ekspres-pcie-ssd-kart","status":"publish","type":"product","link":"https:\/\/shentek.com\/tr\/product\/1-yuvasi-m-anahtari-m-2-nvme-kart-pci-ekspres-pcie-ssd-kart\/","title":{"rendered":"1 yuva M tu\u015fu M.2 NVMe Kart\u0131 PCI Express PCIe SSD Kart\u0131"},"content":{"rendered":"","protected":false},"excerpt":{"rendered":"<p><span lang=\"EN-US\"> <span style=\"color: #000000;\"> \u00d6zellikler ve Fayda <\/span> <\/span><\/p>\n<p><span lang=\"EN-US\"> <span style=\"color: #000000;\"> PCIe 3.0 veya 2.0 veya 1.0 x 4 \u015ferit NVMe deste\u011fi <\/span> <\/span><\/p>\n<p><span lang=\"EN-US\"> <span style=\"color: #000000;\"> 10 Gbps&#8217;ye kadar Aktar\u0131m H\u0131z\u0131 (SSD M.2 Mod\u00fcl i\u015flevine ba\u011fl\u0131 olarak) <\/span> <\/span><\/p>\n<p><span lang=\"EN-US\"> <span style=\"color: #000000;\"> AHCI veya NVMe&#8217;yi destekler (SSD M.2 Mod\u00fcl i\u015flevine ba\u011fl\u0131 olarak) <\/span> <\/span><\/p>\n<p><span lang=\"EN-US\"> <span style=\"color: #000000;\"> M.2 Kart\u0131n 22110, 2280, 2260, 2242 tam boy boyutu <\/span> <\/span><\/p>\n<p><span lang=\"EN-US\"> <span style=\"color: #000000;\"> PCIe 1.0, PCIe 2.0 ve PCIe 3.0&#8217;\u0131 destekler. <\/span> <\/span><\/p>\n<p><span lang=\"EN-US\"> <span style=\"color: #000000;\"> Standart ve D\u00fc\u015f\u00fck Profil deste\u011fini destekler <\/span> <\/span><\/p>\n<p><span lang=\"EN-US\"> <span style=\"color: #000000;\"> Windows 7 ve \u00fcst\u00fc deste\u011fi <\/span> <\/span><\/p>\n<p><span lang=\"EN-US\"> <span style=\"color: #000000;\"> Mac 10.x ve yukar\u0131s\u0131n\u0131 destekler <\/span> <\/span><\/p>\n","protected":false},"featured_media":9135,"comment_status":"open","ping_status":"closed","template":"","meta":[],"product_cat":[1169,1170,1135],"product_tag":[1210,1201,1202,1195,1251,1224],"_links":{"self":[{"href":"https:\/\/shentek.com\/tr\/wp-json\/wp\/v2\/product\/9134"}],"collection":[{"href":"https:\/\/shentek.com\/tr\/wp-json\/wp\/v2\/product"}],"about":[{"href":"https:\/\/shentek.com\/tr\/wp-json\/wp\/v2\/types\/product"}],"replies":[{"embeddable":true,"href":"https:\/\/shentek.com\/tr\/wp-json\/wp\/v2\/comments?post=9134"}],"wp:featuredmedia":[{"embeddable":true,"href":"https:\/\/shentek.com\/tr\/wp-json\/wp\/v2\/media\/9135"}],"wp:attachment":[{"href":"https:\/\/shentek.com\/tr\/wp-json\/wp\/v2\/media?parent=9134"}],"wp:term":[{"taxonomy":"product_cat","embeddable":true,"href":"https:\/\/shentek.com\/tr\/wp-json\/wp\/v2\/product_cat?post=9134"},{"taxonomy":"product_tag","embeddable":true,"href":"https:\/\/shentek.com\/tr\/wp-json\/wp\/v2\/product_tag?post=9134"}],"curies":[{"name":"wp","href":"https:\/\/api.w.org\/{rel}","templated":true}]}}