{"id":9160,"date":"2018-08-14T15:59:07","date_gmt":"2018-08-14T07:59:07","guid":{"rendered":"http:\/\/www.shentek.com\/product\/serial-rs232-rs422-rs485-2-port-pci-express-pcie-card\/"},"modified":"2018-12-04T11:31:14","modified_gmt":"2018-12-04T03:31:14","slug":"seri-rs232-rs422-rs485-2-portlu-pci-express-pcie-kart","status":"publish","type":"product","link":"https:\/\/shentek.com\/tr\/product\/seri-rs232-rs422-rs485-2-portlu-pci-express-pcie-kart\/","title":{"rendered":"Seri RS232 RS422 RS485 2 port PCI Express PCIe Kart\u0131"},"content":{"rendered":"","protected":false},"excerpt":{"rendered":"<p><span lang=\"EN-US\"> <span style=\"color: #000000;\"> \u00d6zellikler ve Fayda <\/span> <\/span><\/p>\n<p><span lang=\"EN-US\"> <span style=\"color: #000000;\"> 2 com geni\u015fletir <span lang=\"EN-US\"> RS232 RS422 RS485 <\/span> sisteminiz i\u00e7in ba\u011flant\u0131 noktalar\u0131 <\/span> <\/span><\/p>\n<p><span lang=\"EN-US\"> <span style=\"color: #000000;\"> Y\u00fcksek H\u0131zl\u0131 Baud, 921.6Kbps&#8217;ye kadar h\u0131zland\u0131r\u0131ld\u0131 <\/span> <\/span><\/p>\n<p><span lang=\"EN-US\"> <span style=\"color: #000000;\"> PCI Express 2.0 Gen 1 uyumlu kar\u015f\u0131lamak i\u00e7in tasar\u0131m <\/span> <\/span><\/p>\n<p><span lang=\"EN-US\"> <span style=\"color: #000000;\"> PCI Express x1, x2, x4, x8 ve x16 Lane&#8217;i destekler <\/span> <\/span><\/p>\n<p><span lang=\"EN-US\"> <span style=\"color: #000000;\"> 4 Telli RS-485 (RS-422 \u00c7oklu B\u0131rakma) modu i\u00e7in maksimum 10 cihaz ba\u011flant\u0131s\u0131 <\/span> <\/span><\/p>\n<p><span lang=\"EN-US\"> <span style=\"color: #000000;\"> 2 Telli RS-485 modu i\u00e7in maksimum 32 cihaz ba\u011flant\u0131s\u0131 <\/span> <\/span><\/p>\n<p><span lang=\"EN-US\"> <span style=\"color: #000000;\"> Yerle\u015fik 15KV ESD korumas\u0131 <\/span> <\/span><\/p>\n<p><span lang=\"EN-US\"> <span style=\"color: #000000;\"> End\u00fcstriyel \u00d6zellikleri Destekler <\/span> <\/span><\/p>\n<p><span lang=\"EN-US\"> <span style=\"color: #000000;\"> 256 bayt FIFO <\/span> <\/span><\/p>\n<p><span lang=\"EN-US\"> <span style=\"color: #000000;\"> Microsoft Windows, Linux ve QNX s\u00fcr\u00fcc\u00fclerini destekler <\/span> <\/span><\/p>\n","protected":false},"featured_media":9166,"comment_status":"open","ping_status":"closed","template":"","meta":[],"product_cat":[1190,1177,1135],"product_tag":[1191,1195,1193,1227,1228,1229,1194],"_links":{"self":[{"href":"https:\/\/shentek.com\/tr\/wp-json\/wp\/v2\/product\/9160"}],"collection":[{"href":"https:\/\/shentek.com\/tr\/wp-json\/wp\/v2\/product"}],"about":[{"href":"https:\/\/shentek.com\/tr\/wp-json\/wp\/v2\/types\/product"}],"replies":[{"embeddable":true,"href":"https:\/\/shentek.com\/tr\/wp-json\/wp\/v2\/comments?post=9160"}],"wp:featuredmedia":[{"embeddable":true,"href":"https:\/\/shentek.com\/tr\/wp-json\/wp\/v2\/media\/9166"}],"wp:attachment":[{"href":"https:\/\/shentek.com\/tr\/wp-json\/wp\/v2\/media?parent=9160"}],"wp:term":[{"taxonomy":"product_cat","embeddable":true,"href":"https:\/\/shentek.com\/tr\/wp-json\/wp\/v2\/product_cat?post=9160"},{"taxonomy":"product_tag","embeddable":true,"href":"https:\/\/shentek.com\/tr\/wp-json\/wp\/v2\/product_tag?post=9160"}],"curies":[{"name":"wp","href":"https:\/\/api.w.org\/{rel}","templated":true}]}}