{"id":10557,"date":"2018-06-19T21:40:11","date_gmt":"2018-06-19T21:40:11","guid":{"rendered":"http:\/\/www.shentek.com\/where-to-buy\/"},"modified":"2018-12-20T15:18:47","modified_gmt":"2018-12-20T07:18:47","slug":"noi-de-mua","status":"publish","type":"page","link":"https:\/\/shentek.com\/vi\/noi-de-mua\/","title":{"rendered":"N\u01a1i \u0111\u1ec3 mua"},"content":{"rendered":"<p>[vc_row][vc_column][vc_empty_space height=&#8221;100px&#8221;][\/vc_column][\/vc_row][vc_row][vc_column width=&#8221;1\/3&#8243;][vc_icon icon_fontawesome=&#8221;fa fa-shopping-cart&#8221; color=&#8221;custom&#8221; size=&#8221;xl&#8221; align=&#8221;center&#8221; css_animation=&#8221;slideInDown&#8221; custom_color=&#8221;#8ec31f&#8221;][\/vc_column][vc_column width=&#8221;2\/3&#8243;][vc_column_text]<\/p>\n<h5>H\u00e3y b\u1eaft \u0111\u1ea7u v\u1edbi ti\u00eau \u0111\u1ec1. VA c\u00f4ng khai c\u00e1c x\u1ebfp h\u1ea1ng nh\u00e0 d\u01b0\u1ee1ng l\u00e3o n\u00e0y v\u00e0o ng\u00e0y 12 th\u00e1ng S\u00e1u. G\u1ecdi h\u1ecd l\u00e0 b\u00ed m\u1eadt c\u1ee7a h\u1ecd l\u00e0 sai v\u00e0 v\u00f4 tr\u00e1ch nhi\u1ec7m. V\u00ec v\u1eady, t\u1edd gi\u1ea5y n\u00e0y t\u1eadp trung v\u00e0o m\u1ed9t ch\u1ec9 s\u1ed1 ph\u1ee5 \u0111\u01b0\u1ee3c ch\u1ecdn b\u1eb1ng anh \u0111\u00e0o &#8211; ch\u1ee9 kh\u00f4ng ph\u1ea3i l\u00e0 x\u1ebfp h\u1ea1ng t\u1ed5ng th\u1ec3 &#8211; \u0111\u1ec3 v\u1ebd m\u1ed9t b\u1ee9c tranh sai l\u1ec7ch v\u1ec1 c\u00e1ch c\u00e1c c\u01a1 s\u1edf c\u1ee7a ch\u00fang t\u00f4i th\u1ef1c s\u1ef1 so s\u00e1nh v\u1edbi khu v\u1ef1c t\u01b0 nh\u00e2n.<\/h5>\n<p>[\/vc_column_text][vc_empty_space height=&#8221;30px&#8221;][vc_btn title=&#8221;Mua tr\u1ef1c tuy\u1ebfn&#8221; style=&#8221;flat&#8221; color=&#8221;green&#8221; size=&#8221;sm&#8221; align=&#8221;left&#8221; css_animation=&#8221;slideInDown&#8221; link=&#8221;url:%2Fproducts-and-solutions%2F|||&#8221;][vc_empty_space height=&#8221;60px&#8221;][\/vc_column][\/vc_row][vc_row][vc_column width=&#8221;1\/3&#8243;][vc_icon icon_fontawesome=&#8221;fa fa-envelope-open&#8221; color=&#8221;custom&#8221; size=&#8221;xl&#8221; align=&#8221;center&#8221; css_animation=&#8221;slideInDown&#8221; custom_color=&#8221;#8ec31f&#8221;][\/vc_column][vc_column width=&#8221;2\/3&#8243;][vc_column_text]<\/p>\n<h5>H\u00e3y b\u1eaft \u0111\u1ea7u v\u1edbi ti\u00eau \u0111\u1ec1. VA c\u00f4ng khai c\u00e1c x\u1ebfp h\u1ea1ng nh\u00e0 d\u01b0\u1ee1ng l\u00e3o n\u00e0y v\u00e0o ng\u00e0y 12 th\u00e1ng S\u00e1u. G\u1ecdi h\u1ecd l\u00e0 b\u00ed m\u1eadt c\u1ee7a h\u1ecd l\u00e0 sai v\u00e0 v\u00f4 tr\u00e1ch nhi\u1ec7m. V\u00ec v\u1eady, t\u1edd gi\u1ea5y n\u00e0y t\u1eadp trung v\u00e0o m\u1ed9t ch\u1ec9 s\u1ed1 ph\u1ee5 \u0111\u01b0\u1ee3c ch\u1ecdn b\u1eb1ng anh \u0111\u00e0o &#8211; ch\u1ee9 kh\u00f4ng ph\u1ea3i l\u00e0 x\u1ebfp h\u1ea1ng t\u1ed5ng th\u1ec3 &#8211; \u0111\u1ec3 v\u1ebd m\u1ed9t b\u1ee9c tranh sai l\u1ec7ch v\u1ec1 c\u00e1ch c\u00e1c c\u01a1 s\u1edf c\u1ee7a ch\u00fang t\u00f4i th\u1ef1c s\u1ef1 so s\u00e1nh v\u1edbi khu v\u1ef1c t\u01b0 nh\u00e2n.<\/h5>\n<p>[\/vc_column_text][vc_empty_space height=&#8221;60px&#8221;][vc_btn title=&#8221;Li\u00ean h\u1ec7 ch\u00fang t\u00f4i&#8221; style=&#8221;flat&#8221; color=&#8221;green&#8221; size=&#8221;sm&#8221; align=&#8221;left&#8221; css_animation=&#8221;slideInDown&#8221; link=&#8221;url:%2Fcontact-us%2F|||&#8221;][vc_empty_space height=&#8221;60px&#8221;][\/vc_column][\/vc_row][vc_row][vc_column][vc_empty_space height=&#8221;60px&#8221;][\/vc_column][\/vc_row]<\/p>\n","protected":false},"excerpt":{"rendered":"<p>[vc_row][vc_column][vc_empty_space height=&#8221;100px&#8221;][\/vc_column][\/vc_row][vc_row][vc_column width=&#8221;1\/3&#8243;][vc_icon icon_fontawesome=&#8221;fa fa-shopping-cart&#8221; color=&#8221;custom&#8221; size=&#8221;xl&#8221; align=&#8221;center&#8221; css_animation=&#8221;slideInDown&#8221; custom_color=&#8221;#8ec31f&#8221;][\/vc_column][vc_column width=&#8221;2\/3&#8243;][vc_column_text] H\u00e3y b\u1eaft \u0111\u1ea7u v\u1edbi ti\u00eau \u0111\u1ec1. VA c\u00f4ng khai c\u00e1c x\u1ebfp h\u1ea1ng nh\u00e0 d\u01b0\u1ee1ng l\u00e3o n\u00e0y v\u00e0o ng\u00e0y 12 th\u00e1ng S\u00e1u. G\u1ecdi h\u1ecd l\u00e0 b\u00ed m\u1eadt c\u1ee7a h\u1ecd l\u00e0 sai v\u00e0 v\u00f4 tr\u00e1ch nhi\u1ec7m. V\u00ec v\u1eady, t\u1edd gi\u1ea5y n\u00e0y t\u1eadp trung v\u00e0o m\u1ed9t ch\u1ec9 [&hellip;]<\/p>\n","protected":false},"author":12,"featured_media":0,"parent":0,"menu_order":0,"comment_status":"closed","ping_status":"closed","template":"","meta":{"footnotes":""},"yst_prominent_words":[],"_links":{"self":[{"href":"https:\/\/shentek.com\/vi\/wp-json\/wp\/v2\/pages\/10557"}],"collection":[{"href":"https:\/\/shentek.com\/vi\/wp-json\/wp\/v2\/pages"}],"about":[{"href":"https:\/\/shentek.com\/vi\/wp-json\/wp\/v2\/types\/page"}],"author":[{"embeddable":true,"href":"https:\/\/shentek.com\/vi\/wp-json\/wp\/v2\/users\/12"}],"replies":[{"embeddable":true,"href":"https:\/\/shentek.com\/vi\/wp-json\/wp\/v2\/comments?post=10557"}],"version-history":[{"count":0,"href":"https:\/\/shentek.com\/vi\/wp-json\/wp\/v2\/pages\/10557\/revisions"}],"wp:attachment":[{"href":"https:\/\/shentek.com\/vi\/wp-json\/wp\/v2\/media?parent=10557"}],"wp:term":[{"taxonomy":"yst_prominent_words","embeddable":true,"href":"https:\/\/shentek.com\/vi\/wp-json\/wp\/v2\/yst_prominent_words?post=10557"}],"curies":[{"name":"wp","href":"https:\/\/api.w.org\/{rel}","templated":true}]}}