{"id":10593,"date":"2017-09-27T17:11:00","date_gmt":"2017-09-27T17:11:00","guid":{"rendered":"http:\/\/www.shentek.com\/faq\/"},"modified":"2018-12-20T16:17:22","modified_gmt":"2018-12-20T08:17:22","slug":"faq","status":"publish","type":"page","link":"https:\/\/shentek.com\/vi\/faq\/","title":{"rendered":"FAQ"},"content":{"rendered":"<p>[vc_row css=&#8221;.vc_custom_1446889335013{margin-top: 50px !important;margin-bottom: 50px !important;}&#8221;][vc_column][vc_column_text]<\/p>\n<h3 style=\"text-align: center;\">C\u00c1C C\u00c2U H\u1eceI TH\u01af\u1edcNG G\u1eb6P<\/h3>\n<p>[\/vc_column_text][\/vc_column][\/vc_row][vc_row][vc_column][vc_tta_accordion][vc_tta_section hr=&#8221;1&#8243; title=&#8221;T\u00f4i n\u00ean li\u00ean h\u1ec7 v\u1edbi ai n\u1ebfu t\u00f4i c\u00f3 th\u1eafc m\u1eafc?&#8221; tab_id=&#8221;1486873649008-58c11127-9cd9&#8243;][vc_column_text]<strong>Lorem Ipsum<\/strong>ch\u1ec9 \u0111\u01a1n gi\u1ea3n l\u00e0 v\u0103n b\u1ea3n gi\u1ea3 c\u1ee7a ng\u00e0nh c\u00f4ng nghi\u1ec7p in \u1ea5n v\u00e0 s\u1eafp ch\u1eef. Lorem Ipsum \u0111\u00e3 tr\u1edf th\u00e0nh v\u0103n b\u1ea3n gi\u1ea3 ti\u00eau chu\u1ea9n c\u1ee7a ng\u00e0nh c\u00f4ng nghi\u1ec7p k\u1ec3 t\u1eeb nh\u1eefng n\u0103m 1500, khi m\u1ed9t nh\u00e0 in kh\u00f4ng r\u00f5 \u0111\u00e3 l\u1ea5y m\u1ed9t lo\u1ea1i galley v\u00e0 x\u00e1o tr\u1ed9n n\u00f3 \u0111\u1ec3 t\u1ea1o ra m\u1ed9t cu\u1ed1n s\u00e1ch m\u1eabu v\u1eadt. N\u00f3 \u0111\u00e3 t\u1ed3n t\u1ea1i kh\u00f4ng ch\u1ec9 n\u0103m th\u1ebf k\u1ef7, m\u00e0 c\u00f2n l\u00e0 b\u01b0\u1edbc nh\u1ea3y v\u1ecdt trong vi\u1ec7c s\u1eafp ch\u1eef \u0111i\u1ec7n t\u1eed, v\u1ec1 c\u01a1 b\u1ea3n v\u1eabn kh\u00f4ng thay \u0111\u1ed5i. N\u00f3 \u0111\u01b0\u1ee3c ph\u1ed5 bi\u1ebfn v\u00e0o nh\u1eefng n\u0103m 1960 v\u1edbi vi\u1ec7c ph\u00e1t h\u00e0nh c\u00e1c t\u1edd Letraset c\u00f3 ch\u1ee9a c\u00e1c \u0111o\u1ea1n Lorem Ipsum v\u00e0 g\u1ea7n \u0111\u00e2y v\u1edbi ph\u1ea7n m\u1ec1m xu\u1ea5t b\u1ea3n tr\u00ean m\u00e1y t\u00ednh \u0111\u1ec3 b\u00e0n nh\u01b0 Aldus PageMaker bao g\u1ed3m c\u00e1c phi\u00ean b\u1ea3n c\u1ee7a Lorem Ipsum.[\/vc_column_text][\/vc_tta_section][vc_tta_section hr=&#8221;1&#8243; title=&#8221;L\u00e0m th\u1ebf n\u00e0o t\u00f4i c\u00f3 th\u1ec3 h\u1ee7y b\u1ecf ho\u1eb7c thay \u0111\u1ed5i \u0111\u01a1n \u0111\u1eb7t h\u00e0ng c\u1ee7a t\u00f4i?&#8221; tab_id=&#8221;1486873649043-afd7f89f-f686&#8243;][vc_column_text]M\u1ed9t th\u1ef1c t\u1ebf l\u00e2u nay l\u00e0 ng\u01b0\u1eddi \u0111\u1ecdc s\u1ebd b\u1ecb ph\u00e2n t\u00e2m b\u1edfi n\u1ed9i dung c\u00f3 th\u1ec3 \u0111\u1ecdc \u0111\u01b0\u1ee3c c\u1ee7a m\u1ed9t trang khi nh\u00ecn v\u00e0o b\u1ed1 c\u1ee5c c\u1ee7a n\u00f3. \u0110i\u1ec3m quan tr\u1ecdng c\u1ee7a vi\u1ec7c s\u1eed d\u1ee5ng Lorem Ipsum l\u00e0 n\u00f3 c\u00f3 s\u1ef1 ph\u00e2n ph\u1ed1i c\u00e1c ch\u1eef c\u00e1i \u00edt nhi\u1ec1u b\u00ecnh th\u01b0\u1eddng, tr\u00e1i ng\u01b0\u1ee3c v\u1edbi vi\u1ec7c s\u1eed d\u1ee5ng &#8216;N\u1ed9i dung \u1edf \u0111\u00e2y, n\u1ed9i dung \u1edf \u0111\u00e2y&#8217;, khi\u1ebfn n\u00f3 gi\u1ed1ng nh\u01b0 ti\u1ebfng Anh c\u00f3 th\u1ec3 \u0111\u1ecdc \u0111\u01b0\u1ee3c. Nhi\u1ec1u g\u00f3i xu\u1ea5t b\u1ea3n tr\u00ean m\u00e1y t\u00ednh \u0111\u1ec3 b\u00e0n v\u00e0 tr\u00ecnh ch\u1ec9nh s\u1eeda trang web hi\u1ec7n s\u1eed d\u1ee5ng Lorem Ipsum l\u00e0m v\u0103n b\u1ea3n m\u00f4 h\u00ecnh m\u1eb7c \u0111\u1ecbnh c\u1ee7a ch\u00fang v\u00e0 t\u00ecm ki\u1ebfm &#8216;lorem ipsum&#8217; s\u1ebd ph\u00e1t hi\u1ec7n ra nhi\u1ec1u trang web v\u1eabn c\u00f2n trong giai \u0111o\u1ea1n tr\u1ee9ng n\u01b0\u1edbc. C\u00e1c phi\u00ean b\u1ea3n kh\u00e1c nhau \u0111\u00e3 ph\u00e1t tri\u1ec3n qua nhi\u1ec1u n\u0103m, \u0111\u00f4i khi l\u00e0 t\u00ecnh c\u1edd, \u0111\u00f4i khi c\u00f3 ch\u1ee7 \u0111\u00edch (ti\u00eam h\u00e0i h\u01b0\u1edbc v\u00e0 t\u01b0\u01a1ng t\u1ef1).[\/vc_column_text][\/vc_tta_section][vc_tta_section hr=&#8221;1&#8243; title=&#8221;L\u00e0m th\u1ebf n\u00e0o t\u00f4i c\u00f3 th\u1ec3 tr\u1ea3 l\u1ea1i m\u1ed9t s\u1ea3n ph\u1ea9m?&#8221; tab_id=&#8221;1486873691619-526c7b3b-954a&#8221;][vc_column_text]<strong>Lorem Ipsum<\/strong> ch\u1ec9 \u0111\u01a1n gi\u1ea3n l\u00e0 v\u0103n b\u1ea3n gi\u1ea3 c\u1ee7a ng\u00e0nh c\u00f4ng nghi\u1ec7p in \u1ea5n v\u00e0 s\u1eafp ch\u1eef. Lorem Ipsum \u0111\u00e3 tr\u1edf th\u00e0nh v\u0103n b\u1ea3n gi\u1ea3 ti\u00eau chu\u1ea9n c\u1ee7a ng\u00e0nh c\u00f4ng nghi\u1ec7p k\u1ec3 t\u1eeb nh\u1eefng n\u0103m 1500, khi m\u1ed9t nh\u00e0 in kh\u00f4ng r\u00f5 \u0111\u00e3 l\u1ea5y m\u1ed9t lo\u1ea1i galley v\u00e0 x\u00e1o tr\u1ed9n n\u00f3 \u0111\u1ec3 t\u1ea1o ra m\u1ed9t cu\u1ed1n s\u00e1ch m\u1eabu v\u1eadt. N\u00f3 \u0111\u00e3 t\u1ed3n t\u1ea1i kh\u00f4ng ch\u1ec9 n\u0103m th\u1ebf k\u1ef7, m\u00e0 c\u00f2n l\u00e0 b\u01b0\u1edbc nh\u1ea3y v\u1ecdt trong vi\u1ec7c s\u1eafp ch\u1eef \u0111i\u1ec7n t\u1eed, v\u1ec1 c\u01a1 b\u1ea3n v\u1eabn kh\u00f4ng thay \u0111\u1ed5i. N\u00f3 \u0111\u01b0\u1ee3c ph\u1ed5 bi\u1ebfn v\u00e0o nh\u1eefng n\u0103m 1960 v\u1edbi vi\u1ec7c ph\u00e1t h\u00e0nh c\u00e1c t\u1edd Letraset c\u00f3 ch\u1ee9a c\u00e1c \u0111o\u1ea1n Lorem Ipsum v\u00e0 g\u1ea7n \u0111\u00e2y v\u1edbi ph\u1ea7n m\u1ec1m xu\u1ea5t b\u1ea3n tr\u00ean m\u00e1y t\u00ednh \u0111\u1ec3 b\u00e0n nh\u01b0 Aldus PageMaker bao g\u1ed3m c\u00e1c phi\u00ean b\u1ea3n c\u1ee7a Lorem Ipsum.[\/vc_column_text][\/vc_tta_section][vc_tta_section hr=&#8221;1&#8243; title=&#8221;S\u1ebd m\u1ea5t bao l\u00e2u \u0111\u1ec3 c\u00f3 \u0111\u01b0\u1ee3c g\u00f3i c\u1ee7a t\u00f4i?&#8221; tab_id=&#8221;1486873706220-37abd3f9-4a9c&#8221;][vc_column_text]M\u1ed9t th\u1ef1c t\u1ebf l\u00e2u nay l\u00e0 ng\u01b0\u1eddi \u0111\u1ecdc s\u1ebd b\u1ecb ph\u00e2n t\u00e2m b\u1edfi n\u1ed9i dung c\u00f3 th\u1ec3 \u0111\u1ecdc \u0111\u01b0\u1ee3c c\u1ee7a m\u1ed9t trang khi nh\u00ecn v\u00e0o b\u1ed1 c\u1ee5c c\u1ee7a n\u00f3. \u0110i\u1ec3m quan tr\u1ecdng c\u1ee7a vi\u1ec7c s\u1eed d\u1ee5ng Lorem Ipsum l\u00e0 n\u00f3 c\u00f3 s\u1ef1 ph\u00e2n ph\u1ed1i c\u00e1c ch\u1eef c\u00e1i \u00edt nhi\u1ec1u b\u00ecnh th\u01b0\u1eddng, tr\u00e1i ng\u01b0\u1ee3c v\u1edbi vi\u1ec7c s\u1eed d\u1ee5ng &#8216;N\u1ed9i dung \u1edf \u0111\u00e2y, n\u1ed9i dung \u1edf \u0111\u00e2y&#8217;, khi\u1ebfn n\u00f3 gi\u1ed1ng nh\u01b0 ti\u1ebfng Anh c\u00f3 th\u1ec3 \u0111\u1ecdc \u0111\u01b0\u1ee3c. Nhi\u1ec1u g\u00f3i xu\u1ea5t b\u1ea3n tr\u00ean m\u00e1y t\u00ednh \u0111\u1ec3 b\u00e0n v\u00e0 tr\u00ecnh ch\u1ec9nh s\u1eeda trang web hi\u1ec7n s\u1eed d\u1ee5ng Lorem Ipsum l\u00e0m v\u0103n b\u1ea3n m\u00f4 h\u00ecnh m\u1eb7c \u0111\u1ecbnh c\u1ee7a ch\u00fang v\u00e0 t\u00ecm ki\u1ebfm &#8216;lorem ipsum&#8217; s\u1ebd ph\u00e1t hi\u1ec7n ra nhi\u1ec1u trang web v\u1eabn c\u00f2n trong giai \u0111o\u1ea1n tr\u1ee9ng n\u01b0\u1edbc. C\u00e1c phi\u00ean b\u1ea3n kh\u00e1c nhau \u0111\u00e3 ph\u00e1t tri\u1ec3n qua nhi\u1ec1u n\u0103m, \u0111\u00f4i khi l\u00e0 t\u00ecnh c\u1edd, \u0111\u00f4i khi c\u00f3 ch\u1ee7 \u0111\u00edch (ti\u00eam h\u00e0i h\u01b0\u1edbc v\u00e0 t\u01b0\u01a1ng t\u1ef1).[\/vc_column_text][\/vc_tta_section][vc_tta_section hr=&#8221;1&#8243; title=&#8221;Nh\u1eefng ph\u01b0\u01a1ng th\u1ee9c v\u1eadn chuy\u1ec3n c\u00f3 s\u1eb5n?&#8221; tab_id=&#8221;1486873732494-2187e3ea-6311&#8243;][vc_column_text]<strong>Lorem Ipsum<\/strong>ch\u1ec9 \u0111\u01a1n gi\u1ea3n l\u00e0 v\u0103n b\u1ea3n gi\u1ea3 c\u1ee7a ng\u00e0nh c\u00f4ng nghi\u1ec7p in \u1ea5n v\u00e0 s\u1eafp ch\u1eef. Lorem Ipsum \u0111\u00e3 tr\u1edf th\u00e0nh v\u0103n b\u1ea3n gi\u1ea3 ti\u00eau chu\u1ea9n c\u1ee7a ng\u00e0nh c\u00f4ng nghi\u1ec7p k\u1ec3 t\u1eeb nh\u1eefng n\u0103m 1500, khi m\u1ed9t nh\u00e0 in kh\u00f4ng r\u00f5 \u0111\u00e3 l\u1ea5y m\u1ed9t lo\u1ea1i galley v\u00e0 x\u00e1o tr\u1ed9n n\u00f3 \u0111\u1ec3 t\u1ea1o ra m\u1ed9t cu\u1ed1n s\u00e1ch m\u1eabu v\u1eadt. N\u00f3 \u0111\u00e3 t\u1ed3n t\u1ea1i kh\u00f4ng ch\u1ec9 n\u0103m th\u1ebf k\u1ef7, m\u00e0 c\u00f2n l\u00e0 b\u01b0\u1edbc nh\u1ea3y v\u1ecdt trong vi\u1ec7c s\u1eafp ch\u1eef \u0111i\u1ec7n t\u1eed, v\u1ec1 c\u01a1 b\u1ea3n v\u1eabn kh\u00f4ng thay \u0111\u1ed5i. N\u00f3 \u0111\u01b0\u1ee3c ph\u1ed5 bi\u1ebfn v\u00e0o nh\u1eefng n\u0103m 1960 v\u1edbi vi\u1ec7c ph\u00e1t h\u00e0nh c\u00e1c t\u1edd Letraset c\u00f3 ch\u1ee9a c\u00e1c \u0111o\u1ea1n Lorem Ipsum v\u00e0 g\u1ea7n \u0111\u00e2y v\u1edbi ph\u1ea7n m\u1ec1m xu\u1ea5t b\u1ea3n tr\u00ean m\u00e1y t\u00ednh \u0111\u1ec3 b\u00e0n nh\u01b0 Aldus PageMaker bao g\u1ed3m c\u00e1c phi\u00ean b\u1ea3n c\u1ee7a Lorem Ipsum.[\/vc_column_text][\/vc_tta_section][vc_tta_section hr=&#8221;1&#8243; title=&#8221;B\u1ea1n c\u00f3 cung c\u1ea5p b\u1ea5t k\u1ef3 b\u1ea3o h\u00e0nh?&#8221; tab_id=&#8221;1486873759565-8593e345-1dc8&#8243;][vc_column_text]M\u1ed9t th\u1ef1c t\u1ebf l\u00e2u nay l\u00e0 ng\u01b0\u1eddi \u0111\u1ecdc s\u1ebd b\u1ecb ph\u00e2n t\u00e2m b\u1edfi n\u1ed9i dung c\u00f3 th\u1ec3 \u0111\u1ecdc \u0111\u01b0\u1ee3c c\u1ee7a m\u1ed9t trang khi nh\u00ecn v\u00e0o b\u1ed1 c\u1ee5c c\u1ee7a n\u00f3. \u0110i\u1ec3m quan tr\u1ecdng c\u1ee7a vi\u1ec7c s\u1eed d\u1ee5ng Lorem Ipsum l\u00e0 n\u00f3 c\u00f3 s\u1ef1 ph\u00e2n ph\u1ed1i c\u00e1c ch\u1eef c\u00e1i \u00edt nhi\u1ec1u b\u00ecnh th\u01b0\u1eddng, tr\u00e1i ng\u01b0\u1ee3c v\u1edbi vi\u1ec7c s\u1eed d\u1ee5ng &#8216;N\u1ed9i dung \u1edf \u0111\u00e2y, n\u1ed9i dung \u1edf \u0111\u00e2y&#8217;, khi\u1ebfn n\u00f3 gi\u1ed1ng nh\u01b0 ti\u1ebfng Anh c\u00f3 th\u1ec3 \u0111\u1ecdc \u0111\u01b0\u1ee3c. Nhi\u1ec1u g\u00f3i xu\u1ea5t b\u1ea3n tr\u00ean m\u00e1y t\u00ednh \u0111\u1ec3 b\u00e0n v\u00e0 tr\u00ecnh ch\u1ec9nh s\u1eeda trang web hi\u1ec7n s\u1eed d\u1ee5ng Lorem Ipsum l\u00e0m v\u0103n b\u1ea3n m\u00f4 h\u00ecnh m\u1eb7c \u0111\u1ecbnh c\u1ee7a ch\u00fang v\u00e0 t\u00ecm ki\u1ebfm &#8216;lorem ipsum&#8217; s\u1ebd ph\u00e1t hi\u1ec7n ra nhi\u1ec1u trang web v\u1eabn c\u00f2n trong giai \u0111o\u1ea1n tr\u1ee9ng n\u01b0\u1edbc. C\u00e1c phi\u00ean b\u1ea3n kh\u00e1c nhau \u0111\u00e3 ph\u00e1t tri\u1ec3n qua nhi\u1ec1u n\u0103m, \u0111\u00f4i khi l\u00e0 t\u00ecnh c\u1edd, \u0111\u00f4i khi c\u00f3 ch\u1ee7 \u0111\u00edch (ti\u00eam h\u00e0i h\u01b0\u1edbc v\u00e0 t\u01b0\u01a1ng t\u1ef1).[\/vc_column_text][\/vc_tta_section][vc_tta_section hr=&#8221;1&#8243; title=&#8221;L\u00e0m th\u1ebf n\u00e0o t\u00f4i c\u00f3 th\u1ec3 h\u1ee7y b\u1ecf ho\u1eb7c thay \u0111\u1ed5i \u0111\u01a1n \u0111\u1eb7t h\u00e0ng c\u1ee7a t\u00f4i?&#8221; tab_id=&#8221;1486873784595-6cddc0fa-36e2&#8243;][vc_column_text]<strong>Lorem Ipsum<\/strong>ch\u1ec9 \u0111\u01a1n gi\u1ea3n l\u00e0 v\u0103n b\u1ea3n gi\u1ea3 c\u1ee7a ng\u00e0nh c\u00f4ng nghi\u1ec7p in \u1ea5n v\u00e0 s\u1eafp ch\u1eef. Lorem Ipsum \u0111\u00e3 tr\u1edf th\u00e0nh v\u0103n b\u1ea3n gi\u1ea3 ti\u00eau chu\u1ea9n c\u1ee7a ng\u00e0nh c\u00f4ng nghi\u1ec7p k\u1ec3 t\u1eeb nh\u1eefng n\u0103m 1500, khi m\u1ed9t nh\u00e0 in kh\u00f4ng r\u00f5 \u0111\u00e3 l\u1ea5y m\u1ed9t lo\u1ea1i galley v\u00e0 x\u00e1o tr\u1ed9n n\u00f3 \u0111\u1ec3 t\u1ea1o ra m\u1ed9t cu\u1ed1n s\u00e1ch m\u1eabu v\u1eadt. N\u00f3 \u0111\u00e3 t\u1ed3n t\u1ea1i kh\u00f4ng ch\u1ec9 n\u0103m th\u1ebf k\u1ef7, m\u00e0 c\u00f2n l\u00e0 b\u01b0\u1edbc nh\u1ea3y v\u1ecdt trong vi\u1ec7c s\u1eafp ch\u1eef \u0111i\u1ec7n t\u1eed, v\u1ec1 c\u01a1 b\u1ea3n v\u1eabn kh\u00f4ng thay \u0111\u1ed5i. N\u00f3 \u0111\u01b0\u1ee3c ph\u1ed5 bi\u1ebfn v\u00e0o nh\u1eefng n\u0103m 1960 v\u1edbi vi\u1ec7c ph\u00e1t h\u00e0nh c\u00e1c t\u1edd Letraset c\u00f3 ch\u1ee9a c\u00e1c \u0111o\u1ea1n Lorem Ipsum v\u00e0 g\u1ea7n \u0111\u00e2y v\u1edbi ph\u1ea7n m\u1ec1m xu\u1ea5t b\u1ea3n tr\u00ean m\u00e1y t\u00ednh \u0111\u1ec3 b\u00e0n nh\u01b0 Aldus PageMaker bao g\u1ed3m c\u00e1c phi\u00ean b\u1ea3n c\u1ee7a Lorem Ipsum.[\/vc_column_text][\/vc_tta_section][\/vc_tta_accordion][\/vc_column][\/vc_row][vc_row][vc_column][vc_empty_space][vc_column_text css=&#8221;.vc_custom_1545293817292{padding-bottom: 10px !important;}&#8221;]<\/p>\n<h3 style=\"text-align: center; weight: 500;\">V\u1eabn c\u00f2n c\u00e2u h\u1ecfi?<\/h3>\n<p>[\/vc_column_text][vc_btn title=&#8221;Li\u00ean h\u1ec7 ch\u00fang t\u00f4i&#8221; color=&#8221;green&#8221; align=&#8221;center&#8221; link=&#8221;url:http%3A%2F%2Fproject.i-connect.com.tw%2Fshentek%2Fcontact-us%2F|||&#8221; css=&#8221;.vc_custom_1545293828934{margin-top: 10px !important;margin-right: 10px !important;margin-bottom: 10px !important;margin-left: 10px !important;}&#8221;][\/vc_column][\/vc_row]<\/p>\n","protected":false},"excerpt":{"rendered":"<p>[vc_row css=&#8221;.vc_custom_1446889335013{margin-top: 50px !important;margin-bottom: 50px !important;}&#8221;][vc_column][vc_column_text] C\u00c1C C\u00c2U H\u1eceI TH\u01af\u1edcNG G\u1eb6P [\/vc_column_text][\/vc_column][\/vc_row][vc_row][vc_column][vc_tta_accordion][vc_tta_section hr=&#8221;1&#8243; title=&#8221;T\u00f4i n\u00ean li\u00ean h\u1ec7 v\u1edbi ai n\u1ebfu t\u00f4i c\u00f3 th\u1eafc m\u1eafc?&#8221; tab_id=&#8221;1486873649008-58c11127-9cd9&#8243;][vc_column_text]Lorem Ipsumch\u1ec9 \u0111\u01a1n gi\u1ea3n l\u00e0 v\u0103n b\u1ea3n gi\u1ea3 c\u1ee7a ng\u00e0nh c\u00f4ng nghi\u1ec7p in \u1ea5n v\u00e0 s\u1eafp ch\u1eef. Lorem Ipsum \u0111\u00e3 tr\u1edf th\u00e0nh v\u0103n b\u1ea3n gi\u1ea3 ti\u00eau chu\u1ea9n c\u1ee7a ng\u00e0nh c\u00f4ng nghi\u1ec7p [&hellip;]<\/p>\n","protected":false},"author":10,"featured_media":0,"parent":0,"menu_order":0,"comment_status":"closed","ping_status":"closed","template":"page-visual-composer.php","meta":{"footnotes":""},"yst_prominent_words":[],"_links":{"self":[{"href":"https:\/\/shentek.com\/vi\/wp-json\/wp\/v2\/pages\/10593"}],"collection":[{"href":"https:\/\/shentek.com\/vi\/wp-json\/wp\/v2\/pages"}],"about":[{"href":"https:\/\/shentek.com\/vi\/wp-json\/wp\/v2\/types\/page"}],"author":[{"embeddable":true,"href":"https:\/\/shentek.com\/vi\/wp-json\/wp\/v2\/users\/10"}],"replies":[{"embeddable":true,"href":"https:\/\/shentek.com\/vi\/wp-json\/wp\/v2\/comments?post=10593"}],"version-history":[{"count":0,"href":"https:\/\/shentek.com\/vi\/wp-json\/wp\/v2\/pages\/10593\/revisions"}],"wp:attachment":[{"href":"https:\/\/shentek.com\/vi\/wp-json\/wp\/v2\/media?parent=10593"}],"wp:term":[{"taxonomy":"yst_prominent_words","embeddable":true,"href":"https:\/\/shentek.com\/vi\/wp-json\/wp\/v2\/yst_prominent_words?post=10593"}],"curies":[{"name":"wp","href":"https:\/\/api.w.org\/{rel}","templated":true}]}}