{"id":9905,"date":"2017-09-27T17:47:08","date_gmt":"2017-09-27T17:47:08","guid":{"rendered":"http:\/\/www.shentek.com\/aboutus-shentek\/"},"modified":"2018-12-21T13:49:36","modified_gmt":"2018-12-21T05:49:36","slug":"aboutus-shentek","status":"publish","type":"page","link":"https:\/\/shentek.com\/vi\/aboutus-shentek\/","title":{"rendered":"V\u1ec1 ch\u00fang t\u00f4i"},"content":{"rendered":"<p>[vc_row css_animation=&#8221;slideInDown&#8221; css=&#8221;.vc_custom_1529420940000{padding-top: 50px !important;padding-bottom: 50px !important;}&#8221;][vc_column width=&#8221;1\/2&#8243;][vc_single_image image=&#8221;651&#8243; img_size=&#8221;full&#8221;][\/vc_column][vc_column css_animation=&#8221;slideInDown&#8221; width=&#8221;1\/2&#8243; nasa_effect=&#8221;fadeIn&#8221; css=&#8221;.vc_custom_1529421071948{padding-top: 50px !important;padding-bottom: 50px !important;}&#8221;][vc_column_text css=&#8221;.vc_custom_1545371156556{padding-top: 30px !important;padding-bottom: 50px !important;}&#8221;]<\/p>\n<h3 style=\"text-align: left;\">Shentek Technology CO., LTD l\u00e0 m\u1ed9t c\u00f4ng ty s\u1ea3n xu\u1ea5t v\u00e0 thi\u1ebft k\u1ebf \u0111\u1eb7t t\u1ea1i \u0110\u00e0i B\u1eafc \u0110\u00e0i Loan.<br \/>\nCh\u00fang t\u00f4i thi\u1ebft k\u1ebf ODM v\u00e0 th\u01b0\u01a1ng hi\u1ec7u c\u1ee7a Shentek C\u1ea3nh cho c\u00e1c \u0111\u1ed1i t\u00e1c c\u1ee7a ch\u00fang t\u00f4i.<\/h3>\n<p>[\/vc_column_text][\/vc_column][\/vc_row][vc_row css=&#8221;.vc_custom_1529556957597{margin-bottom: 50px !important;}&#8221;][vc_column css=&#8221;.vc_custom_1529557000065{padding-right: 120px !important;padding-left: 120px !important;}&#8221;][vc_empty_space][vc_single_image image=&#8221;574&#8243; img_size=&#8221;large&#8221; alignment=&#8221;center&#8221; css_animation=&#8221;none&#8221;][vc_column_text]<\/p>\n<h4 class=\"av-special-heading-tag\" style=\"text-align: center; color: #8ec31f;\">K\u1ebeT N\u1ed0I HO\u00c0N H\u1ea2O TRONG PERIPHUNGS CNTT<\/h4>\n<p>[\/vc_column_text][vc_empty_space height=&#8221;80px&#8221;][vc_btn title=&#8221;S\u1ea3n ph\u1ea9m c\u1ee7a ch\u00fang t\u00f4i&#8221; color=&#8221;green&#8221; size=&#8221;lg&#8221; align=&#8221;center&#8221; link=&#8221;url:%2Fshop%2F|||&#8221;][vc_empty_space][\/vc_column][\/vc_row][vc_row][vc_column][vc_empty_space height=&#8221;120px&#8221;][\/vc_column][\/vc_row][vc_row css=&#8221;.vc_custom_1529423030310{margin-bottom: 50px !important;background-color: #ffffff !important;}&#8221;][vc_column css_animation=&#8221;fadeInDown&#8221; width=&#8221;1\/3&#8243; nasa_effect=&#8221;fadeInDown&#8221;][vc_row_inner][vc_column_inner css=&#8221;.vc_custom_1529556623802{margin-top: 0px !important;margin-right: 80px !important;margin-bottom: 20px !important;margin-left: 80px !important;padding-top: 40px !important;padding-right: 20px !important;padding-bottom: 20px !important;padding-left: 20px !important;background-color: #d2ea79 !important;border-radius: 15px !important;}&#8221;][vc_column_text css_animation=&#8221;fadeIn&#8221; css=&#8221;.vc_custom_1529555342664{padding-bottom: 10px !important;}&#8221;]<\/p>\n<h3 style=\"color: white; text-align: center;\"><strong>VISION<\/strong><\/h3>\n<p>[\/vc_column_text][vc_icon icon_fontawesome=&#8221;fa fa-rocket&#8221; color=&#8221;white&#8221; size=&#8221;xl&#8221; align=&#8221;center&#8221; css_animation=&#8221;fadeIn&#8221; css=&#8221;.vc_custom_1529555354995{padding-top: 10px !important;padding-right: 10px !important;padding-bottom: 10px !important;padding-left: 10px !important;}&#8221;][\/vc_column_inner][\/vc_row_inner][\/vc_column][vc_column css_animation=&#8221;fadeInDown&#8221; width=&#8221;2\/3&#8243; nasa_effect=&#8221;fadeInDown&#8221;][vc_column_text css_animation=&#8221;fadeIn&#8221;]<\/p>\n<h5><strong><span class=\"s1\"><span class=\"s2\">\u2022\u00a0<\/span>\u0110\u1ec3 tr\u1edf th\u00e0nh nh\u00e0 l\u00e3nh \u0111\u1ea1o ngo\u1ea1i vi CNTT \u0111\u1eb3ng c\u1ea5p th\u1ebf gi\u1edbi<\/span><\/strong><\/h5>\n<h5><span class=\"s2\">\u0110\u1ec3 tr\u1edf th\u00e0nh ng\u01b0\u1eddi d\u1eabn \u0111\u1ea7u c\u00e1c thi\u1ebft b\u1ecb ngo\u1ea1i vi CNTT, SHENTEK \u0111\u1ec1 c\u1eadp \u0111\u1ebfn vi\u1ec7c cung c\u1ea5p s\u1ea3n ph\u1ea9m ch\u1ea5t l\u01b0\u1ee3ng cao v\u00e0 d\u1ecbch v\u1ee5 nhanh ch\u00f3ng cho kh\u00e1ch h\u00e0ng c\u1ee7a ch\u00fang t\u00f4i. \u0110\u1ec3 \u0111\u1ea1t \u0111\u01b0\u1ee3c \u0111i\u1ec1u n\u00e0y, ch\u00fang t\u00f4i cung c\u1ea5p m\u1ed9t gi\u1ea3i ph\u00e1p ho\u00e0n ch\u1ec9nh v\u00e0 cam k\u1ebft c\u00e1c tuy\u00ean b\u1ed1 d\u01b0\u1edbi \u0111\u00e2y cho kh\u00e1ch h\u00e0ng, nh\u00e2n vi\u00ean v\u00e0 \u0111\u1ed1i t\u00e1c c\u1ee7a ch\u00fang t\u00f4i.<\/span><\/h5>\n<h5><strong><span class=\"s2\">\u2022 Cho kh\u00e1ch h\u00e0ng<\/span><\/strong><\/h5>\n<h5><span class=\"s2\">\u0110\u1ec3 \u0111\u1ea1t \u0111\u01b0\u1ee3c s\u1ef1 h\u00e0i l\u00f2ng cao c\u1ee7a kh\u00e1ch h\u00e0ng v\u00e0 l\u00f2ng trung th\u00e0nh cao l\u00e0 m\u1ee5c ti\u00eau cu\u1ed1i c\u00f9ng, SHENTEK cung c\u1ea5p d\u1ecbch v\u1ee5 kh\u00e1ch h\u00e0ng nhanh ch\u00f3ng v\u00e0 h\u1ed7 tr\u1ee3 k\u1ef9 thu\u1eadt v\u1ec1 \u0111\u1eb7c \u0111i\u1ec3m k\u1ef9 thu\u1eadt ho\u1eb7c c\u00e1ch s\u1eed d\u1ee5ng trong th\u1eddi gian b\u00e1n tr\u01b0\u1edbc, b\u00e1n ho\u1eb7c th\u1eadm ch\u00ed sau b\u00e1n h\u00e0ng t\u1eeb n\u0103m 2009. Ngh\u1ec1 c\u1ee7a SHENTEK l\u00e0m cho s\u1ea3n ph\u1ea9m t\u01b0\u01a1ng th\u00edch cao v\u00e0 ph\u1ea3n h\u1ed3i k\u1ecbp th\u1eddi, \u0111\u00f3 l\u00e0 s\u1ef1 \u0111\u1ea3m b\u1ea3o t\u1ed1t nh\u1ea5t cho kh\u00e1ch h\u00e0ng.<\/span><\/h5>\n<h5><strong><span class=\"s2\">\u2022 Cho nh\u00e2n vi\u00ean<\/span><\/strong><\/h5>\n<h5><span class=\"s2\"><span class=\"Apple-converted-space\">\u00a0\u00a0<\/span>SHENTEK s\u1ebd cung c\u1ea5p c\u00e1c kh\u00f3a \u0111\u00e0o t\u1ea1o \u0111\u01b0\u1ee3c thi\u1ebft k\u1ebf t\u1ed1t \u0111\u1ec3 \u0111\u1ea3m b\u1ea3o t\u1ea5t c\u1ea3 nh\u00e2n vi\u00ean ng\u00e0y c\u00e0ng chuy\u00ean nghi\u1ec7p h\u01a1n trong l\u0129nh v\u1ef1c ngo\u1ea1i vi CNTT v\u00e0 d\u1ecbch v\u1ee5 kh\u00e1ch h\u00e0ng t\u1ed1t nh\u1ea5t \u0111\u1ec3 nh\u1eadn ra ti\u1ec1m n\u0103ng c\u1ee7a h\u1ecd. Ngo\u00e0i ra, SHENTEK c\u0169ng s\u1ebd \u0111\u1ea3m b\u1ea3o r\u1eb1ng nh\u00e2n vi\u00ean c\u00f3 th\u1ec3 ph\u00e1t tri\u1ec3n c\u00f9ng v\u1edbi c\u00f4ng ty v\u00e0 chia s\u1ebb ph\u00fac l\u1ee3i.<\/span><\/h5>\n<h5><strong><span class=\"s2\">\u2022 \u0110\u1ed1i t\u00e1c<\/span><\/strong><\/h5>\n<h5><span class=\"s2\">D\u1ef1a tr\u00ean ni\u1ec1m tin v\u1ec1 s\u1ef1 k\u1ebft h\u1ee3p v\u00e0 th\u1ecbnh v\u01b0\u1ee3ng, SHENTEK \u0111\u00e3 t\u00ecm ki\u1ebfm s\u1ef1 th\u00e0nh l\u1eadp \u0111\u1ed1i t\u00e1c l\u00e2u d\u00e0i v\u1edbi m\u1ed9t ng\u01b0\u1eddi c\u00f3 th\u1ec3 l\u00e0m vi\u1ec7c c\u00f9ng nhau, c\u00f9ng nhau ph\u00e1t tri\u1ec3n v\u00e0 tr\u1edf th\u00e0nh nh\u00e0 l\u00e3nh \u0111\u1ea1o \u0111\u1eb3ng c\u1ea5p th\u1ebf gi\u1edbi trong th\u1ecb tr\u01b0\u1eddng ngo\u1ea1i vi CNTT c\u00f9ng nhau.<\/span><\/h5>\n<p>[\/vc_column_text][vc_empty_space height=&#8221;40px&#8221;][\/vc_column][\/vc_row][vc_row css=&#8221;.vc_custom_1529423030310{margin-bottom: 50px !important;background-color: #ffffff !important;}&#8221;][vc_column css_animation=&#8221;fadeInDown&#8221; width=&#8221;1\/3&#8243; nasa_effect=&#8221;fadeInDown&#8221;][vc_row_inner][vc_column_inner css=&#8221;.vc_custom_1529556659477{margin-top: 0px !important;margin-right: 80px !important;margin-bottom: 20px !important;margin-left: 80px !important;padding-top: 40px !important;padding-right: 20px !important;padding-bottom: 20px !important;padding-left: 20px !important;background-color: #f4df7f !important;border-radius: 15px !important;}&#8221;][vc_column_text css_animation=&#8221;fadeIn&#8221; css=&#8221;.vc_custom_1529556579416{padding-bottom: 10px !important;}&#8221;]<\/p>\n<h3 style=\"color: white; text-align: center;\"><strong><span style=\"color: #ffffff;\">COMPETENCE<\/span><\/strong><\/h3>\n<p>[\/vc_column_text][vc_icon icon_fontawesome=&#8221;fa fa-globe&#8221; color=&#8221;white&#8221; size=&#8221;xl&#8221; align=&#8221;center&#8221; css_animation=&#8221;fadeIn&#8221; css=&#8221;.vc_custom_1529556491471{padding-top: 10px !important;padding-right: 10px !important;padding-bottom: 10px !important;padding-left: 10px !important;}&#8221;][\/vc_column_inner][\/vc_row_inner][\/vc_column][vc_column css_animation=&#8221;fadeInDown&#8221; width=&#8221;2\/3&#8243; nasa_effect=&#8221;fadeInDown&#8221;][vc_column_text css_animation=&#8221;fadeIn&#8221;]<\/p>\n<h5><strong><span class=\"s1\"> \u00a0 1. Suy ngh\u0129 to\u00e0n c\u1ea7u, h\u00e0nh \u0111\u1ed9ng c\u1ee5c b\u1ed9<\/span><\/strong><\/h5>\n<h5><span class=\"s1\">Kh\u00e1ch h\u00e0ng c\u1ee7a SHENTEK s\u01b0\u1eddn \u0111\u01b0\u1ee3c ph\u00e2n ph\u1ed1i tr\u00ean to\u00e0n th\u1ebf gi\u1edbi v\u00e0 SHENTEK c\u1ea7n cung c\u1ea5p gi\u1ea3i ph\u00e1p to\u00e0n c\u1ea7u. Tuy nhi\u00ean, gi\u1ea3i ph\u00e1p c\u0169ng c\u1ea7n ph\u1ea3i c\u00f3 hi\u1ec7u qu\u1ea3 chi ph\u00ed. Do \u0111\u00f3, SHENTEK quy\u1ebft \u0111\u1ecbnh thi\u1ebft k\u1ebf v\u00e0 s\u1ea3n xu\u1ea5t n\u00f3 t\u1ea1i \u0110\u00e0i Loan v\u1edbi ch\u1ea5t l\u01b0\u1ee3ng cao \u0111\u1ec3 \u0111\u00e1p \u1ee9ng c\u00e1c y\u00eau c\u1ea7u. \u0110\u1ed9i ng\u0169 thi\u1ebft k\u1ebf chuy\u00ean nghi\u1ec7p c\u1ee7a SHENTEK, c\u00f3 nhi\u1ec1u kinh nghi\u1ec7m v\u1ec1 thi\u1ebft b\u1ecb ngo\u1ea1i vi CNTT, \u0111\u1eb7c bi\u1ec7t l\u00e0 trong l\u0129nh v\u1ef1c k\u1ebft n\u1ed1i, ch\u1eb3ng h\u1ea1n nh\u01b0 giao di\u1ec7n c\u1ee7a USB, ATA n\u1ed1i ti\u1ebfp, RS232 \/ 422\/485 v\u00e0 LAN. T\u1ea5t c\u1ea3 c\u00e1c nghi\u00ean c\u1ee9u t\u1eadp trung v\u00e0o k\u1ebft n\u1ed1i li\u1ec1n m\u1ea1ch v\u00e0 kh\u1ea3 n\u0103ng t\u01b0\u01a1ng th\u00edch ho\u00e0n h\u1ea3o.<\/span><\/h5>\n<h5><strong>2. S\u1ea3n xu\u1ea5t tinh g\u1ecdn<\/strong><\/h5>\n<h5>\u0110\u1ea7u ti\u00ean, SHENTEK x\u00e1c \u0111\u1ecbnh gi\u00e1 tr\u1ecb c\u1ee7a k\u1ebft n\u1ed1i s\u1ebd cung c\u1ea5p l\u00e0 kh\u1ea3 n\u0103ng t\u01b0\u01a1ng th\u00edch, b\u1ea5t k\u1ec3 thi\u1ebft b\u1ecb n\u00e0y bao nhi\u00eau tu\u1ed5i hay m\u1edbi nh\u1ea5t. Th\u1ee9 hai, quy tr\u00ecnh s\u1ea3n xu\u1ea5t l\u00e0 v\u1eefng ch\u1eafc t\u1eeb vi\u1ec7c l\u1ef1a ch\u1ecdn v\u1eadt li\u1ec7u ho\u1eb7c th\u00e0nh ph\u1ea7n, s\u1ea3n xu\u1ea5t ho\u1eb7c th\u1eadm ch\u00ed l\u00e0 th\u1eed nghi\u1ec7m cu\u1ed1i c\u00f9ng, t\u1ea5t c\u1ea3 \u0111\u1ec1u c\u1ea7n tu\u00e2n theo quy \u0111\u1ecbnh r\u00f5 r\u00e0ng v\u00e0 c\u00e1c b\u01b0\u1edbc ki\u1ec3m tra nghi\u00eam ng\u1eb7t cho \u0111\u1ebfn khi t\u1ea5t c\u1ea3 \u0111\u01b0\u1ee3c th\u00f4ng qua c\u00e1c th\u1eed nghi\u1ec7m \u0111\u1ed9 tin c\u1eady. SHENTEK ho\u00e0n to\u00e0n l\u00e0m cho nguy\u00ean t\u1eafc \u0111\u1ed5i m\u1edbi, ch\u1ea5t l\u01b0\u1ee3ng v\u00e0 d\u1ecbch v\u1ee5 tr\u1edf th\u00e0nh s\u1ef1 th\u1eadt; n\u00e2ng cao s\u1ef1 h\u00e0i l\u00f2ng v\u00e0 l\u00f2ng trung th\u00e0nh c\u1ee7a kh\u00e1ch h\u00e0ng. SHENTEK c\u0169ng cam k\u1ebft c\u1ea3i thi\u1ec7n ch\u1ea5t l\u01b0\u1ee3ng s\u1ea3n ph\u1ea9m v\u00e0 d\u1ecbch v\u1ee5 kh\u00e1ch h\u00e0ng \u0111\u1ec3 \u0111\u1ea1t \u0111\u01b0\u1ee3c s\u1ef1 ho\u00e0n h\u1ea3o c\u1ee7a ho\u1ea1t \u0111\u1ed9ng li\u00ean ng\u00e0nh v\u00e0 v\u0129nh vi\u1ec5n cho kh\u00e1ch h\u00e0ng c\u1ee7a ch\u00fang t\u00f4i!<\/h5>\n<p>[\/vc_column_text][vc_empty_space height=&#8221;40px&#8221;][\/vc_column][\/vc_row][vc_row css=&#8221;.vc_custom_1529423030310{margin-bottom: 50px !important;background-color: #ffffff !important;}&#8221;][vc_column css_animation=&#8221;fadeInDown&#8221; width=&#8221;1\/3&#8243; nasa_effect=&#8221;fadeInDown&#8221;][vc_row_inner][vc_column_inner css=&#8221;.vc_custom_1529556679813{margin-top: 0px !important;margin-right: 80px !important;margin-bottom: 20px !important;margin-left: 80px !important;padding-top: 40px !important;padding-right: 20px !important;padding-bottom: 20px !important;padding-left: 20px !important;background-color: #83c7fc !important;border-radius: 15px !important;}&#8221;][vc_column_text css_animation=&#8221;fadeIn&#8221; css=&#8221;.vc_custom_1529556320059{padding-bottom: 10px !important;}&#8221;]<\/p>\n<h3 style=\"color: white; text-align: center;\"><strong>CULTURE<\/strong><\/h3>\n<p>[\/vc_column_text][vc_icon icon_fontawesome=&#8221;fa fa-handshake-o&#8221; color=&#8221;white&#8221; size=&#8221;xl&#8221; align=&#8221;center&#8221; css_animation=&#8221;fadeIn&#8221; css=&#8221;.vc_custom_1529556388420{padding-top: 10px !important;padding-right: 10px !important;padding-bottom: 10px !important;padding-left: 10px !important;}&#8221;][\/vc_column_inner][\/vc_row_inner][\/vc_column][vc_column css_animation=&#8221;fadeInDown&#8221; width=&#8221;2\/3&#8243; nasa_effect=&#8221;fadeInDown&#8221;][vc_column_text css_animation=&#8221;fadeIn&#8221;]<\/p>\n<h5 class=\"p1\"><span class=\"s1\">SHENTEK duy tr\u00ec nguy\u00ean t\u1eafc li\u00eam ch\u00ednh, tinh g\u1ecdn v\u00e0 \u0111\u1ed5i m\u1edbi k\u1ec3 t\u1eeb khi th\u00e0nh l\u1eadp v\u00e0 li\u00ean t\u1ee5c t\u1ea1o ra l\u1ef1c l\u01b0\u1ee3ng lao \u0111\u1ed9ng c\u00f3 tay ngh\u1ec1 cao, c\u1ea3i thi\u1ec7n hi\u1ec7u su\u1ea5t v\u00e0 kh\u1ea3 n\u0103ng t\u01b0\u01a1ng th\u00edch v\u00e0 nghi\u00ean c\u1ee9u v\u00e0 \u0111\u1ed5i m\u1edbi trong ph\u00e1t tri\u1ec3n \u0111\u1ec3 v\u01b0\u1ee3t qua nh\u1eefng th\u00e1ch th\u1ee9c m\u1edbi c\u1ee7a ng\u00e0nh CNTT.<\/span><\/h5>\n<h5 class=\"p1\"><span class=\"s1\">SHENTEK nh\u1ea5n m\u1ea1nh v\u00e0o tinh th\u1ea7n \u0111\u1ed3ng \u0111\u1ed9i b\u1eb1ng c\u00e1ch cung c\u1ea5p c\u00f4ng ngh\u1ec7 m\u1edbi nh\u1ea5t, d\u1ecbch v\u1ee5 sau b\u00e1n h\u00e0ng nhanh ch\u00f3ng v\u00e0 ho\u00e0n h\u1ea3o, v\u00e0 s\u1ea3n ph\u1ea9m ch\u1ea5t l\u01b0\u1ee3ng cao \u0111\u1ec3 \u0111\u00e1p \u1ee9ng ho\u00e0n to\u00e0n nhu c\u1ea7u c\u1ee7a kh\u00e1ch h\u00e0ng. SHENTEK c\u0169ng s\u1ebd ti\u1ebfp t\u1ee5c duy tr\u00ec s\u1ef1 \u0111\u1ed5i m\u1edbi c\u00f4ng ngh\u1ec7, \u0111\u1ea3m b\u1ea3o ch\u1ea5t l\u01b0\u1ee3ng v\u00e0 cung c\u1ea5p d\u1ecbch v\u1ee5 t\u1ed1t nh\u1ea5t cho b\u1ed9 \u0111i\u1ec1u h\u1ee3p ngo\u1ea1i vi CNTT, th\u1ebb b\u1ed5 tr\u1ee3 ho\u1eb7c b\u1ea5t k\u1ef3 s\u1ea3n ph\u1ea9m n\u00e0o kh\u00e1c c\u00f3 li\u00ean quan. SHENTEK lu\u00f4n \u0111\u1eb7t m\u1ee5c ti\u00eau ph\u00e1t tri\u1ec3n s\u1ea3n ph\u1ea9m h\u1ea1ng nh\u1ea5t v\u00e0 l\u1ea5y ho\u1ea1t \u0111\u1ed9ng v\u0129nh vi\u1ec5n c\u1ee7a c\u00f4ng ty l\u00e0m m\u1ee5c ti\u00eau cu\u1ed1i c\u00f9ng.<\/span><\/h5>\n<h5 class=\"p1\"><span class=\"s1\">\u0110i\u1ec1u quan tr\u1ecdng h\u01a1n l\u00e0 SHENTEK \u0111\u00e3 t\u00ecm ki\u1ebfm c\u00e1c m\u1ed1i quan h\u1ec7 \u0111\u1ed1i t\u00e1c l\u00e2u d\u00e0i c\u00f3 th\u1ec3 c\u00f9ng ph\u00e1t tri\u1ec3n trong th\u1ecb tr\u01b0\u1eddng CNTT v\u1edbi s\u1ef1 h\u1ed7 tr\u1ee3 l\u1eabn nhau. SHENTEK, ch\u00e0o m\u1eebng b\u1ea5t k\u1ef3 \u0111\u1ed1i t\u00e1c n\u00e0o mu\u1ed1n th\u1ef1c hi\u1ec7n k\u1ebft n\u1ed1i ho\u00e0n h\u1ea3o v\u00e0 tr\u1edf th\u00e0nh \u0111\u1eb3ng c\u1ea5p th\u1ebf gi\u1edbi ho\u1eb7c d\u1eabn \u0111\u1ea7u trong th\u1ecb tr\u01b0\u1eddng ngo\u1ea1i vi CNTT!<\/span><\/h5>\n<p>[\/vc_column_text][vc_empty_space height=&#8221;40px&#8221;][\/vc_column][\/vc_row]<\/p>\n","protected":false},"excerpt":{"rendered":"<p>[vc_row css_animation=&#8221;slideInDown&#8221; css=&#8221;.vc_custom_1529420940000{padding-top: 50px !important;padding-bottom: 50px !important;}&#8221;][vc_column width=&#8221;1\/2&#8243;][vc_single_image image=&#8221;651&#8243; img_size=&#8221;full&#8221;][\/vc_column][vc_column css_animation=&#8221;slideInDown&#8221; width=&#8221;1\/2&#8243; nasa_effect=&#8221;fadeIn&#8221; css=&#8221;.vc_custom_1529421071948{padding-top: 50px !important;padding-bottom: 50px !important;}&#8221;][vc_column_text css=&#8221;.vc_custom_1545371156556{padding-top: 30px !important;padding-bottom: 50px !important;}&#8221;] Shentek Technology CO., LTD l\u00e0 m\u1ed9t c\u00f4ng ty s\u1ea3n xu\u1ea5t v\u00e0 thi\u1ebft k\u1ebf \u0111\u1eb7t t\u1ea1i \u0110\u00e0i B\u1eafc \u0110\u00e0i Loan. Ch\u00fang t\u00f4i thi\u1ebft k\u1ebf ODM v\u00e0 th\u01b0\u01a1ng hi\u1ec7u c\u1ee7a Shentek C\u1ea3nh cho c\u00e1c [&hellip;]<\/p>\n","protected":false},"author":10,"featured_media":0,"parent":0,"menu_order":0,"comment_status":"closed","ping_status":"closed","template":"page-visual-composer.php","meta":{"footnotes":""},"yst_prominent_words":[],"_links":{"self":[{"href":"https:\/\/shentek.com\/vi\/wp-json\/wp\/v2\/pages\/9905"}],"collection":[{"href":"https:\/\/shentek.com\/vi\/wp-json\/wp\/v2\/pages"}],"about":[{"href":"https:\/\/shentek.com\/vi\/wp-json\/wp\/v2\/types\/page"}],"author":[{"embeddable":true,"href":"https:\/\/shentek.com\/vi\/wp-json\/wp\/v2\/users\/10"}],"replies":[{"embeddable":true,"href":"https:\/\/shentek.com\/vi\/wp-json\/wp\/v2\/comments?post=9905"}],"version-history":[{"count":0,"href":"https:\/\/shentek.com\/vi\/wp-json\/wp\/v2\/pages\/9905\/revisions"}],"wp:attachment":[{"href":"https:\/\/shentek.com\/vi\/wp-json\/wp\/v2\/media?parent=9905"}],"wp:term":[{"taxonomy":"yst_prominent_words","embeddable":true,"href":"https:\/\/shentek.com\/vi\/wp-json\/wp\/v2\/yst_prominent_words?post=9905"}],"curies":[{"name":"wp","href":"https:\/\/api.w.org\/{rel}","templated":true}]}}