{"id":10058,"date":"2018-08-14T09:33:01","date_gmt":"2018-08-14T01:33:01","guid":{"rendered":"http:\/\/www.shentek.com\/product\/parallel-1-port-pci-express-pcie-card-ecp-epp\/"},"modified":"2018-12-17T19:00:09","modified_gmt":"2018-12-17T11:00:09","slug":"song-song-1-port-pci-express-pcie-card-ecp-epp","status":"publish","type":"product","link":"https:\/\/shentek.com\/vi\/product\/song-song-1-port-pci-express-pcie-card-ecp-epp\/","title":{"rendered":"Song song 1 c\u1ed5ng PCI Express Th\u1ebb PCIe ECP EPP"},"content":{"rendered":"","protected":false},"excerpt":{"rendered":"<p>T\u00ednh n\u0103ng v\u00e0 l\u1ee3i \u00edch<\/p>\n<p>M\u1edf r\u1ed9ng 1 c\u1ed5ng Song song cho h\u1ec7 th\u1ed1ng c\u1ee7a b\u1ea1n<\/p>\n<p>Thi\u1ebft k\u1ebf \u0111\u1ec3 \u0111\u00e1p \u1ee9ng PCI Express 2.0 Gen 1<\/p>\n<p>H\u1ed7 tr\u1ee3 ng\u00f5 PCI Express x1, x2, x4, x8 v\u00e0 x16<\/p>\n<p>H\u1ed7 tr\u1ee3 \u0111\u1eb7c \u0111i\u1ec3m k\u1ef9 thu\u1eadt c\u00f4ng nghi\u1ec7p<\/p>\n<p>Song song &#8211; Ch\u1ebf \u0111\u1ed9 t\u01b0\u01a1ng th\u00edch, ch\u1ebf \u0111\u1ed9 Nibble, ch\u1ebf \u0111\u1ed9 Byte, ch\u1ebf \u0111\u1ed9 EPP v\u00e0 ch\u1ebf \u0111\u1ed9 ECP)<\/p>\n<p>16 gi\u1edd : Ch\u1ebf \u0111\u1ed9 EPP \/ ECP<\/p>\n<p>H\u1ed7 tr\u1ee3 Microsoft Windows, Linux<\/p>\n","protected":false},"featured_media":10061,"comment_status":"open","ping_status":"closed","template":"","meta":[],"product_cat":[1264,1319,1306],"product_tag":[1320,1308,1348,1364],"_links":{"self":[{"href":"https:\/\/shentek.com\/vi\/wp-json\/wp\/v2\/product\/10058"}],"collection":[{"href":"https:\/\/shentek.com\/vi\/wp-json\/wp\/v2\/product"}],"about":[{"href":"https:\/\/shentek.com\/vi\/wp-json\/wp\/v2\/types\/product"}],"replies":[{"embeddable":true,"href":"https:\/\/shentek.com\/vi\/wp-json\/wp\/v2\/comments?post=10058"}],"wp:featuredmedia":[{"embeddable":true,"href":"https:\/\/shentek.com\/vi\/wp-json\/wp\/v2\/media\/10061"}],"wp:attachment":[{"href":"https:\/\/shentek.com\/vi\/wp-json\/wp\/v2\/media?parent=10058"}],"wp:term":[{"taxonomy":"product_cat","embeddable":true,"href":"https:\/\/shentek.com\/vi\/wp-json\/wp\/v2\/product_cat?post=10058"},{"taxonomy":"product_tag","embeddable":true,"href":"https:\/\/shentek.com\/vi\/wp-json\/wp\/v2\/product_tag?post=10058"}],"curies":[{"name":"wp","href":"https:\/\/api.w.org\/{rel}","templated":true}]}}