{"id":10120,"date":"2018-08-14T16:44:27","date_gmt":"2018-08-14T08:44:27","guid":{"rendered":"http:\/\/www.shentek.com\/product\/usb-c-usb-3-0-usb-3-1-gen1-5g-pci-express-pcie-card\/"},"modified":"2018-12-18T00:07:12","modified_gmt":"2018-12-17T16:07:12","slug":"usb-c-usb-3-0-usb-3-1-gen1-5g-pci-express-pcie-card","status":"publish","type":"product","link":"https:\/\/shentek.com\/vi\/product\/usb-c-usb-3-0-usb-3-1-gen1-5g-pci-express-pcie-card\/","title":{"rendered":"USB-C USB 3.0 USB 3.1 GEN1 Th\u1ebb PCIe 5G PCI Express"},"content":{"rendered":"","protected":false},"excerpt":{"rendered":"<h3><span lang=\"EN-US\" style=\"margin: 0px; font-family: 'Arial', 'sans-serif'; font-size: 10pt;\"> <span style=\"color: #000000;\"> T\u00ednh n\u0103ng v\u00e0 l\u1ee3i \u00edch <\/span> <\/span><\/h3>\n<p><span lang=\"EN-US\" style=\"margin: 0px; font-family: 'Arial', 'sans-serif'; font-size: 10pt;\"> <span style=\"color: #000000;\"> M\u1edf r\u1ed9ng 2 c\u1ed5ng USB C cho h\u1ec7 th\u1ed1ng c\u1ee7a b\u1ea1n <\/span> <\/span><\/p>\n<p><span lang=\"EN-US\" style=\"margin: 0px; font-family: 'Arial', 'sans-serif'; font-size: 10pt;\"> <span style=\"color: #000000;\"> T\u1ed1c \u0111\u1ed9 truy\u1ec1n t\u1ed1c \u0111\u1ed9 cao l\u00ean t\u1edbi 5Gbs <\/span> <\/span><\/p>\n<p><span lang=\"EN-US\" style=\"margin: 0px; font-family: 'Arial', 'sans-serif'; font-size: 10pt;\"> <span style=\"color: #000000;\"> Thi\u1ebft k\u1ebf \u0111\u1ec3 \u0111\u00e1p \u1ee9ng PCI Express 3.0 Gen 1 <\/span> <\/span><\/p>\n<p><span lang=\"EN-US\" style=\"margin: 0px; font-family: 'Arial', 'sans-serif'; font-size: 10pt;\"> <span style=\"color: #000000;\"> H\u1ed7 tr\u1ee3 PCI Express x1, x2, x4, x8 v\u00e0 x16 Lane <\/span> <\/span><\/p>\n<p><span lang=\"EN-US\" style=\"margin: 0px; font-family: 'Arial', 'sans-serif'; font-size: 10pt;\"> <span style=\"color: #000000;\"> Tu\u00e2n th\u1ee7 Universal Bus Bus USB3.0 (c\u0169ng g\u1ecdi USB 3.1 GEN 1) Th\u00f4ng s\u1ed1 k\u1ef9 thu\u1eadt S\u1eeda \u0111\u1ed5i 1.0 <\/span> <\/span><\/p>\n<p><span lang=\"EN-US\" style=\"margin: 0px; font-family: 'Arial', 'sans-serif'; font-size: 10pt;\"> <span style=\"color: #000000;\"> Tu\u00e2n th\u1ee7 xHCI (Giao di\u1ec7n b\u1ed9 \u0111i\u1ec1u khi\u1ec3n m\u00e1y ch\u1ee7 eXtensible) Th\u00f4ng s\u1ed1 s\u1eeda \u0111\u1ed5i 0.96 <\/span> <\/span><\/p>\n<p><span lang=\"EN-US\" style=\"margin: 0px; font-family: 'Arial', 'sans-serif'; font-size: 10pt;\"> <span style=\"color: #000000;\"> H\u1ed7 tr\u1ee3 ho\u1ea1t \u0111\u1ed9ng \u0111\u1ed3ng th\u1eddi c\u1ee7a nhi\u1ec1u USB3.0 (c\u0169ng g\u1ecdi c\u00e1c thi\u1ebft b\u1ecb USB 3.1 GEN 1), USB 2.0 v\u00e0 USB 1.1 <\/span> <\/span><\/p>\n<p><span lang=\"EN-US\" style=\"margin: 0px; font-family: 'Arial', 'sans-serif'; font-size: 10pt;\"> <span style=\"color: #000000;\"> H\u1ed7 tr\u1ee3 t\u1ed1c \u0111\u1ed9 truy\u1ec1n d\u1eef li\u1ec7u USB 1,5 \/ 12\/480\/5000 Mbps <\/span> <\/span><\/p>\n<p><span lang=\"EN-US\" style=\"margin: 0px; font-family: 'Arial', 'sans-serif'; font-size: 10pt;\"> <span style=\"color: #000000;\"> M\u1edf r\u1ed9ng 2 b\u00ean ngo\u00e0i USB3.0 (c\u0169ng g\u1ecdi USB 3.1 GEN 1) C\u1ed5ng si\u00eau t\u1ed1c cho h\u1ec7 th\u1ed1ng m\u00e1y t\u00ednh \u0111\u1ec3 b\u00e0n c\u1ee7a b\u1ea1n <\/span> <\/span><\/p>\n<p><span lang=\"EN-US\" style=\"margin: 0px; font-family: 'Arial', 'sans-serif'; font-size: 10pt;\"> <span style=\"color: #000000;\"> M\u1ed7i \u0111\u1ea7u ra c\u1ed5ng USB c\u00f3 c\u00f4ng su\u1ea5t l\u00ean t\u1edbi 5V 900ma cho thi\u1ebft b\u1ecb USB <\/span> <\/span><\/p>\n<p><span lang=\"EN-US\" style=\"margin: 0px; font-family: 'Arial', 'sans-serif'; font-size: 10pt;\"> <span style=\"color: #000000;\"> T\u00ednh n\u0103ng Ho\u00e1n \u0111\u1ed5i n\u00f3ng cho ph\u00e9p b\u1ea1n k\u1ebft n\u1ed1i \/ ng\u1eaft k\u1ebft n\u1ed1i thi\u1ebft b\u1ecb <\/span> <\/span><\/p>\n<p><span lang=\"EN-US\" style=\"margin: 0px; font-family: 'Arial', 'sans-serif'; font-size: 10pt;\"> <span style=\"color: #000000;\"> Microsoft WHQL ph\u00ea duy\u1ec7t <\/span> <\/span><\/p>\n<p><span lang=\"EN-US\" style=\"margin: 0px; font-family: 'Arial', 'sans-serif'; font-size: 10pt;\"> <span style=\"color: #000000;\"> H\u1ed7 tr\u1ee3 Tr\u00ecnh \u0111i\u1ec1u khi\u1ec3n cho Microsoft Windows <\/span> <\/span><\/p>\n","protected":false},"featured_media":10121,"comment_status":"open","ping_status":"closed","template":"","meta":[],"product_cat":[1264,1333,1314],"product_tag":[1320,1324,1340,1335,1334],"_links":{"self":[{"href":"https:\/\/shentek.com\/vi\/wp-json\/wp\/v2\/product\/10120"}],"collection":[{"href":"https:\/\/shentek.com\/vi\/wp-json\/wp\/v2\/product"}],"about":[{"href":"https:\/\/shentek.com\/vi\/wp-json\/wp\/v2\/types\/product"}],"replies":[{"embeddable":true,"href":"https:\/\/shentek.com\/vi\/wp-json\/wp\/v2\/comments?post=10120"}],"wp:featuredmedia":[{"embeddable":true,"href":"https:\/\/shentek.com\/vi\/wp-json\/wp\/v2\/media\/10121"}],"wp:attachment":[{"href":"https:\/\/shentek.com\/vi\/wp-json\/wp\/v2\/media?parent=10120"}],"wp:term":[{"taxonomy":"product_cat","embeddable":true,"href":"https:\/\/shentek.com\/vi\/wp-json\/wp\/v2\/product_cat?post=10120"},{"taxonomy":"product_tag","embeddable":true,"href":"https:\/\/shentek.com\/vi\/wp-json\/wp\/v2\/product_tag?post=10120"}],"curies":[{"name":"wp","href":"https:\/\/api.w.org\/{rel}","templated":true}]}}