{"id":10266,"date":"2018-08-14T14:43:35","date_gmt":"2018-08-14T06:43:35","guid":{"rendered":"http:\/\/www.shentek.com\/product\/2-port-power-esatap-usb-2-0-sata-pcie-card\/"},"modified":"2018-12-18T23:26:31","modified_gmt":"2018-12-18T15:26:31","slug":"2-port-power-esatap-usb-2-0-sata-pcie-card","status":"publish","type":"product","link":"https:\/\/shentek.com\/vi\/product\/2-port-power-esatap-usb-2-0-sata-pcie-card\/","title":{"rendered":"2 c\u1ed5ng Power eSATAp USB 2.0 Th\u1ebb PCIe SATA"},"content":{"rendered":"","protected":false},"excerpt":{"rendered":"<p><span lang=\"EN-US\" style=\"margin: 0px; font-family: 'Arial', 'sans-serif'; font-size: 10pt;\"> <span style=\"color: #000000;\"> C\u00e1c t\u00ednh n\u0103ng v\u00e0 l\u1ee3i \u00edch <\/span> <\/span><\/p>\n<p><span lang=\"EN-US\" style=\"margin: 0px; font-family: 'Arial', 'sans-serif'; font-size: 10pt;\"> <span style=\"color: #000000;\"> M\u1edf r\u1ed9ng 2 c\u1ed5ng eSATAp ho\u1eb7c USB2.0 cho h\u1ec7 th\u1ed1ng c\u1ee7a b\u1ea1n <\/span> <\/span><\/p>\n<p><span lang=\"EN-US\" style=\"margin: 0px; font-family: 'Arial', 'sans-serif'; font-size: 10pt;\"> <span style=\"color: #000000;\"> T\u1ed1c \u0111\u1ed9 truy\u1ec1n l\u00ean t\u1edbi 3Gbps cho c\u1ed5ng SATA, 480Mbps cho c\u1ed5ng USB2.0 <\/span> <\/span><\/p>\n<p><span lang=\"EN-US\" style=\"margin: 0px; font-family: 'Arial', 'sans-serif'; font-size: 10pt;\"> <span style=\"color: #000000;\"> Thi\u1ebft k\u1ebf \u0111\u1ec3 \u0111\u00e1p \u1ee9ng PCI Express 2.0 Gen 1 <\/span> <\/span><\/p>\n<p><span lang=\"EN-US\" style=\"margin: 0px; font-family: 'Arial', 'sans-serif'; font-size: 10pt;\"> <span style=\"color: #000000;\"> Xe bu\u00fdt PCI Express x 1 x2, x4, x8 v\u00e0 x 16 l\u00e0n <\/span> <\/span><\/p>\n<p><span lang=\"EN-US\" style=\"margin: 0px; font-family: 'Arial', 'sans-serif'; font-size: 10pt;\"> <span style=\"color: #000000;\"> H\u1ed7 tr\u1ee3 ngu\u1ed3n 5V \/ 12V t\u1eeb \u0111\u1ea7u n\u1ed1i Power eSATAp <\/span> <\/span><\/p>\n<p><span lang=\"EN-US\" style=\"margin: 0px; font-family: 'Arial', 'sans-serif'; font-size: 10pt;\"> <span style=\"color: #000000;\"> H\u1ed7 tr\u1ee3 Windows, Linux v\u00e0 Mac <\/span> <\/span><\/p>\n<p><span lang=\"EN-US\" style=\"margin: 0px; font-family: 'Arial', 'sans-serif'; font-size: 10pt;\"> <span style=\"color: #000000;\"> Ph\u1ea7n m\u1ec1m Raid 0, 1, 5 v\u00e0 10, c\u0169ng kh\u00f4ng h\u1ed7 tr\u1ee3 Raid FW <\/span> <\/span><\/p>\n","protected":false},"featured_media":10267,"comment_status":"open","ping_status":"closed","template":"","meta":[],"product_cat":[1264,1298,1299],"product_tag":[1320,1324,1322,1323],"_links":{"self":[{"href":"https:\/\/shentek.com\/vi\/wp-json\/wp\/v2\/product\/10266"}],"collection":[{"href":"https:\/\/shentek.com\/vi\/wp-json\/wp\/v2\/product"}],"about":[{"href":"https:\/\/shentek.com\/vi\/wp-json\/wp\/v2\/types\/product"}],"replies":[{"embeddable":true,"href":"https:\/\/shentek.com\/vi\/wp-json\/wp\/v2\/comments?post=10266"}],"wp:featuredmedia":[{"embeddable":true,"href":"https:\/\/shentek.com\/vi\/wp-json\/wp\/v2\/media\/10267"}],"wp:attachment":[{"href":"https:\/\/shentek.com\/vi\/wp-json\/wp\/v2\/media?parent=10266"}],"wp:term":[{"taxonomy":"product_cat","embeddable":true,"href":"https:\/\/shentek.com\/vi\/wp-json\/wp\/v2\/product_cat?post=10266"},{"taxonomy":"product_tag","embeddable":true,"href":"https:\/\/shentek.com\/vi\/wp-json\/wp\/v2\/product_tag?post=10266"}],"curies":[{"name":"wp","href":"https:\/\/api.w.org\/{rel}","templated":true}]}}