{"id":10271,"date":"2018-08-14T14:38:08","date_gmt":"2018-08-14T06:38:08","guid":{"rendered":"http:\/\/www.shentek.com\/product\/serial-com-1-rs232-port-pcie-card-driver-windows-10\/"},"modified":"2018-12-18T23:37:58","modified_gmt":"2018-12-18T15:37:58","slug":"noi-tiep-com-1-rs232-port-pcie-card-driver-windows-10","status":"publish","type":"product","link":"https:\/\/shentek.com\/vi\/product\/noi-tiep-com-1-rs232-port-pcie-card-driver-windows-10\/","title":{"rendered":"n\u1ed1i ti\u1ebfp com 1 c\u1ed5ng RS232 Tr\u00ecnh \u0111i\u1ec1u khi\u1ec3n th\u1ebb PCIe Windows 10"},"content":{"rendered":"","protected":false},"excerpt":{"rendered":"<h3><span style=\"font-weight: 400;\"> C\u00e1c t\u00ednh n\u0103ng v\u00e0 l\u1ee3i \u00edch <\/span><\/h3>\n<p><span style=\"font-weight: 400;\"> M\u1edf r\u1ed9ng 1 c\u1ed5ng com cho h\u1ec7 th\u1ed1ng c\u1ee7a b\u1ea1n <\/span><\/p>\n<p><span style=\"font-weight: 400;\"> T\u1ed1c \u0111\u1ed9 truy\u1ec1n t\u1ed1c \u0111\u1ed9 cao l\u00ean t\u1edbi 921,6Kbps <\/span><\/p>\n<p><span style=\"font-weight: 400;\"> Thi\u1ebft k\u1ebf \u0111\u1ec3 \u0111\u00e1p \u1ee9ng tu\u00e2n th\u1ee7 PCI Express 2.0 Gen 1 <\/span><\/p>\n<p><span style=\"font-weight: 400;\"> H\u1ed7 tr\u1ee3 PCI Express x1, x2, x4, x8 v\u00e0 x16 Lane <\/span><\/p>\n<p><span style=\"font-weight: 400;\"> B\u1ea3o v\u1ec7 ESD 15KV t\u00edch h\u1ee3p <\/span><\/p>\n<p><span style=\"font-weight: 400;\"> H\u1ed7 tr\u1ee3 \u0110\u1eb7c t\u1ea3 c\u00f4ng nghi\u1ec7p <\/span><\/p>\n<p><span style=\"font-weight: 400;\"> 256 byte FIFOs <\/span><\/p>\n<p><span style=\"font-weight: 400;\"> H\u1ed7 tr\u1ee3 5V \/ 12V \/ RI C\u00f3 th\u1ec3 l\u1ef1a ch\u1ecdn <\/span><\/p>\n<p><span style=\"font-weight: 400;\"> H\u1ed7 tr\u1ee3 tr\u00ecnh \u0111i\u1ec1u khi\u1ec3n Microsoft Windows, Linux v\u00e0 QNX <\/span><\/p>\n","protected":false},"featured_media":10272,"comment_status":"open","ping_status":"closed","template":"","meta":[],"product_cat":[1264,1319,1306],"product_tag":[1320,1324,1322,1323],"_links":{"self":[{"href":"https:\/\/shentek.com\/vi\/wp-json\/wp\/v2\/product\/10271"}],"collection":[{"href":"https:\/\/shentek.com\/vi\/wp-json\/wp\/v2\/product"}],"about":[{"href":"https:\/\/shentek.com\/vi\/wp-json\/wp\/v2\/types\/product"}],"replies":[{"embeddable":true,"href":"https:\/\/shentek.com\/vi\/wp-json\/wp\/v2\/comments?post=10271"}],"wp:featuredmedia":[{"embeddable":true,"href":"https:\/\/shentek.com\/vi\/wp-json\/wp\/v2\/media\/10272"}],"wp:attachment":[{"href":"https:\/\/shentek.com\/vi\/wp-json\/wp\/v2\/media?parent=10271"}],"wp:term":[{"taxonomy":"product_cat","embeddable":true,"href":"https:\/\/shentek.com\/vi\/wp-json\/wp\/v2\/product_cat?post=10271"},{"taxonomy":"product_tag","embeddable":true,"href":"https:\/\/shentek.com\/vi\/wp-json\/wp\/v2\/product_tag?post=10271"}],"curies":[{"name":"wp","href":"https:\/\/api.w.org\/{rel}","templated":true}]}}