{"id":9244,"date":"2018-08-17T16:57:26","date_gmt":"2018-08-17T08:57:26","guid":{"rendered":"http:\/\/www.shentek.com\/product\/unmanaged-switch-8-port-10-100-etherenet-with-compact\/"},"modified":"2018-12-05T16:36:36","modified_gmt":"2018-12-05T08:36:36","slug":"unmanaged-switch-8-port-10-100-ethernet-voi-nho-gon","status":"publish","type":"product","link":"https:\/\/shentek.com\/vi\/product\/unmanaged-switch-8-port-10-100-ethernet-voi-nho-gon\/","title":{"rendered":"Switch 8 c\u1ed5ng 10 100 Ethernet kh\u00f4ng \u0111\u01b0\u1ee3c qu\u1ea3n l\u00fd v\u1edbi Compact"},"content":{"rendered":"","protected":false},"excerpt":{"rendered":"<p><span lang=\"EN-US\" style=\"margin: 0px; font-family: 'Arial', 'sans-serif'; font-size: 10pt;\"> <span style=\"color: #000000;\"> T\u00ednh n\u0103ng v\u00e0 l\u1ee3i \u00edch <\/span> <\/span><\/p>\n<p>&nbsp;<\/p>\n<p><span lang=\"EN-US\" style=\"margin: 0px; font-family: 'Arial', 'sans-serif'; font-size: 10pt;\"> <span style=\"color: #000000;\"> H\u1ed7 tr\u1ee3 d\u00f2ng ch\u1ea3y contril cho full duplex v\u00e0 half duplex <\/span> <\/span><\/p>\n<p><span lang=\"EN-US\" style=\"margin: 0px; font-family: 'Arial', 'sans-serif'; font-size: 10pt;\"> <span style=\"color: #000000;\"> H\u1ed7 tr\u1ee3 \u0111\u1ecba ch\u1ec9 MAC 1K <\/span> <\/span><\/p>\n<p><span lang=\"EN-US\" style=\"margin: 0px; font-family: 'Arial', 'sans-serif'; font-size: 10pt;\"> <span style=\"color: #000000;\"> \u0110\u00e3 nh\u00fang b\u1ed9 \u0111\u1ec7m g\u00f3i bit 448K <\/span> <\/span><\/p>\n<p><span lang=\"EN-US\" style=\"margin: 0px; font-family: 'Arial', 'sans-serif'; font-size: 10pt;\"> <span style=\"color: #000000;\"> 8 c\u1ed5ng B\u1ed9 \u0111i\u1ec1u khi\u1ec3n chuy\u1ec3n \u0111\u1ed5i 10\/100 nh\u00fang <\/span> <\/span><\/p>\n<p><span lang=\"EN-US\" style=\"margin: 0px; font-family: 'Arial', 'sans-serif'; font-size: 10pt;\"> <span style=\"color: #000000;\"> H\u1ed7 tr\u1ee3 ch\u1ee9c n\u0103ng Auto MDI \/ MDIX <\/span> <\/span><\/p>\n<p><span lang=\"EN-US\" style=\"margin: 0px; font-family: 'Arial', 'sans-serif'; font-size: 10pt;\"> <span style=\"color: #000000;\"> H\u1ed7 tr\u1ee3 \u0111\u1ed9 d\u00e0i g\u00f3i chuy\u1ec3n ti\u1ebfp t\u1ed1i \u0111a 1536 byte <\/span> <\/span><\/p>\n<p><span lang=\"EN-US\" style=\"margin: 0px; font-family: 'Arial', 'sans-serif'; font-size: 10pt;\"> <span style=\"color: #000000;\"> H\u1ed7 tr\u1ee3 l\u01b0u tr\u1eef v\u00e0 chuy\u1ec3n ti\u1ebfp <\/span> <\/span><\/p>\n<p><span lang=\"EN-US\" style=\"margin: 0px; font-family: 'Arial', 'sans-serif'; font-size: 10pt;\"> <span style=\"color: #000000;\"> H\u1ed7 tr\u1ee3 ki\u1ec3m so\u00e1t lu\u1ed3ng <\/span> <\/span><\/p>\n<p><span lang=\"EN-US\" style=\"margin: 0px; font-family: 'Arial', 'sans-serif'; font-size: 10pt;\"> <span style=\"color: #000000;\"> H\u1ed7 tr\u1ee3 TB 3pin 5.08mm v\u00e0 \u0111\u1ea7u v\u00e0o ngu\u1ed3n DC Jack <\/span> <\/span><\/p>\n<p><span lang=\"EN-US\" style=\"margin: 0px; font-family: 'Arial', 'sans-serif'; font-size: 10pt;\"> <span style=\"color: #000000;\"> Din Rail <\/span> <\/span><\/p>\n<p><span lang=\"EN-US\" style=\"margin: 0px; font-family: 'Arial', 'sans-serif'; font-size: 10pt;\"> <span style=\"color: #000000;\"> Thi\u1ebft k\u1ebf v\u1ecf c\u1ee9ng IP-30 <\/span> <\/span><\/p>\n","protected":false},"featured_media":9245,"comment_status":"open","ping_status":"closed","template":"","meta":[],"product_cat":[1264,1266,1267],"product_tag":[1268,1257,1259,1274,1263],"_links":{"self":[{"href":"https:\/\/shentek.com\/vi\/wp-json\/wp\/v2\/product\/9244"}],"collection":[{"href":"https:\/\/shentek.com\/vi\/wp-json\/wp\/v2\/product"}],"about":[{"href":"https:\/\/shentek.com\/vi\/wp-json\/wp\/v2\/types\/product"}],"replies":[{"embeddable":true,"href":"https:\/\/shentek.com\/vi\/wp-json\/wp\/v2\/comments?post=9244"}],"wp:featuredmedia":[{"embeddable":true,"href":"https:\/\/shentek.com\/vi\/wp-json\/wp\/v2\/media\/9245"}],"wp:attachment":[{"href":"https:\/\/shentek.com\/vi\/wp-json\/wp\/v2\/media?parent=9244"}],"wp:term":[{"taxonomy":"product_cat","embeddable":true,"href":"https:\/\/shentek.com\/vi\/wp-json\/wp\/v2\/product_cat?post=9244"},{"taxonomy":"product_tag","embeddable":true,"href":"https:\/\/shentek.com\/vi\/wp-json\/wp\/v2\/product_tag?post=9244"}],"curies":[{"name":"wp","href":"https:\/\/api.w.org\/{rel}","templated":true}]}}