{"id":9246,"date":"2018-08-17T16:54:01","date_gmt":"2018-08-17T08:54:01","guid":{"rendered":"http:\/\/www.shentek.com\/product\/industrial-metal-case-10-100basetx-to-100basefx-with-sfp-connector-din-rail-wall-mount-kit\/"},"modified":"2018-12-05T16:40:25","modified_gmt":"2018-12-05T08:40:25","slug":"cong-nghiep-kim-loai-truong-hop-10-100basetx-to-100basefx-voi-sfp-noi-din-rail-wall-mount-kit","status":"publish","type":"product","link":"https:\/\/shentek.com\/vi\/product\/cong-nghiep-kim-loai-truong-hop-10-100basetx-to-100basefx-voi-sfp-noi-din-rail-wall-mount-kit\/","title":{"rendered":"V\u1ecf kim lo\u1ea1i c\u00f4ng nghi\u1ec7p 10 \/ 100BaseT (X) t\u1edbi 100BaseFX v\u1edbi \u0111\u1ea7u n\u1ed1i SFP B\u1ed9 t\u01b0\u1eddng Din Rail Wall Mount"},"content":{"rendered":"","protected":false},"excerpt":{"rendered":"<p><span lang=\"EN-US\" style=\"margin: 0px; font-family: 'Arial', 'sans-serif'; font-size: 10pt;\"> <span style=\"color: #000000;\"> T\u00ednh n\u0103ng v\u00e0 l\u1ee3i \u00edch <\/span> <\/span><\/p>\n<p>&nbsp;<\/p>\n<p><span lang=\"EN-US\" style=\"margin: 0px; font-family: 'Arial', 'sans-serif'; font-size: 10pt;\"> <span style=\"color: #000000;\"> 10 \/ 100BaseT (X) T\u1ef1 \u0111\u1ed9ng \u0111\u00e0m ph\u00e1n v\u00e0 T\u1ef1 \u0111\u1ed9ng MDI \/ MDI-X, <\/span> <\/span><\/p>\n<p><span lang=\"EN-US\" style=\"margin: 0px; font-family: 'Arial', 'sans-serif'; font-size: 10pt;\"> <span style=\"color: #000000;\"> -40 \u0111\u1ebfn 75 \u0111\u1ed9 C ph\u1ea1m vi nhi\u1ec7t \u0111\u1ed9 ho\u1ea1t \u0111\u1ed9ng <\/span> <\/span><\/p>\n<p><span lang=\"EN-US\" style=\"margin: 0px; font-family: 'Arial', 'sans-serif'; font-size: 10pt;\"> <span style=\"color: #000000;\"> C\u00e0i \u0111\u1eb7t: DIN Rail g\u1eafn <\/span> <\/span><\/p>\n","protected":false},"featured_media":9247,"comment_status":"open","ping_status":"closed","template":"","meta":[],"product_cat":[1264,1267],"product_tag":[1268,1256,1257,1258,1259,1276,1263],"_links":{"self":[{"href":"https:\/\/shentek.com\/vi\/wp-json\/wp\/v2\/product\/9246"}],"collection":[{"href":"https:\/\/shentek.com\/vi\/wp-json\/wp\/v2\/product"}],"about":[{"href":"https:\/\/shentek.com\/vi\/wp-json\/wp\/v2\/types\/product"}],"replies":[{"embeddable":true,"href":"https:\/\/shentek.com\/vi\/wp-json\/wp\/v2\/comments?post=9246"}],"wp:featuredmedia":[{"embeddable":true,"href":"https:\/\/shentek.com\/vi\/wp-json\/wp\/v2\/media\/9247"}],"wp:attachment":[{"href":"https:\/\/shentek.com\/vi\/wp-json\/wp\/v2\/media?parent=9246"}],"wp:term":[{"taxonomy":"product_cat","embeddable":true,"href":"https:\/\/shentek.com\/vi\/wp-json\/wp\/v2\/product_cat?post=9246"},{"taxonomy":"product_tag","embeddable":true,"href":"https:\/\/shentek.com\/vi\/wp-json\/wp\/v2\/product_tag?post=9246"}],"curies":[{"name":"wp","href":"https:\/\/api.w.org\/{rel}","templated":true}]}}