{"id":9290,"date":"2018-08-17T16:06:34","date_gmt":"2018-08-17T08:06:34","guid":{"rendered":"http:\/\/www.shentek.com\/product\/ftdi-usb-to-1-port-rs232-rs422-rs485-adapter-isolation\/"},"modified":"2018-12-05T17:59:08","modified_gmt":"2018-12-05T09:59:08","slug":"ftdi-usb-to-1-port-rs232-rs422-rs485-bo-chuyen-doi-co-lap","status":"publish","type":"product","link":"https:\/\/shentek.com\/vi\/product\/ftdi-usb-to-1-port-rs232-rs422-rs485-bo-chuyen-doi-co-lap\/","title":{"rendered":"FTDI USB \u0111\u1ebfn 1 c\u1ed5ng RS232 RS422 RS485 Adapter c\u00e1ch ly"},"content":{"rendered":"","protected":false},"excerpt":{"rendered":"<p><span lang=\"EN-US\" style=\"margin: 0px; font-family: 'Arial', 'sans-serif'; font-size: 10pt;\"> <span style=\"color: #000000;\"> T\u00ednh n\u0103ng v\u00e0 l\u1ee3i \u00edch <\/span> <\/span><\/p>\n<p><span lang=\"EN-US\" style=\"margin: 0px; font-family: 'Arial', 'sans-serif'; font-size: 10pt;\"> <span style=\"color: #000000;\"> M\u1edf r\u1ed9ng 1 c\u1ed5ng com RS-232 ho\u1eb7c RS422 ho\u1eb7c RS485 cho h\u1ec7 th\u1ed1ng c\u1ee7a b\u1ea1n <\/span> <\/span><\/p>\n<p><span lang=\"EN-US\" style=\"margin: 0px; font-family: 'Arial', 'sans-serif'; font-size: 10pt;\"> <span style=\"color: #000000;\"> T\u1ed1c \u0111\u1ed9 truy\u1ec1n t\u1ed1c \u0111\u1ed9 cao l\u00ean t\u1edbi 921,6Kbps <\/span> <\/span><\/p>\n<p><span lang=\"EN-US\" style=\"margin: 0px; font-family: 'Arial', 'sans-serif'; font-size: 10pt;\"> <span style=\"color: #000000;\"> T\u01b0\u01a1ng th\u00edch USB 1.0 \/ 1.1, T\u01b0\u01a1ng th\u00edch t\u1ed1c \u0111\u1ed9 USB 2.0 <\/span> <\/span><\/p>\n<p><span lang=\"EN-US\" style=\"margin: 0px; font-family: 'Arial', 'sans-serif'; font-size: 10pt;\"> <span style=\"color: #000000;\"> T\u1ed1c \u0111\u1ed9 d\u1eef li\u1ec7u USB 12Mbps <\/span> <\/span><\/p>\n<p><span lang=\"EN-US\" style=\"margin: 0px; font-family: 'Arial', 'sans-serif'; font-size: 10pt;\"> <span style=\"color: #000000;\"> H\u1ed7 tr\u1ee3 \u0111\u00e8n LED nh\u1eadn v\u00e0 truy\u1ec1n <\/span> <\/span><\/p>\n<p><span lang=\"EN-US\" style=\"margin: 0px; font-family: 'Arial', 'sans-serif'; font-size: 10pt;\"> <span style=\"color: #000000;\"> T\u00edch h\u1ee3p b\u1ea3o v\u1ec7 ESD 15KV cho t\u1ea5t c\u1ea3 c\u1ed5ng RS-232 <\/span> <\/span><\/p>\n<p><span lang=\"EN-US\" style=\"margin: 0px; font-family: 'Arial', 'sans-serif'; font-size: 10pt;\"> <span style=\"color: #000000;\"> H\u1ed7 tr\u1ee3 \u0111\u1eb7c \u0111i\u1ec3m k\u1ef9 thu\u1eadt c\u00f4ng nghi\u1ec7p <\/span> <\/span><\/p>\n<p><span lang=\"EN-US\" style=\"margin: 0px; font-family: 'Arial', 'sans-serif'; font-size: 10pt;\"> <span style=\"color: #000000;\"> B\u1ed9 \u0111\u1ec7m TX 128 byte v\u00e0 b\u1ed9 \u0111\u1ec7m RX 256 byte <\/span> <\/span><\/p>\n<p><span lang=\"EN-US\" style=\"margin: 0px; font-family: 'Arial', 'sans-serif'; font-size: 10pt;\"> <span style=\"color: #000000;\"> H\u1ed7 tr\u1ee3 c\u00e1c tr\u00ecnh \u0111i\u1ec1u khi\u1ec3n Microsoft Windows, Linux v\u00e0 MAC <\/span> <\/span><\/p>\n<p><span lang=\"EN-US\" style=\"margin: 0px; font-family: 'Arial', 'sans-serif'; font-size: 10pt;\"> <span style=\"color: #000000;\"> T\u00edn hi\u1ec7u ch\u1ed1ng s\u00e9t 500422\/485 600W <\/span> <\/span><\/p>\n<p><span lang=\"EN-US\" style=\"margin: 0px; font-family: 'Arial', 'sans-serif'; font-size: 10pt;\"> <span style=\"color: #000000;\"> T\u1ed1i \u0111a 10 k\u1ebft n\u1ed1i thi\u1ebft b\u1ecb cho ch\u1ebf \u0111\u1ed9 \u0111a th\u1ea3 RS422 <\/span> <\/span><\/p>\n<p><span lang=\"EN-US\" style=\"margin: 0px; font-family: 'Arial', 'sans-serif'; font-size: 10pt;\"> <span style=\"color: #000000;\"> T\u1ed1i \u0111a 32 thi\u1ebft b\u1ecb k\u1ebft n\u1ed1i cho ch\u1ebf \u0111\u1ed9 RS485 <\/span> <\/span><\/p>\n<p><span lang=\"EN-US\" style=\"margin: 0px; font-family: 'Arial', 'sans-serif'; font-size: 10pt;\"> <span style=\"color: #000000;\"> D\u1ec5 d\u00e0ng s\u1eed d\u1ee5ng c\u00e0i \u0111\u1eb7t C\u00f4ng t\u1eafc Dip \u0111\u1ec3 ch\u1ecdn ch\u1ebf \u0111\u1ed9 RS232 \/ 422\/485 <\/span> <\/span><\/p>\n<p><span lang=\"EN-US\" style=\"margin: 0px; font-family: 'Arial', 'sans-serif'; font-size: 10pt;\"> <span style=\"color: #000000;\"> T\u1ef1 \u0111\u1ed9ng chuy\u1ec3n \u0111\u1ed5i b\u1eb1ng ph\u1ea7n c\u1ee9ng RS485 2W v\u00e0 RS485 4W (ch\u1ebf \u0111\u1ed9 Multi-Drop RS422) <\/span> <\/span><\/p>\n","protected":false},"featured_media":9291,"comment_status":"open","ping_status":"closed","template":"","meta":[],"product_cat":[1278,1255,1264,1282,1283],"product_tag":[1279,1257,1285,1260,1261,1262,1286,1263],"_links":{"self":[{"href":"https:\/\/shentek.com\/vi\/wp-json\/wp\/v2\/product\/9290"}],"collection":[{"href":"https:\/\/shentek.com\/vi\/wp-json\/wp\/v2\/product"}],"about":[{"href":"https:\/\/shentek.com\/vi\/wp-json\/wp\/v2\/types\/product"}],"replies":[{"embeddable":true,"href":"https:\/\/shentek.com\/vi\/wp-json\/wp\/v2\/comments?post=9290"}],"wp:featuredmedia":[{"embeddable":true,"href":"https:\/\/shentek.com\/vi\/wp-json\/wp\/v2\/media\/9291"}],"wp:attachment":[{"href":"https:\/\/shentek.com\/vi\/wp-json\/wp\/v2\/media?parent=9290"}],"wp:term":[{"taxonomy":"product_cat","embeddable":true,"href":"https:\/\/shentek.com\/vi\/wp-json\/wp\/v2\/product_cat?post=9290"},{"taxonomy":"product_tag","embeddable":true,"href":"https:\/\/shentek.com\/vi\/wp-json\/wp\/v2\/product_tag?post=9290"}],"curies":[{"name":"wp","href":"https:\/\/api.w.org\/{rel}","templated":true}]}}