{"id":9292,"date":"2018-08-17T16:01:40","date_gmt":"2018-08-17T08:01:40","guid":{"rendered":"http:\/\/www.shentek.com\/product\/1-port-serial-rs-232-device-server-over-ip-ethernet-with-din-rail-wall-mount-kit\/"},"modified":"2018-12-05T18:04:24","modified_gmt":"2018-12-05T10:04:24","slug":"1-port-serial-rs-232-thiet-bi-server-over-ip-ethernet-voi-din-rail-wall-mount-kit","status":"publish","type":"product","link":"https:\/\/shentek.com\/vi\/product\/1-port-serial-rs-232-thiet-bi-server-over-ip-ethernet-voi-din-rail-wall-mount-kit\/","title":{"rendered":"M\u00e1y ch\u1ee7 thi\u1ebft b\u1ecb n\u1ed1i ti\u1ebfp RS232 qua IP Ethernet"},"content":{"rendered":"","protected":false},"excerpt":{"rendered":"<p><span lang=\"EN-US\" style=\"margin: 0px; font-family: 'Arial', 'sans-serif'; font-size: 10pt;\"> <span style=\"color: #000000;\"> T\u00ednh n\u0103ng v\u00e0 l\u1ee3i \u00edch <\/span> <\/span><\/p>\n<p><span lang=\"EN-US\" style=\"margin: 0px; font-family: 'Arial', 'sans-serif'; font-size: 10pt;\"> <span style=\"color: #000000;\"> Truy\u1ec1n v\u00e0 nh\u1eadn v\u00e0 k\u1ebft n\u1ed1i Ethernet v\u00e0 tr\u00ecnh \u0111i\u1ec1u khi\u1ec3n LED 10\/100 <\/span> <\/span><\/p>\n<p><span lang=\"EN-US\" style=\"margin: 0px; font-family: 'Arial', 'sans-serif'; font-size: 10pt;\"> <span style=\"color: #000000;\"> \u0110\u1ecba ch\u1ec9 IP c\u1ed5ng <\/span> <\/span><\/p>\n<p><span lang=\"EN-US\" style=\"margin: 0px; font-family: 'Arial', 'sans-serif'; font-size: 10pt;\"> <span style=\"color: #000000;\"> C\u1ed5ng giao di\u1ec7n RS-232 n\u1ed1i ti\u1ebfp 1 <\/span> <\/span><\/p>\n<p><span lang=\"EN-US\" style=\"margin: 0px; font-family: 'Arial', 'sans-serif'; font-size: 10pt;\"> <span style=\"color: #000000;\"> B\u1ea3o v\u1ec7 ESD 15KV cho c\u1ed5ng RS-232 <\/span> <\/span><\/p>\n<p><span lang=\"EN-US\" style=\"margin: 0px; font-family: 'Arial', 'sans-serif'; font-size: 10pt;\"> <span style=\"color: #000000;\"> Giao di\u1ec7n Ethernet 10\/100 Mbps <\/span> <\/span><\/p>\n<p><span lang=\"EN-US\" style=\"margin: 0px; font-family: 'Arial', 'sans-serif'; font-size: 10pt;\"> <span style=\"color: #000000;\"> T\u1ed1c \u0111\u1ed9 truy\u1ec1n t\u1ea3i l\u00ean t\u1edbi 230Kb \/ gi\u00e2y <\/span> <\/span><\/p>\n<p><span lang=\"EN-US\" style=\"margin: 0px; font-family: 'Arial', 'sans-serif'; font-size: 10pt;\"> <span style=\"color: #000000;\"> Hai ngu\u1ed3n c\u1ea5p \u0111i\u1ec7n, c\u1ea3 hai \u0111\u1ec1u h\u1ed7 tr\u1ee3 9 &#8211; 30Vdc <\/span> <\/span><\/p>\n<p><span lang=\"EN-US\" style=\"margin: 0px; font-family: 'Arial', 'sans-serif'; font-size: 10pt;\"> <span style=\"color: #000000;\"> Ch\u1ebf \u0111\u1ed9 h\u1ed7 tr\u1ee3: VCOM, TCP Server, TCP Client v\u00e0 UDP, Ch\u1ebf \u0111\u1ed9 gh\u00e9p n\u1ed1i <\/span> <\/span><\/p>\n<p><span lang=\"EN-US\" style=\"margin: 0px; font-family: 'Arial', 'sans-serif'; font-size: 10pt;\"> <span style=\"color: #000000;\"> HTTP, DHCP, ICMP (PING), IP t\u0129nh v\u00e0 ARP \u0111\u01b0\u1ee3c h\u1ed7 tr\u1ee3 <\/span> <\/span><\/p>\n","protected":false},"featured_media":9297,"comment_status":"open","ping_status":"closed","template":"","meta":[],"product_cat":[1264,1287,1288],"product_tag":[1268,1289,1257,1260,1290,1263],"_links":{"self":[{"href":"https:\/\/shentek.com\/vi\/wp-json\/wp\/v2\/product\/9292"}],"collection":[{"href":"https:\/\/shentek.com\/vi\/wp-json\/wp\/v2\/product"}],"about":[{"href":"https:\/\/shentek.com\/vi\/wp-json\/wp\/v2\/types\/product"}],"replies":[{"embeddable":true,"href":"https:\/\/shentek.com\/vi\/wp-json\/wp\/v2\/comments?post=9292"}],"wp:featuredmedia":[{"embeddable":true,"href":"https:\/\/shentek.com\/vi\/wp-json\/wp\/v2\/media\/9297"}],"wp:attachment":[{"href":"https:\/\/shentek.com\/vi\/wp-json\/wp\/v2\/media?parent=9292"}],"wp:term":[{"taxonomy":"product_cat","embeddable":true,"href":"https:\/\/shentek.com\/vi\/wp-json\/wp\/v2\/product_cat?post=9292"},{"taxonomy":"product_tag","embeddable":true,"href":"https:\/\/shentek.com\/vi\/wp-json\/wp\/v2\/product_tag?post=9292"}],"curies":[{"name":"wp","href":"https:\/\/api.w.org\/{rel}","templated":true}]}}