{"id":9299,"date":"2018-08-17T15:55:29","date_gmt":"2018-08-17T07:55:29","guid":{"rendered":"http:\/\/www.shentek.com\/product\/rs232-rs422-rs485-serial-device-server-over-ip-poe\/"},"modified":"2018-12-05T18:11:04","modified_gmt":"2018-12-05T10:11:04","slug":"rs232-rs422-rs485-serial-thiet-bi-server-over-ip-poe","status":"publish","type":"product","link":"https:\/\/shentek.com\/vi\/product\/rs232-rs422-rs485-serial-thiet-bi-server-over-ip-poe\/","title":{"rendered":"M\u00e1y ch\u1ee7 thi\u1ebft b\u1ecb n\u1ed1i ti\u1ebfp RS232 RS422 RS485 qua IP PoE"},"content":{"rendered":"","protected":false},"excerpt":{"rendered":"<p><span lang=\"EN-US\" style=\"margin: 0px; font-family: 'Arial', 'sans-serif'; font-size: 10pt;\"> <span style=\"color: #000000;\"> T\u00ednh n\u0103ng v\u00e0 l\u1ee3i \u00edch <\/span> <\/span><\/p>\n<p><span lang=\"EN-US\" style=\"margin: 0px; font-family: 'Arial', 'sans-serif'; font-size: 10pt;\"> <span style=\"color: #000000;\"> Truy\u1ec1n v\u00e0 nh\u1eadn v\u00e0 k\u1ebft n\u1ed1i Ethernet v\u00e0 tr\u00ecnh \u0111i\u1ec1u khi\u1ec3n LED 10\/100 <\/span> <\/span><\/p>\n<p><span lang=\"EN-US\" style=\"margin: 0px; font-family: 'Arial', 'sans-serif'; font-size: 10pt;\"> <span style=\"color: #000000;\"> \u0110\u1ecba ch\u1ec9 IP c\u1ed5ng <\/span> <\/span><\/p>\n<p><span lang=\"EN-US\" style=\"margin: 0px; font-family: 'Arial', 'sans-serif'; font-size: 10pt;\"> <span style=\"color: #000000;\"> C\u1ed5ng giao ti\u1ebfp RS-232\/422\/485 n\u1ed1i ti\u1ebfp 1 c\u1ed5ng <\/span> <\/span><\/p>\n<p><span lang=\"EN-US\" style=\"margin: 0px; font-family: 'Arial', 'sans-serif'; font-size: 10pt;\"> <span style=\"color: #000000;\"> B\u1ea3o v\u1ec7 ESD 15KV cho c\u1ed5ng RS-232\/422\/485 <\/span> <\/span><\/p>\n<p><span lang=\"EN-US\" style=\"margin: 0px; font-family: 'Arial', 'sans-serif'; font-size: 10pt;\"> <span style=\"color: #000000;\"> Giao di\u1ec7n Ethernet 10\/100 Mbps <\/span> <\/span><\/p>\n<p><span lang=\"EN-US\" style=\"margin: 0px; font-family: 'Arial', 'sans-serif'; font-size: 10pt;\"> <span style=\"color: #000000;\"> T\u1ed1c \u0111\u1ed9 truy\u1ec1n t\u1ed1i \u0111a 921Kb \/ gi\u00e2y <\/span> <\/span><\/p>\n<p><span lang=\"EN-US\" style=\"margin: 0px; font-family: 'Arial', 'sans-serif'; font-size: 10pt;\"> <span style=\"color: #000000;\"> Hai ngu\u1ed3n c\u1ea5p \u0111i\u1ec7n, c\u1ea3 hai \u0111\u1ec1u h\u1ed7 tr\u1ee3 10-48Vdc <\/span> <\/span><\/p>\n<p><span lang=\"EN-US\" style=\"margin: 0px; font-family: 'Arial', 'sans-serif'; font-size: 10pt;\"> <span style=\"color: #000000;\"> H\u1ed7 tr\u1ee3 ch\u1ebf \u0111\u1ed9: VSP Com, TCP Server, TCP Client, UDP, Ch\u1ebf \u0111\u1ed9 gh\u00e9p n\u1ed1i, HTTP, DHCP, ICMP (Ping), IP t\u0129nh v\u00e0 ARP \u0111\u01b0\u1ee3c h\u1ed7 tr\u1ee3 <\/span> <\/span><\/p>\n<p><span lang=\"EN-US\" style=\"margin: 0px; font-family: 'Arial', 'sans-serif'; font-size: 10pt;\"> <span style=\"color: #000000;\"> 32 K\u1ebft n\u1ed1i thi\u1ebft b\u1ecb cho RS-485 Max <\/span> <\/span><\/p>\n<p><span lang=\"EN-US\" style=\"margin: 0px; font-family: 'Arial', 'sans-serif'; font-size: 10pt;\"> <span style=\"color: #000000;\"> Ph\u1ea1m vi \u0111i\u1ec7n \u00e1p \u0111\u1ea7u v\u00e0o 36V \u0111\u1ebfn 57V <\/span> <\/span><\/p>\n<p><span lang=\"EN-US\" style=\"margin: 0px; font-family: 'Arial', 'sans-serif'; font-size: 10pt;\"> <span style=\"color: #000000;\"> B\u1ea3o v\u1ec7 ch\u1ed1ng s\u00e9t 600W <\/span> <\/span><\/p>\n<p><span lang=\"EN-US\" style=\"margin: 0px; font-family: 'Arial', 'sans-serif'; font-size: 10pt;\"> <span style=\"color: #000000;\"> \u0110\u1ea7u v\u00e0o c\u00e1ch ly 1.5K cho \u0111\u1ea7u ra <\/span> <\/span><\/p>\n<p><span lang=\"EN-US\" style=\"margin: 0px; font-family: 'Arial', 'sans-serif'; font-size: 10pt;\"> <span style=\"color: #000000;\"> IEEE 802.3af POE (l\u00ean t\u1edbi 15 Watts tr\u00ean m\u1ed7i C\u1ed5ng cho PSE) <\/span> <\/span><\/p>\n<p><span lang=\"EN-US\" style=\"margin: 0px; font-family: 'Arial', 'sans-serif'; font-size: 10pt;\"> <span style=\"color: #000000;\"> b\u1ea3o v\u1ec7 \u0111\u1ea7u ra m\u1ea1ch quay <\/span> <\/span><\/p>\n<p><span lang=\"EN-US\" style=\"margin: 0px; font-family: 'Arial', 'sans-serif'; font-size: 10pt;\"> <span style=\"color: #000000;\"> H\u1ed7 tr\u1ee3 \u0111\u1eb7c \u0111i\u1ec3m k\u1ef9 thu\u1eadt c\u00f4ng nghi\u1ec7p <\/span> <\/span><\/p>\n","protected":false},"featured_media":9300,"comment_status":"open","ping_status":"closed","template":"","meta":[],"product_cat":[1264,1287,1288],"product_tag":[1268,1289,1257,1270,1259,1260,1261,1262,1263],"_links":{"self":[{"href":"https:\/\/shentek.com\/vi\/wp-json\/wp\/v2\/product\/9299"}],"collection":[{"href":"https:\/\/shentek.com\/vi\/wp-json\/wp\/v2\/product"}],"about":[{"href":"https:\/\/shentek.com\/vi\/wp-json\/wp\/v2\/types\/product"}],"replies":[{"embeddable":true,"href":"https:\/\/shentek.com\/vi\/wp-json\/wp\/v2\/comments?post=9299"}],"wp:featuredmedia":[{"embeddable":true,"href":"https:\/\/shentek.com\/vi\/wp-json\/wp\/v2\/media\/9300"}],"wp:attachment":[{"href":"https:\/\/shentek.com\/vi\/wp-json\/wp\/v2\/media?parent=9299"}],"wp:term":[{"taxonomy":"product_cat","embeddable":true,"href":"https:\/\/shentek.com\/vi\/wp-json\/wp\/v2\/product_cat?post=9299"},{"taxonomy":"product_tag","embeddable":true,"href":"https:\/\/shentek.com\/vi\/wp-json\/wp\/v2\/product_tag?post=9299"}],"curies":[{"name":"wp","href":"https:\/\/api.w.org\/{rel}","templated":true}]}}