{"id":9322,"date":"2018-08-16T14:39:38","date_gmt":"2018-08-16T06:39:38","guid":{"rendered":"http:\/\/www.shentek.com\/product\/addressable-converter-serisl-rs232-rs485-rs422\/"},"modified":"2018-12-06T12:48:15","modified_gmt":"2018-12-06T04:48:15","slug":"addressable-converter-serial-rs232-rs485-rs422","status":"publish","type":"product","link":"https:\/\/shentek.com\/vi\/product\/addressable-converter-serial-rs232-rs485-rs422\/","title":{"rendered":"B\u1ed9 chuy\u1ec3n \u0111\u1ed5i \u0111\u1ecba ch\u1ec9 Serisl RS232 RS485 RS422"},"content":{"rendered":"","protected":false},"excerpt":{"rendered":"<p><span lang=\"EN-US\" style=\"margin: 0px; font-family: 'Arial', 'sans-serif'; font-size: 10pt;\"> <span style=\"color: #000000;\"> T\u00ednh n\u0103ng v\u00e0 l\u1ee3i \u00edch <\/span> <\/span><\/p>\n<p><span lang=\"EN-US\" style=\"margin: 0px; font-family: 'Arial', 'sans-serif'; font-size: 10pt;\"> <span style=\"color: #000000;\"> T\u1ed1c \u0111\u1ed9 truy\u1ec1n l\u00ean t\u1edbi 115,2 kbps <\/span> <\/span><\/p>\n<p><span lang=\"EN-US\" style=\"margin: 0px; font-family: 'Arial', 'sans-serif'; font-size: 10pt;\"> <span style=\"color: #000000;\"> B\u1ed9 vi x\u1eed l\u00fd t\u00edch h\u1ee3p <\/span> <\/span><\/p>\n<p><span lang=\"EN-US\" style=\"margin: 0px; font-family: 'Arial', 'sans-serif'; font-size: 10pt;\"> <span style=\"color: #000000;\"> Ch\u1ee9c n\u0103ng h\u1eb9n gi\u1edd Watchdog bao g\u1ed3m <\/span> <\/span><\/p>\n<p><span lang=\"EN-US\" style=\"margin: 0px; font-family: 'Arial', 'sans-serif'; font-size: 10pt;\"> <span style=\"color: #000000;\"> T\u1ea5t c\u1ea3 c\u00e1c thi\u1ebft l\u1eadp giao ti\u1ebfp \u0111\u01b0\u1ee3c l\u01b0u tr\u1eef trong EEPROM <\/span> <\/span><\/p>\n<p><span lang=\"EN-US\" style=\"margin: 0px; font-family: 'Arial', 'sans-serif'; font-size: 10pt;\"> <span style=\"color: #000000;\"> Ch\u1ec9 b\u00e1o lu\u1ed3ng ngu\u1ed3n v\u00e0 d\u1eef li\u1ec7u \u0111\u1ec3 kh\u1eafc ph\u1ee5c s\u1ef1 c\u1ed1 <\/span> <\/span><\/p>\n<p><span lang=\"EN-US\" style=\"margin: 0px; font-family: 'Arial', 'sans-serif'; font-size: 10pt;\"> <span style=\"color: #000000;\"> \u0110\u01b0\u1ee3c x\u00e2y d\u1ef1ng trong Terminator 120 ohm cho DIP Switch Setting <\/span> <\/span><\/p>\n<p><span lang=\"EN-US\" style=\"margin: 0px; font-family: 'Arial', 'sans-serif'; font-size: 10pt;\"> <span style=\"color: #000000;\"> Ch\u1ebf \u0111\u1ed9 \u0111\u1ecba ch\u1ec9 v\u00e0 kh\u00f4ng th\u1ec3 \u0111\u1ecbnh c\u1ea5u h\u00ecnh <\/span> <\/span><\/p>\n<p><span lang=\"EN-US\" style=\"margin: 0px; font-family: 'Arial', 'sans-serif'; font-size: 10pt;\"> <span style=\"color: #000000;\"> T\u1ed1i \u0111a 10 K\u1ebft n\u1ed1i thi\u1ebft b\u1ecb cho ch\u1ebf \u0111\u1ed9 4 d\u00e2y RS-485 (Ch\u1ebf \u0111\u1ed9 \u0111a th\u1ea3 RS-422) <\/span> <\/span><\/p>\n<p><span lang=\"EN-US\" style=\"margin: 0px; font-family: 'Arial', 'sans-serif'; font-size: 10pt;\"> <span style=\"color: #000000;\"> T\u1ed1i \u0111a 32 k\u1ebft n\u1ed1i thi\u1ebft b\u1ecb cho ch\u1ebf \u0111\u1ed9 RS-485 <\/span> <\/span><\/p>\n<p><span lang=\"EN-US\" style=\"margin: 0px; font-family: 'Arial', 'sans-serif'; font-size: 10pt;\"> <span style=\"color: #000000;\"> Tr\u1ea1ng th\u00e1i giao ti\u1ebfp c\u00f3 th\u1ec3 \u0111\u01b0\u1ee3c gi\u00e1m s\u00e1t th\u00f4ng qua \u0111\u00e8n LED <\/span> <\/span><\/p>\n<p><span lang=\"EN-US\" style=\"margin: 0px; font-family: 'Arial', 'sans-serif'; font-size: 10pt;\"> <span style=\"color: #000000;\"> B\u1ea3o v\u1ec7 c\u00e1ch ly quang h\u1ecdc 3KV <\/span> <\/span><\/p>\n<p><span lang=\"EN-US\" style=\"margin: 0px; font-family: 'Arial', 'sans-serif'; font-size: 10pt;\"> <span style=\"color: #000000;\"> B\u1ea3o v\u1ec7 ch\u1ed1ng s\u00e9t 600W <\/span> <\/span><\/p>\n<p><span lang=\"EN-US\" style=\"margin: 0px; font-family: 'Arial', 'sans-serif'; font-size: 10pt;\"> <span style=\"color: #000000;\"> \u0110\u01b0\u1ee3c x\u00e2y d\u1ef1ng trong 15KV ESD b\u1ea3o v\u1ec7 cho t\u1ea5t c\u1ea3 c\u00e1c c\u1ed5ng n\u1ed1i ti\u1ebfp v\u00e0 RS-422\/485 t\u00edn hi\u1ec7u b\u1ea3o v\u1ec7 <\/span> <\/span><\/p>\n<p><span lang=\"EN-US\" style=\"margin: 0px; font-family: 'Arial', 'sans-serif'; font-size: 10pt;\"> <span style=\"color: #000000;\"> H\u1ed7 tr\u1ee3 \u0111\u1eb7c \u0111i\u1ec3m k\u1ef9 thu\u1eadt c\u00f4ng nghi\u1ec7p <\/span> <\/span><\/p>\n","protected":false},"featured_media":9325,"comment_status":"open","ping_status":"closed","template":"","meta":[],"product_cat":[1255,1264,1253,1282],"product_tag":[1279,1284,1292,1256,1257,1259,1260,1261,1262,1263],"_links":{"self":[{"href":"https:\/\/shentek.com\/vi\/wp-json\/wp\/v2\/product\/9322"}],"collection":[{"href":"https:\/\/shentek.com\/vi\/wp-json\/wp\/v2\/product"}],"about":[{"href":"https:\/\/shentek.com\/vi\/wp-json\/wp\/v2\/types\/product"}],"replies":[{"embeddable":true,"href":"https:\/\/shentek.com\/vi\/wp-json\/wp\/v2\/comments?post=9322"}],"wp:featuredmedia":[{"embeddable":true,"href":"https:\/\/shentek.com\/vi\/wp-json\/wp\/v2\/media\/9325"}],"wp:attachment":[{"href":"https:\/\/shentek.com\/vi\/wp-json\/wp\/v2\/media?parent=9322"}],"wp:term":[{"taxonomy":"product_cat","embeddable":true,"href":"https:\/\/shentek.com\/vi\/wp-json\/wp\/v2\/product_cat?post=9322"},{"taxonomy":"product_tag","embeddable":true,"href":"https:\/\/shentek.com\/vi\/wp-json\/wp\/v2\/product_tag?post=9322"}],"curies":[{"name":"wp","href":"https:\/\/api.w.org\/{rel}","templated":true}]}}