{"id":9336,"date":"2018-08-16T14:32:07","date_gmt":"2018-08-16T06:32:07","guid":{"rendered":"http:\/\/www.shentek.com\/product\/rs232-to-rs485-converter-serial-rs422-isoaltion-surge\/"},"modified":"2018-12-06T12:55:44","modified_gmt":"2018-12-06T04:55:44","slug":"rs232-to-rs485-converter-serial-rs422-co-lap-tang","status":"publish","type":"product","link":"https:\/\/shentek.com\/vi\/product\/rs232-to-rs485-converter-serial-rs422-co-lap-tang\/","title":{"rendered":"B\u1ed9 chuy\u1ec3n \u0111\u1ed5i RS232 sang RS485 Serial RS422 C\u00f4 l\u1eadp Surge"},"content":{"rendered":"","protected":false},"excerpt":{"rendered":"<p><span lang=\"EN-US\" style=\"margin: 0px; font-family: 'Arial', 'sans-serif'; font-size: 10pt;\"> <span style=\"color: #000000;\"> T\u00ednh n\u0103ng v\u00e0 l\u1ee3i \u00edch <\/span> <\/span><\/p>\n<p><span lang=\"EN-US\" style=\"margin: 0px; font-family: 'Arial', 'sans-serif'; font-size: 10pt;\"> <span style=\"color: #000000;\"> T\u1ed1c \u0111\u1ed9 truy\u1ec1n t\u1ed1c \u0111\u1ed9 cao l\u00ean t\u1edbi 921,6Kbps <\/span> <\/span><\/p>\n<p><span lang=\"EN-US\" style=\"margin: 0px; font-family: 'Arial', 'sans-serif'; font-size: 10pt;\"> <span style=\"color: #000000;\"> \u0110\u01b0\u1ee3c x\u00e2y d\u1ef1ng trong Terminator 120 ohm cho DIP Switch Setting <\/span> <\/span><\/p>\n<p><span lang=\"EN-US\" style=\"margin: 0px; font-family: 'Arial', 'sans-serif'; font-size: 10pt;\"> <span style=\"color: #000000;\"> T\u1ed1i \u0111a 10 K\u1ebft n\u1ed1i thi\u1ebft b\u1ecb cho ch\u1ebf \u0111\u1ed9 4 d\u00e2y RS-485 (Ch\u1ebf \u0111\u1ed9 \u0111a th\u1ea3 RS-422) <\/span> <\/span><\/p>\n<p><span lang=\"EN-US\" style=\"margin: 0px; font-family: 'Arial', 'sans-serif'; font-size: 10pt;\"> <span style=\"color: #000000;\"> T\u1ed1i \u0111a 32 k\u1ebft n\u1ed1i thi\u1ebft b\u1ecb cho ch\u1ebf \u0111\u1ed9 RS-485 <\/span> <\/span><\/p>\n<p><span lang=\"EN-US\" style=\"margin: 0px; font-family: 'Arial', 'sans-serif'; font-size: 10pt;\"> <span style=\"color: #000000;\"> Tr\u1ea1ng th\u00e1i giao ti\u1ebfp c\u00f3 th\u1ec3 \u0111\u01b0\u1ee3c gi\u00e1m s\u00e1t th\u00f4ng qua \u0111\u00e8n LED <\/span> <\/span><\/p>\n<p><span lang=\"EN-US\" style=\"margin: 0px; font-family: 'Arial', 'sans-serif'; font-size: 10pt;\"> <span style=\"color: #000000;\"> B\u1ea3o v\u1ec7 c\u00e1ch ly quang h\u1ecdc 3KV <\/span> <\/span><\/p>\n<p><span lang=\"EN-US\" style=\"margin: 0px; font-family: 'Arial', 'sans-serif'; font-size: 10pt;\"> <span style=\"color: #000000;\"> B\u1ea3o v\u1ec7 ch\u1ed1ng s\u00e9t 600W <\/span> <\/span><\/p>\n<p><span lang=\"EN-US\" style=\"margin: 0px; font-family: 'Arial', 'sans-serif'; font-size: 10pt;\"> <span style=\"color: #000000;\"> \u0110\u01b0\u1ee3c x\u00e2y d\u1ef1ng trong 15KV ESD b\u1ea3o v\u1ec7 cho t\u1ea5t c\u1ea3 c\u00e1c c\u1ed5ng n\u1ed1i ti\u1ebfp v\u00e0 RS-422\/485 t\u00edn hi\u1ec7u b\u1ea3o v\u1ec7 <\/span> <\/span><\/p>\n<p><span lang=\"EN-US\" style=\"margin: 0px; font-family: 'Arial', 'sans-serif'; font-size: 10pt;\"> <span style=\"color: #000000;\"> H\u1ed7 tr\u1ee3 \u0111\u1eb7c \u0111i\u1ec3m k\u1ef9 thu\u1eadt c\u00f4ng nghi\u1ec7p <\/span> <\/span><\/p>\n<p><span lang=\"EN-US\" style=\"margin: 0px; font-family: 'Arial', 'sans-serif'; font-size: 10pt;\"> <span style=\"color: #000000;\"> Kh\u00f4ng c\u00f3 nhu c\u1ea7u tr\u00ecnh \u0111i\u1ec1u khi\u1ec3n <\/span> <\/span><\/p>\n","protected":false},"featured_media":9339,"comment_status":"open","ping_status":"closed","template":"","meta":[],"product_cat":[1255,1264,1253,1282],"product_tag":[1279,1284,1257,1259,1260,1261,1262,1263],"_links":{"self":[{"href":"https:\/\/shentek.com\/vi\/wp-json\/wp\/v2\/product\/9336"}],"collection":[{"href":"https:\/\/shentek.com\/vi\/wp-json\/wp\/v2\/product"}],"about":[{"href":"https:\/\/shentek.com\/vi\/wp-json\/wp\/v2\/types\/product"}],"replies":[{"embeddable":true,"href":"https:\/\/shentek.com\/vi\/wp-json\/wp\/v2\/comments?post=9336"}],"wp:featuredmedia":[{"embeddable":true,"href":"https:\/\/shentek.com\/vi\/wp-json\/wp\/v2\/media\/9339"}],"wp:attachment":[{"href":"https:\/\/shentek.com\/vi\/wp-json\/wp\/v2\/media?parent=9336"}],"wp:term":[{"taxonomy":"product_cat","embeddable":true,"href":"https:\/\/shentek.com\/vi\/wp-json\/wp\/v2\/product_cat?post=9336"},{"taxonomy":"product_tag","embeddable":true,"href":"https:\/\/shentek.com\/vi\/wp-json\/wp\/v2\/product_tag?post=9336"}],"curies":[{"name":"wp","href":"https:\/\/api.w.org\/{rel}","templated":true}]}}