{"id":9405,"date":"2018-08-16T17:38:43","date_gmt":"2018-08-16T09:38:43","guid":{"rendered":"http:\/\/www.shentek.com\/product\/16-port-rs-232-422-485-device-server-over-ethernet\/"},"modified":"2018-12-06T14:41:32","modified_gmt":"2018-12-06T06:41:32","slug":"16-port-rs-232-422-485-thiet-bi-may-chu-qua-ethernet","status":"publish","type":"product","link":"https:\/\/shentek.com\/vi\/product\/16-port-rs-232-422-485-thiet-bi-may-chu-qua-ethernet\/","title":{"rendered":"16 c\u1ed5ng RS-232\/422\/485 M\u00e1y ch\u1ee7 thi\u1ebft b\u1ecb qua Ethernet"},"content":{"rendered":"","protected":false},"excerpt":{"rendered":"<p><span lang=\"EN-US\" style=\"margin: 0px; font-family: 'Arial', 'sans-serif'; font-size: 10pt;\"> <span style=\"color: #000000;\"> T\u00ednh n\u0103ng v\u00e0 l\u1ee3i \u00edch <\/span> <\/span><\/p>\n<p><span lang=\"EN-US\" style=\"margin: 0px; font-family: 'Arial', 'sans-serif'; font-size: 10pt;\"> <span style=\"color: #000000;\"> Truy\u1ec1n v\u00e0 nh\u1eadn v\u00e0 k\u1ebft n\u1ed1i Ethernet v\u00e0 tr\u00ecnh \u0111i\u1ec1u khi\u1ec3n LED 10\/100 <\/span> <\/span><\/p>\n<p><span lang=\"EN-US\" style=\"margin: 0px; font-family: 'Arial', 'sans-serif'; font-size: 10pt;\"> <span style=\"color: #000000;\"> \u0110\u1ecba ch\u1ec9 IP c\u1ed5ng <\/span> <\/span><\/p>\n<p><span lang=\"EN-US\" style=\"margin: 0px; font-family: 'Arial', 'sans-serif'; font-size: 10pt;\"> <span style=\"color: #000000;\"> Giao di\u1ec7n RS-232\/422\/485 n\u1ed1i ti\u1ebfp <\/span> <\/span><\/p>\n<p><span lang=\"EN-US\" style=\"margin: 0px; font-family: 'Arial', 'sans-serif'; font-size: 10pt;\"> <span style=\"color: #000000;\"> Giao di\u1ec7n Ethernet 10\/100 Mbps <\/span> <\/span><\/p>\n<p><span lang=\"EN-US\" style=\"margin: 0px; font-family: 'Arial', 'sans-serif'; font-size: 10pt;\"> <span style=\"color: #000000;\"> T\u1ed1c \u0111\u1ed9 truy\u1ec1n t\u1ea3i l\u00ean t\u1edbi 921Kb \/ gi\u00e2y <\/span> <\/span><\/p>\n<p><span lang=\"EN-US\" style=\"margin: 0px; font-family: 'Arial', 'sans-serif'; font-size: 10pt;\"> <span style=\"color: #000000;\"> H\u1ed7 tr\u1ee3 ch\u1ebf \u0111\u1ed9: VSP Com, TCP Server, TCP Client, UDP, Ch\u1ebf \u0111\u1ed9 gh\u00e9p n\u1ed1i, HTTP, DHCP, ICMP (Ping), IP t\u0129nh v\u00e0 ARP \u0111\u01b0\u1ee3c h\u1ed7 tr\u1ee3 <\/span> <\/span><\/p>\n<p><span lang=\"EN-US\" style=\"margin: 0px; font-family: 'Arial', 'sans-serif'; font-size: 10pt;\"> <span style=\"color: #000000;\"> H\u1ed7 tr\u1ee3 \u0111\u1eb7c \u0111i\u1ec3m k\u1ef9 thu\u1eadt c\u00f4ng nghi\u1ec7p <\/span> <\/span><\/p>\n<p><span lang=\"EN-US\" style=\"background: white; margin: 0px; m\u00e0u: # 181818; font-family: 'Helvetica', 'sans-serif'; font-size: 10pt;\"> T\u1ed1c \u0111\u1ed9 cao ARM9G20 (400 MHz) CPU <\/span><\/p>\n<p><span lang=\"EN-US\" style=\"background: white; margin: 0px; m\u00e0u: # 181818; font-family: 'Helvetica', 'sans-serif'; font-size: 10pt;\"> H\u1ed7 tr\u1ee3 K\u00e9p 10 \/ 100 giao ti\u1ebfp Ethernet, LAN v\u00e0 WAN <\/span><\/p>\n<p><span lang=\"EN-US\" style=\"background: white; margin: 0px; m\u00e0u: # 181818; font-family: 'Helvetica', 'sans-serif'; font-size: 10pt;\"> \u0110\u1ecba ch\u1ec9 IP d\u1ec5 d\u00e0ng c\u1ea5u h\u00ecnh v\u1edbi b\u1ea3ng \u0111i\u1ec1u khi\u1ec3n LCD ph\u00eda tr\u01b0\u1edbc <\/span><\/p>\n","protected":false},"featured_media":9237,"comment_status":"open","ping_status":"closed","template":"","meta":[],"product_cat":[1264,1287,1288],"product_tag":[1289,1260,1261,1262],"_links":{"self":[{"href":"https:\/\/shentek.com\/vi\/wp-json\/wp\/v2\/product\/9405"}],"collection":[{"href":"https:\/\/shentek.com\/vi\/wp-json\/wp\/v2\/product"}],"about":[{"href":"https:\/\/shentek.com\/vi\/wp-json\/wp\/v2\/types\/product"}],"replies":[{"embeddable":true,"href":"https:\/\/shentek.com\/vi\/wp-json\/wp\/v2\/comments?post=9405"}],"wp:featuredmedia":[{"embeddable":true,"href":"https:\/\/shentek.com\/vi\/wp-json\/wp\/v2\/media\/9237"}],"wp:attachment":[{"href":"https:\/\/shentek.com\/vi\/wp-json\/wp\/v2\/media?parent=9405"}],"wp:term":[{"taxonomy":"product_cat","embeddable":true,"href":"https:\/\/shentek.com\/vi\/wp-json\/wp\/v2\/product_cat?post=9405"},{"taxonomy":"product_tag","embeddable":true,"href":"https:\/\/shentek.com\/vi\/wp-json\/wp\/v2\/product_tag?post=9405"}],"curies":[{"name":"wp","href":"https:\/\/api.w.org\/{rel}","templated":true}]}}