{"id":9431,"date":"2018-08-16T17:32:34","date_gmt":"2018-08-16T09:32:34","guid":{"rendered":"http:\/\/www.shentek.com\/product\/2-port-rs232-rs422-rs485-device-server-over-ethernet\/"},"modified":"2018-12-06T16:29:10","modified_gmt":"2018-12-06T08:29:10","slug":"2-cong-rs232-rs422-rs485-thiet-bi-may-chu-qua-ethernet","status":"publish","type":"product","link":"https:\/\/shentek.com\/vi\/product\/2-cong-rs232-rs422-rs485-thiet-bi-may-chu-qua-ethernet\/","title":{"rendered":"2 c\u1ed5ng RS232 RS422 Thi\u1ebft b\u1ecb RS485 Server qua Ethernet"},"content":{"rendered":"","protected":false},"excerpt":{"rendered":"<p><span lang=\"EN-US\" style=\"margin: 0px; h\u1ecd ph\u00f4ng ch\u1eef: 'Arial', 'sans-serif'; c\u1ee1 ch\u1eef: 10pt;\"> <span style=\"color: #000000;\"> T\u00ednh n\u0103ng v\u00e0 l\u1ee3i \u00edch <\/span> <\/span><\/p>\n<p><span lang=\"EN-US\" style=\"margin: 0px; h\u1ecd ph\u00f4ng ch\u1eef: 'Arial', 'sans-serif'; c\u1ee1 ch\u1eef: 10pt;\"> <span style=\"color: #000000;\"> Truy\u1ec1n v\u00e0 nh\u1eadn v\u00e0 k\u1ebft n\u1ed1i Ethernet v\u00e0 tr\u00ecnh \u0111i\u1ec1u khi\u1ec3n LED 10\/100 <\/span> <\/span><\/p>\n<p><span lang=\"EN-US\" style=\"margin: 0px; h\u1ecd ph\u00f4ng ch\u1eef: 'Arial', 'sans-serif'; c\u1ee1 ch\u1eef: 10pt;\"> <span style=\"color: #000000;\"> \u0110\u1ecba ch\u1ec9 IP c\u1ed5ng <\/span> <\/span><\/p>\n<p><span lang=\"EN-US\" style=\"margin: 0px; h\u1ecd ph\u00f4ng ch\u1eef: 'Arial', 'sans-serif'; c\u1ee1 ch\u1eef: 10pt;\"> <span style=\"color: #000000;\"> C\u1ed5ng giao di\u1ec7n RS-232\/422\/485 n\u1ed1i ti\u1ebfp 2 <\/span> <\/span><\/p>\n<p><span lang=\"EN-US\" style=\"margin: 0px; h\u1ecd ph\u00f4ng ch\u1eef: 'Arial', 'sans-serif'; c\u1ee1 ch\u1eef: 10pt;\"> <span style=\"color: #000000;\"> B\u1ea3o v\u1ec7 ESD 15KV <\/span> <\/span><\/p>\n<p><span lang=\"EN-US\" style=\"margin: 0px; h\u1ecd ph\u00f4ng ch\u1eef: 'Arial', 'sans-serif'; c\u1ee1 ch\u1eef: 10pt;\"> <span style=\"color: #000000;\"> Giao di\u1ec7n Ethernet 10\/100 Mbps <\/span> <\/span><\/p>\n<p><span lang=\"EN-US\" style=\"margin: 0px; h\u1ecd ph\u00f4ng ch\u1eef: 'Arial', 'sans-serif'; c\u1ee1 ch\u1eef: 10pt;\"> <span style=\"color: #000000;\"> T\u1ed1c \u0111\u1ed9 truy\u1ec1n t\u1ea3i l\u00ean \u0111\u1ebfn 460Kbps <\/span> <\/span><\/p>\n<p><span lang=\"EN-US\" style=\"margin: 0px; h\u1ecd ph\u00f4ng ch\u1eef: 'Arial', 'sans-serif'; c\u1ee1 ch\u1eef: 10pt;\"> <span style=\"color: #000000;\"> Hai ngu\u1ed3n c\u1ea5p \u0111i\u1ec7n, c\u1ea3 hai \u0111\u1ec1u h\u1ed7 tr\u1ee3 10 &#8211; 30V <\/span> <\/span><\/p>\n<p><span lang=\"EN-US\" style=\"margin: 0px; h\u1ecd ph\u00f4ng ch\u1eef: 'Arial', 'sans-serif'; c\u1ee1 ch\u1eef: 10pt;\"> <span style=\"color: #000000;\"> H\u1ed7 tr\u1ee3 ch\u1ebf \u0111\u1ed9: VSP Com, TCP Server, TCP Client, UDP, Ch\u1ebf \u0111\u1ed9 gh\u00e9p n\u1ed1i, HTTP, DHCP, ICMP (Ping), IP t\u0129nh v\u00e0 ARP \u0111\u01b0\u1ee3c h\u1ed7 tr\u1ee3 <\/span> <\/span><\/p>\n<p><span lang=\"EN-US\" style=\"margin: 0px; h\u1ecd ph\u00f4ng ch\u1eef: 'Arial', 'sans-serif'; c\u1ee1 ch\u1eef: 10pt;\"> <span style=\"color: #000000;\"> H\u1ed7 tr\u1ee3 \u0111\u1eb7c \u0111i\u1ec3m k\u1ef9 thu\u1eadt c\u00f4ng nghi\u1ec7p <\/span> <\/span><\/p>\n<p><span lang=\"EN-US\" style=\"margin: 0px; h\u1ecd ph\u00f4ng ch\u1eef: 'Arial', 'sans-serif'; c\u1ee1 ch\u1eef: 10pt;\"> <span style=\"color: #000000;\"> 32 K\u1ebft n\u1ed1i thi\u1ebft b\u1ecb cho RS-485 Max <\/span> <\/span><\/p>\n","protected":false},"featured_media":9432,"comment_status":"open","ping_status":"closed","template":"","meta":[],"product_cat":[1264,1287,1288],"product_tag":[1289,1257,1260,1261,1262,1263],"_links":{"self":[{"href":"https:\/\/shentek.com\/vi\/wp-json\/wp\/v2\/product\/9431"}],"collection":[{"href":"https:\/\/shentek.com\/vi\/wp-json\/wp\/v2\/product"}],"about":[{"href":"https:\/\/shentek.com\/vi\/wp-json\/wp\/v2\/types\/product"}],"replies":[{"embeddable":true,"href":"https:\/\/shentek.com\/vi\/wp-json\/wp\/v2\/comments?post=9431"}],"wp:featuredmedia":[{"embeddable":true,"href":"https:\/\/shentek.com\/vi\/wp-json\/wp\/v2\/media\/9432"}],"wp:attachment":[{"href":"https:\/\/shentek.com\/vi\/wp-json\/wp\/v2\/media?parent=9431"}],"wp:term":[{"taxonomy":"product_cat","embeddable":true,"href":"https:\/\/shentek.com\/vi\/wp-json\/wp\/v2\/product_cat?post=9431"},{"taxonomy":"product_tag","embeddable":true,"href":"https:\/\/shentek.com\/vi\/wp-json\/wp\/v2\/product_tag?post=9431"}],"curies":[{"name":"wp","href":"https:\/\/api.w.org\/{rel}","templated":true}]}}