{"id":9448,"date":"2018-08-16T17:03:56","date_gmt":"2018-08-16T09:03:56","guid":{"rendered":"http:\/\/www.shentek.com\/product\/serial-extender-rs232-over-cat5-industrial-din-rail\/"},"modified":"2018-12-06T16:13:01","modified_gmt":"2018-12-06T08:13:01","slug":"serial-extender-rs232-over-cat5-cong-nghiep-din-rail","status":"publish","type":"product","link":"https:\/\/shentek.com\/vi\/product\/serial-extender-rs232-over-cat5-cong-nghiep-din-rail\/","title":{"rendered":"Serial Extender RS232 tr\u00ean Cat5 \u0111\u01b0\u1eddng s\u1eaft c\u00f4ng nghi\u1ec7p Din"},"content":{"rendered":"","protected":false},"excerpt":{"rendered":"<p><span lang=\"EN-US\" style=\"margin: 0px; font-family: 'Arial', 'sans-serif'; font-size: 10pt;\"> <span style=\"color: #000000;\"> T\u00ednh n\u0103ng v\u00e0 l\u1ee3i \u00edch <\/span> <\/span><\/p>\n<p><span lang=\"EN-US\" style=\"margin: 0px; font-family: 'Arial', 'sans-serif'; font-size: 10pt;\"> <span style=\"color: #000000;\"> Truy\u1ec1n th\u00f4ng d\u1eef li\u1ec7u song c\u00f4ng <\/span> <\/span><\/p>\n<p><span lang=\"EN-US\" style=\"margin: 0px; font-family: 'Arial', 'sans-serif'; font-size: 10pt;\"> <span style=\"color: #000000;\"> Gi\u1ea3i ph\u00e1p ph\u1ea7n c\u1ee9ng tinh khi\u1ebft &#8211; Truy\u1ec1n d\u1eef li\u1ec7u th\u1eddi gian th\u1ef1c <\/span> <\/span><\/p>\n<p><span lang=\"EN-US\" style=\"margin: 0px; font-family: 'Arial', 'sans-serif'; font-size: 10pt;\"> <span style=\"color: #000000;\"> Chuy\u1ec3n d\u1eef li\u1ec7u ho\u1eb7c t\u1ec7p gi\u1eefa c\u00e1c PC. Thi\u1ebft b\u1ecb <\/span> <\/span><\/p>\n<p><span lang=\"EN-US\" style=\"margin: 0px; font-family: 'Arial', 'sans-serif'; font-size: 10pt;\"> <span style=\"color: #000000;\"> M\u1ed9t c\u00e1p m\u1edf r\u1ed9ng CAT-5 <\/span> <\/span><\/p>\n<p><span lang=\"EN-US\" style=\"margin: 0px; font-family: 'Arial', 'sans-serif'; font-size: 10pt;\"> <span style=\"color: #000000;\"> Ti\u00eau chu\u1ea9n c\u00f4ng nghi\u1ec7p <\/span> <\/span><\/p>\n<p><span lang=\"EN-US\" style=\"margin: 0px; font-family: 'Arial', 'sans-serif'; font-size: 10pt;\"> <span style=\"color: #000000;\"> T\u01b0\u01a1ng th\u00edch v\u1edbi t\u1ea5t c\u1ea3 c\u00e1c giao th\u1ee9c RS-232 <\/span> <\/span><\/p>\n<p><span lang=\"EN-US\" style=\"margin: 0px; font-family: 'Arial', 'sans-serif'; font-size: 10pt;\"> <span style=\"color: #000000;\"> Kh\u00f4ng c\u00f3 c\u1ea5u h\u00ecnh ph\u1ea7n m\u1ec1m <\/span> <\/span><\/p>\n<p><span lang=\"EN-US\" style=\"margin: 0px; font-family: 'Arial', 'sans-serif'; font-size: 10pt;\"> <span style=\"color: #000000;\"> \u0110\u01b0\u1ee3c x\u00e2y d\u1ef1ng trong 15KV ESD b\u1ea3o v\u1ec7 cho t\u1ea5t c\u1ea3 c\u00e1c c\u1ed5ng n\u1ed1i ti\u1ebfp v\u00e0 RS-422\/485 t\u00edn hi\u1ec7u b\u1ea3o v\u1ec7 <\/span> <\/span><\/p>\n<p><span lang=\"EN-US\" style=\"margin: 0px; font-family: 'Arial', 'sans-serif'; font-size: 10pt;\"> <span style=\"color: #000000;\"> H\u1ed7 tr\u1ee3 \u0111\u1eb7c \u0111i\u1ec3m k\u1ef9 thu\u1eadt c\u00f4ng nghi\u1ec7p <\/span> <\/span><\/p>\n<p><span lang=\"EN-US\" style=\"margin: 0px; font-family: 'Arial', 'sans-serif'; font-size: 10pt;\"> <span style=\"color: #000000;\"> Kh\u00f4ng c\u00f3 nhu c\u1ea7u tr\u00ecnh \u0111i\u1ec1u khi\u1ec3n <\/span> <\/span><\/p>\n","protected":false},"featured_media":9449,"comment_status":"open","ping_status":"closed","template":"","meta":[],"product_cat":[1255,1264,1253,1282],"product_tag":[1257,1293,1259,1297,1260,1263],"_links":{"self":[{"href":"https:\/\/shentek.com\/vi\/wp-json\/wp\/v2\/product\/9448"}],"collection":[{"href":"https:\/\/shentek.com\/vi\/wp-json\/wp\/v2\/product"}],"about":[{"href":"https:\/\/shentek.com\/vi\/wp-json\/wp\/v2\/types\/product"}],"replies":[{"embeddable":true,"href":"https:\/\/shentek.com\/vi\/wp-json\/wp\/v2\/comments?post=9448"}],"wp:featuredmedia":[{"embeddable":true,"href":"https:\/\/shentek.com\/vi\/wp-json\/wp\/v2\/media\/9449"}],"wp:attachment":[{"href":"https:\/\/shentek.com\/vi\/wp-json\/wp\/v2\/media?parent=9448"}],"wp:term":[{"taxonomy":"product_cat","embeddable":true,"href":"https:\/\/shentek.com\/vi\/wp-json\/wp\/v2\/product_cat?post=9448"},{"taxonomy":"product_tag","embeddable":true,"href":"https:\/\/shentek.com\/vi\/wp-json\/wp\/v2\/product_tag?post=9448"}],"curies":[{"name":"wp","href":"https:\/\/api.w.org\/{rel}","templated":true}]}}