{"id":9497,"date":"2018-08-16T14:20:32","date_gmt":"2018-08-16T06:20:32","guid":{"rendered":"http:\/\/www.shentek.com\/product\/ftdi-usb-serial-rs485-rs422-adapter-converter-isolation\/"},"modified":"2018-12-06T18:33:35","modified_gmt":"2018-12-06T10:33:35","slug":"ftdi-usb-serial-rs485-rs422-adapter-chuyen-doi-co-lap","status":"publish","type":"product","link":"https:\/\/shentek.com\/vi\/product\/ftdi-usb-serial-rs485-rs422-adapter-chuyen-doi-co-lap\/","title":{"rendered":"B\u1ed9 chuy\u1ec3n \u0111\u1ed5i USB Serial RS485 RS422 FTDI B\u1ed9 chuy\u1ec3n \u0111\u1ed5i c\u00e1ch ly"},"content":{"rendered":"","protected":false},"excerpt":{"rendered":"<p><span lang=\"EN-US\" style=\"margin: 0px; font-family: 'Arial', 'sans-serif'; font-size: 10pt;\"> <span style=\"color: #000000;\"> T\u00ednh n\u0103ng v\u00e0 l\u1ee3i \u00edch <\/span> <\/span><\/p>\n<p><span lang=\"EN-US\" style=\"margin: 0px; font-family: 'Arial', 'sans-serif'; font-size: 10pt;\"> <span style=\"color: #000000;\"> M\u1edf r\u1ed9ng 1 c\u1ed5ng RS-422\/485 com cho h\u1ec7 th\u1ed1ng c\u1ee7a b\u1ea1n <\/span> <\/span><\/p>\n<p><span lang=\"EN-US\" style=\"margin: 0px; font-family: 'Arial', 'sans-serif'; font-size: 10pt;\"> <span style=\"color: #000000;\"> T\u1ed1c \u0111\u1ed9 truy\u1ec1n t\u1ed1c \u0111\u1ed9 cao l\u00ean t\u1edbi 921,6Kbps <\/span> <\/span><\/p>\n<p><span lang=\"EN-US\" style=\"margin: 0px; font-family: 'Arial', 'sans-serif'; font-size: 10pt;\"> <span style=\"color: #000000;\"> T\u01b0\u01a1ng th\u00edch USB 1.0 \/ 1.1, T\u01b0\u01a1ng th\u00edch t\u1ed1c \u0111\u1ed9 USB 2.0 <\/span> <\/span><\/p>\n<p><span lang=\"EN-US\" style=\"margin: 0px; font-family: 'Arial', 'sans-serif'; font-size: 10pt;\"> <span style=\"color: #000000;\"> T\u1ed1c \u0111\u1ed9 d\u1eef li\u1ec7u USB 12Mbps <\/span> <\/span><\/p>\n<p><span lang=\"EN-US\" style=\"margin: 0px; font-family: 'Arial', 'sans-serif'; font-size: 10pt;\"> <span style=\"color: #000000;\"> \u0110\u01b0\u1ee3c x\u00e2y d\u1ef1ng trong Terminator 120 ohm cho DIP Switch Setting <\/span> <\/span><\/p>\n<p><span lang=\"EN-US\" style=\"margin: 0px; font-family: 'Arial', 'sans-serif'; font-size: 10pt;\"> <span style=\"color: #000000;\"> 32 K\u1ebft n\u1ed1i thi\u1ebft b\u1ecb cho RS-485 Max. <\/span> <\/span><\/p>\n<p><span lang=\"EN-US\" style=\"margin: 0px; font-family: 'Arial', 'sans-serif'; font-size: 10pt;\"> <span style=\"color: #000000;\"> H\u1ed7 tr\u1ee3 \u0111\u00e8n LED nh\u1eadn v\u00e0 truy\u1ec1n <\/span> <\/span><\/p>\n<p><span lang=\"EN-US\" style=\"margin: 0px; font-family: 'Arial', 'sans-serif'; font-size: 10pt;\"> <span style=\"color: #000000;\"> B\u1ea3o v\u1ec7 c\u00e1ch ly quang h\u1ecdc 3KV <\/span> <\/span><\/p>\n<p><span lang=\"EN-US\" style=\"margin: 0px; font-family: 'Arial', 'sans-serif'; font-size: 10pt;\"> <span style=\"color: #000000;\"> B\u1ea3o v\u1ec7 ch\u1ed1ng s\u00e9t 600W <\/span> <\/span><\/p>\n<p><span lang=\"EN-US\" style=\"margin: 0px; font-family: 'Arial', 'sans-serif'; font-size: 10pt;\"> <span style=\"color: #000000;\"> \u0110\u01b0\u1ee3c x\u00e2y d\u1ef1ng trong 15KV ESD b\u1ea3o v\u1ec7 cho t\u1ea5t c\u1ea3 c\u00e1c c\u1ed5ng n\u1ed1i ti\u1ebfp v\u00e0 RS-422\/485 t\u00edn hi\u1ec7u b\u1ea3o v\u1ec7 <\/span> <\/span><\/p>\n<p><span lang=\"EN-US\" style=\"margin: 0px; font-family: 'Arial', 'sans-serif'; font-size: 10pt;\"> <span style=\"color: #000000;\"> H\u1ed7 tr\u1ee3 \u0111\u1eb7c \u0111i\u1ec3m k\u1ef9 thu\u1eadt c\u00f4ng nghi\u1ec7p <\/span> <\/span><\/p>\n<p><span lang=\"EN-US\" style=\"margin: 0px; font-family: 'Arial', 'sans-serif'; font-size: 10pt;\"> <span style=\"color: #000000;\"> B\u1ed9 \u0111\u1ec7m TX 128 byte v\u00e0 b\u1ed9 \u0111\u1ec7m RX 256 byte <\/span> <\/span><\/p>\n<p><span lang=\"EN-US\" style=\"margin: 0px; font-family: 'Arial', 'sans-serif'; font-size: 10pt;\"> <span style=\"color: #000000;\"> H\u1ed7 tr\u1ee3 c\u00e1c tr\u00ecnh \u0111i\u1ec1u khi\u1ec3n Microsoft Windows, Linux v\u00e0 MAC <\/span> <\/span><\/p>\n","protected":false},"featured_media":9498,"comment_status":"open","ping_status":"closed","template":"","meta":[],"product_cat":[1278,1255,1264,1282,1283],"product_tag":[1279,1284,1280,1256,1257,1285,1259,1261,1262,1263],"_links":{"self":[{"href":"https:\/\/shentek.com\/vi\/wp-json\/wp\/v2\/product\/9497"}],"collection":[{"href":"https:\/\/shentek.com\/vi\/wp-json\/wp\/v2\/product"}],"about":[{"href":"https:\/\/shentek.com\/vi\/wp-json\/wp\/v2\/types\/product"}],"replies":[{"embeddable":true,"href":"https:\/\/shentek.com\/vi\/wp-json\/wp\/v2\/comments?post=9497"}],"wp:featuredmedia":[{"embeddable":true,"href":"https:\/\/shentek.com\/vi\/wp-json\/wp\/v2\/media\/9498"}],"wp:attachment":[{"href":"https:\/\/shentek.com\/vi\/wp-json\/wp\/v2\/media?parent=9497"}],"wp:term":[{"taxonomy":"product_cat","embeddable":true,"href":"https:\/\/shentek.com\/vi\/wp-json\/wp\/v2\/product_cat?post=9497"},{"taxonomy":"product_tag","embeddable":true,"href":"https:\/\/shentek.com\/vi\/wp-json\/wp\/v2\/product_tag?post=9497"}],"curies":[{"name":"wp","href":"https:\/\/api.w.org\/{rel}","templated":true}]}}