{"id":9510,"date":"2018-08-16T14:12:48","date_gmt":"2018-08-16T06:12:48","guid":{"rendered":"http:\/\/www.shentek.com\/product\/1-slot-sd-card-reader-pcmcia-card\/"},"modified":"2018-12-06T17:21:51","modified_gmt":"2018-12-06T09:21:51","slug":"the-1-slot-sd-card-reader-pcmcia","status":"publish","type":"product","link":"https:\/\/shentek.com\/vi\/product\/the-1-slot-sd-card-reader-pcmcia\/","title":{"rendered":"\u0110\u1ea7u \u0111\u1ecdc th\u1ebb SD 1 khe PCMCIA Card"},"content":{"rendered":"","protected":false},"excerpt":{"rendered":"<p><span lang=\"EN-US\" style=\"margin: 0px; font-family: 'Arial', 'sans-serif'; font-size: 10pt;\"> <span style=\"color: #000000;\"> T\u00ednh n\u0103ng v\u00e0 l\u1ee3i \u00edch <\/span> <\/span><\/p>\n<p><span lang=\"EN-US\" style=\"margin: 0px; font-family: 'Arial', 'sans-serif'; font-size: 10pt;\"> <span style=\"color: #000000;\"> T\u01b0\u01a1ng th\u00edch v\u1edbi PC Card Standard 8.0 <\/span> <\/span><\/p>\n<p><span lang=\"EN-US\" style=\"margin: 0px; font-family: 'Arial', 'sans-serif'; font-size: 10pt;\"> <span style=\"color: #000000;\"> T\u01b0\u01a1ng th\u00edch v\u1edbi PCMCIA 2.1 \/ JIEDA 4.2 <\/span> <\/span><\/p>\n<p><span lang=\"EN-US\" style=\"margin: 0px; font-family: 'Arial', 'sans-serif'; font-size: 10pt;\"> <span style=\"color: #000000;\"> Ch\u1ebf \u0111\u1ed9 th\u1ebb nh\u1edb flash nh\u1ecf g\u1ecdn s\u1eed d\u1ee5ng b\u1ed9 nh\u1edb th\u1ebb PC, ch\u1ebf \u0111\u1ed9 IO th\u1ebb PC v\u00e0 ch\u1ebf \u0111\u1ed9 True-IDE <\/span> <\/span><\/p>\n<p><span lang=\"EN-US\" style=\"margin: 0px; font-family: 'Arial', 'sans-serif'; font-size: 10pt;\"> <span style=\"color: #000000;\"> Ch\u1ebf \u0111\u1ed9 b\u1ed9 nh\u1edb th\u1ebb PC v\u00e0 ch\u1ebf \u0111\u1ed9 ho\u1ea1t \u0111\u1ed9ng IO c\u1ee7a th\u1ebb PC b\u1eb1ng c\u00e1ch s\u1eed d\u1ee5ng d\u1eef li\u1ec7u r\u1ed9ng 8 bit ho\u1eb7c 16 bit <\/span> <\/span><\/p>\n<p><span lang=\"EN-US\" style=\"margin: 0px; font-family: 'Arial', 'sans-serif'; font-size: 10pt;\"> <span style=\"color: #000000;\"> B\u1ed9 nh\u1edb thu\u1ed9c t\u00ednh, b\u1ed9 nh\u1edb chung v\u00e0 truy c\u1eadp IO \u1edf ch\u1ebf \u0111\u1ed9 PC card \/ PCMCIA. <\/span> <\/span><\/p>\n<p><span lang=\"EN-US\" style=\"margin: 0px; font-family: 'Arial', 'sans-serif'; font-size: 10pt;\"> <span style=\"color: #000000;\"> M\u00f4-\u0111un SD HOST 4 k\u00eanh c\u00f3 th\u1ec3 m\u1edf r\u1ed9ng <\/span> <\/span><\/p>\n","protected":false},"featured_media":9511,"comment_status":"open","ping_status":"closed","template":"","meta":[],"product_cat":[781],"product_tag":[1300,1301,1302,1303,1304],"_links":{"self":[{"href":"https:\/\/shentek.com\/vi\/wp-json\/wp\/v2\/product\/9510"}],"collection":[{"href":"https:\/\/shentek.com\/vi\/wp-json\/wp\/v2\/product"}],"about":[{"href":"https:\/\/shentek.com\/vi\/wp-json\/wp\/v2\/types\/product"}],"replies":[{"embeddable":true,"href":"https:\/\/shentek.com\/vi\/wp-json\/wp\/v2\/comments?post=9510"}],"wp:featuredmedia":[{"embeddable":true,"href":"https:\/\/shentek.com\/vi\/wp-json\/wp\/v2\/media\/9511"}],"wp:attachment":[{"href":"https:\/\/shentek.com\/vi\/wp-json\/wp\/v2\/media?parent=9510"}],"wp:term":[{"taxonomy":"product_cat","embeddable":true,"href":"https:\/\/shentek.com\/vi\/wp-json\/wp\/v2\/product_cat?post=9510"},{"taxonomy":"product_tag","embeddable":true,"href":"https:\/\/shentek.com\/vi\/wp-json\/wp\/v2\/product_tag?post=9510"}],"curies":[{"name":"wp","href":"https:\/\/api.w.org\/{rel}","templated":true}]}}