{"id":9523,"date":"2018-08-16T14:05:23","date_gmt":"2018-08-16T06:05:23","guid":{"rendered":"http:\/\/www.shentek.com\/product\/1-port-parallel-expresscard-epp-ecp-laptop\/"},"modified":"2018-12-06T17:32:41","modified_gmt":"2018-12-06T09:32:41","slug":"1-port-parallel-expresscard-epp-ecp-laptop","status":"publish","type":"product","link":"https:\/\/shentek.com\/vi\/product\/1-port-parallel-expresscard-epp-ecp-laptop\/","title":{"rendered":"1 c\u1ed5ng Parallel ExpressCard EPP ECP M\u00e1y t\u00ednh x\u00e1ch tay"},"content":{"rendered":"","protected":false},"excerpt":{"rendered":"<p><span lang=\"EN-US\" style=\"margin: 0px; font-family: 'Arial', 'sans-serif'; font-size: 10pt;\"> <span style=\"color: #000000;\"> T\u00ednh n\u0103ng v\u00e0 l\u1ee3i \u00edch <\/span> <\/span><\/p>\n<p><span lang=\"EN-US\" style=\"margin: 0px; font-family: 'Arial', 'sans-serif'; font-size: 10pt;\"> <span style=\"color: #000000;\"> M\u1edf r\u1ed9ng 1 c\u1ed5ng song song cho h\u1ec7 th\u1ed1ng c\u1ee7a b\u1ea1n <\/span> <\/span><\/p>\n<p><span lang=\"EN-US\" style=\"margin: 0px; font-family: 'Arial', 'sans-serif'; font-size: 10pt;\"> <span style=\"color: #000000;\"> Thi\u1ebft k\u1ebf \u0111\u1ec3 \u0111\u00e1p \u1ee9ng PCI Express 2.0 T\u01b0\u01a1ng th\u00edch v\u1edbi Gen 1 <\/span> <\/span><\/p>\n<p><span lang=\"EN-US\" style=\"margin: 0px; font-family: 'Arial', 'sans-serif'; font-size: 10pt;\"> <span style=\"color: #000000;\"> H\u1ed7 tr\u1ee3 \u0111\u1eb7c \u0111i\u1ec3m k\u1ef9 thu\u1eadt c\u00f4ng nghi\u1ec7p <\/span> <\/span><\/p>\n<p><span style=\"color: #000000;\"> <span lang=\"FR\" style=\"margin: 0px; font-family: 'Arial', 'sans-serif'; font-size: 10pt;\"> Ch\u1ebf \u0111\u1ed9 t\u01b0\u01a1ng th\u00edch song song, ch\u1ebf \u0111\u1ed9 Nibble, ch\u1ebf \u0111\u1ed9 Byte , Ch\u1ebf \u0111\u1ed9 EPP v\u00e0 ch\u1ebf \u0111\u1ed9 ECP) <\/span> <\/span><\/p>\n<p><span lang=\"FR\" style=\"margin: 0px; font-family: 'Arial', 'sans-serif'; font-size: 10pt;\"> <span style=\"color: #000000;\"> 16byte : Ch\u1ebf \u0111\u1ed9 EPP \/ ECP <\/span> <\/span><\/p>\n<p><span lang=\"EN-US\" style=\"margin: 0px; font-family: 'Arial', 'sans-serif'; font-size: 10pt;\"> <span style=\"color: #000000;\"> H\u1ed7 tr\u1ee3 Microsoft Windows, Linux <\/span> <\/span><\/p>\n","protected":false},"featured_media":9525,"comment_status":"open","ping_status":"closed","template":"","meta":[],"product_cat":[781],"product_tag":[1307,1302,1308],"_links":{"self":[{"href":"https:\/\/shentek.com\/vi\/wp-json\/wp\/v2\/product\/9523"}],"collection":[{"href":"https:\/\/shentek.com\/vi\/wp-json\/wp\/v2\/product"}],"about":[{"href":"https:\/\/shentek.com\/vi\/wp-json\/wp\/v2\/types\/product"}],"replies":[{"embeddable":true,"href":"https:\/\/shentek.com\/vi\/wp-json\/wp\/v2\/comments?post=9523"}],"wp:featuredmedia":[{"embeddable":true,"href":"https:\/\/shentek.com\/vi\/wp-json\/wp\/v2\/media\/9525"}],"wp:attachment":[{"href":"https:\/\/shentek.com\/vi\/wp-json\/wp\/v2\/media?parent=9523"}],"wp:term":[{"taxonomy":"product_cat","embeddable":true,"href":"https:\/\/shentek.com\/vi\/wp-json\/wp\/v2\/product_cat?post=9523"},{"taxonomy":"product_tag","embeddable":true,"href":"https:\/\/shentek.com\/vi\/wp-json\/wp\/v2\/product_tag?post=9523"}],"curies":[{"name":"wp","href":"https:\/\/api.w.org\/{rel}","templated":true}]}}