{"id":9541,"date":"2018-08-16T13:52:39","date_gmt":"2018-08-16T05:52:39","guid":{"rendered":"http:\/\/www.shentek.com\/product\/34mm-expresscard-to-16bit-pcmcia-32bit-cardbus-adapter\/"},"modified":"2018-12-06T17:53:01","modified_gmt":"2018-12-06T09:53:01","slug":"bo-chuyen-doi-34mm-expresscard-to-16bit-pcmcia-32bit-cardbus","status":"publish","type":"product","link":"https:\/\/shentek.com\/vi\/product\/bo-chuyen-doi-34mm-expresscard-to-16bit-pcmcia-32bit-cardbus\/","title":{"rendered":"34mm ExpressCard \u0111\u1ebfn 16bit PCMCIA 32bit CardBus Adapter"},"content":{"rendered":"","protected":false},"excerpt":{"rendered":"<p><span lang=\"EN-US\" style=\"margin: 0px; font-family: 'Arial', 'sans-serif'; font-size: 10pt;\"> <span style=\"color: #000000;\"> T\u00ednh n\u0103ng v\u00e0 l\u1ee3i \u00edch <\/span> <\/span><\/p>\n<p><span lang=\"EN-US\" style=\"margin: 0px; color: black; font-family: 'Arial','sans-serif'; font-size: 10pt;\"> 34mm <\/span><span lang=\"EN-US\" style=\"margin: 0px; color: black; font-family: 'Arial','sans-serif'; font-size: 10pt;\"> ho\u1eb7c 54mm ExpressCard khe h\u1ed7 tr\u1ee3<br \/>\nh\u1ed7 tr\u1ee3 ExpressCard ver 1.1 v\u00e0 2.0<br \/>\nh\u1ed7 tr\u1ee3 16bit PCMICA 5V \u0111i\u1ec7n v\u00e0 32bit CardBus 5V v\u00e0 3.3V \u0111i\u1ec7n<br \/>\nkh\u00f4ng h\u1ed7 tr\u1ee3 PCMCIA 12V<br \/>\nH\u1ed7 tr\u1ee3 Th\u1ebb P2 v\u1edbi Windows XP, Vista v\u00e0 Windows 7<br \/>\nkh\u00f4ng h\u1ed7 tr\u1ee3 MAC OS<br \/>\nH\u1ed7 tr\u1ee3 th\u1ebb nh\u1edb 3G \/ 3.5G <\/span><\/p>\n","protected":false},"featured_media":9542,"comment_status":"open","ping_status":"closed","template":"","meta":[],"product_cat":[781],"product_tag":[1301,1307,1302,1303],"_links":{"self":[{"href":"https:\/\/shentek.com\/vi\/wp-json\/wp\/v2\/product\/9541"}],"collection":[{"href":"https:\/\/shentek.com\/vi\/wp-json\/wp\/v2\/product"}],"about":[{"href":"https:\/\/shentek.com\/vi\/wp-json\/wp\/v2\/types\/product"}],"replies":[{"embeddable":true,"href":"https:\/\/shentek.com\/vi\/wp-json\/wp\/v2\/comments?post=9541"}],"wp:featuredmedia":[{"embeddable":true,"href":"https:\/\/shentek.com\/vi\/wp-json\/wp\/v2\/media\/9542"}],"wp:attachment":[{"href":"https:\/\/shentek.com\/vi\/wp-json\/wp\/v2\/media?parent=9541"}],"wp:term":[{"taxonomy":"product_cat","embeddable":true,"href":"https:\/\/shentek.com\/vi\/wp-json\/wp\/v2\/product_cat?post=9541"},{"taxonomy":"product_tag","embeddable":true,"href":"https:\/\/shentek.com\/vi\/wp-json\/wp\/v2\/product_tag?post=9541"}],"curies":[{"name":"wp","href":"https:\/\/api.w.org\/{rel}","templated":true}]}}