{"id":9571,"date":"2018-08-16T13:43:24","date_gmt":"2018-08-16T05:43:24","guid":{"rendered":"http:\/\/www.shentek.com\/product\/usb-3-0-4-port-hub-supports-transfer-up-to-5g\/"},"modified":"2018-12-07T15:15:41","modified_gmt":"2018-12-07T07:15:41","slug":"usb-3-0-4-port-hub-ho-tro-chuyen-up-to-5g","status":"publish","type":"product","link":"https:\/\/shentek.com\/vi\/product\/usb-3-0-4-port-hub-ho-tro-chuyen-up-to-5g\/","title":{"rendered":"C\u1ed5ng USB 3.0 4 HUB h\u1ed7 tr\u1ee3 truy\u1ec1n t\u1edbi 5G"},"content":{"rendered":"","protected":false},"excerpt":{"rendered":"<p>T\u00ednh n\u0103ng, \u0111\u1eb7c \u0111i\u1ec3m:<br \/>\nB\u1ed5 sung 4 c\u1ed5ng USB 3.0 Super Speed (5Gbps)<br \/>\nHo\u00e0n to\u00e0n t\u01b0\u01a1ng th\u00edch ng\u01b0\u1ee3c v\u1edbi USB2.0 \/ USB1.1 \/ USB1.0<br \/>\nH\u1ed7 tr\u1ee3 l\u00ean \u0111\u1ebfn 127 thi\u1ebft b\u1ecb t\u1ed1c \u0111\u1ed9 cao<br \/>\nH\u1ed7 tr\u1ee3 t\u1ed1c \u0111\u1ed9 truy\u1ec1n d\u1eef li\u1ec7u \u1edf t\u1ed1c \u0111\u1ed9 1,5 \/ 12\/480 \/ mbps<br \/>\nB\u1ea3o v\u1ec7 qu\u00e1 d\u00f2ng tr\u00ean c\u1ed5ng c\u00e1 nh\u00e2n<br \/>\nTh\u00e2n thi\u1ec7n &amp; amp; Thi\u1ebft k\u1ebf m\u1ea1nh m\u1ebd, d\u1ec5 u\u1ed1ng<br \/>\nCung c\u1ea5p l\u00ean \u0111\u1ebfn 900mA m\u1ed7i c\u1ed5ng \u0111\u1ee7 cho c\u00e1c thi\u1ebft b\u1ecb \u0111a d\u1ea1ng<br \/>\n4 ch\u1ec9 b\u00e1o LED cho ch\u1ec9 b\u00e1o D\u1eef li\u1ec7u \/ 1 LED cho Ngu\u1ed3n<br \/>\nB\u1ed9 \u0111\u1ed5i ngu\u1ed3n (\u0111\u1ea7u ra 5V \/ 4A)<br \/>\nC\u00e0i \u0111\u1eb7t plug-and-play<br \/>\nH\u1ed7 tr\u1ee3 Windows XP, Vista, WIN7 WIN8<br \/>\nCh\u1ec9 h\u1ed7 tr\u1ee3 Macintosh OS 9.0.x trong H\u1ec7 th\u1ed1ng v\u1edbi giao di\u1ec7n USB2.0<br \/>\nM\u1ed9t c\u1ed5ng th\u01b0\u1ee3ng l\u01b0u t\u1ed1c \u0111\u1ed9 cao v\u1edbi gi\u1eafc c\u1eafm USB Micro B 9pin mini<\/p>\n","protected":false},"featured_media":9572,"comment_status":"open","ping_status":"closed","template":"","meta":[],"product_cat":[781],"product_tag":[1315,1316],"_links":{"self":[{"href":"https:\/\/shentek.com\/vi\/wp-json\/wp\/v2\/product\/9571"}],"collection":[{"href":"https:\/\/shentek.com\/vi\/wp-json\/wp\/v2\/product"}],"about":[{"href":"https:\/\/shentek.com\/vi\/wp-json\/wp\/v2\/types\/product"}],"replies":[{"embeddable":true,"href":"https:\/\/shentek.com\/vi\/wp-json\/wp\/v2\/comments?post=9571"}],"wp:featuredmedia":[{"embeddable":true,"href":"https:\/\/shentek.com\/vi\/wp-json\/wp\/v2\/media\/9572"}],"wp:attachment":[{"href":"https:\/\/shentek.com\/vi\/wp-json\/wp\/v2\/media?parent=9571"}],"wp:term":[{"taxonomy":"product_cat","embeddable":true,"href":"https:\/\/shentek.com\/vi\/wp-json\/wp\/v2\/product_cat?post=9571"},{"taxonomy":"product_tag","embeddable":true,"href":"https:\/\/shentek.com\/vi\/wp-json\/wp\/v2\/product_tag?post=9571"}],"curies":[{"name":"wp","href":"https:\/\/api.w.org\/{rel}","templated":true}]}}