{"id":9581,"date":"2018-08-16T10:55:24","date_gmt":"2018-08-16T02:55:24","guid":{"rendered":"http:\/\/www.shentek.com\/product\/2-port-high-speed-serial-rs-232-1-port-parallel-universal-pci-card-support-pin1-5v-12v-dcd-pin9-5v-12v-ri-selectable-and-standard-and-low-profile-bracket-2\/"},"modified":"2018-12-07T15:30:12","modified_gmt":"2018-12-07T07:30:12","slug":"2-port-toc-do-cao-noi-tiep-rs-232-1-port-song-song-universal-pci-card-ho-tro-pin1-5v-12-v-dcd-pin9-5v-12-v-ri-selectable-va-standard-va-thap-profile-bracket-2","status":"publish","type":"product","link":"https:\/\/shentek.com\/vi\/product\/2-port-toc-do-cao-noi-tiep-rs-232-1-port-song-song-universal-pci-card-ho-tro-pin1-5v-12-v-dcd-pin9-5v-12-v-ri-selectable-va-standard-va-thap-profile-bracket-2\/","title":{"rendered":"C\u1ed5ng n\u1ed1i ti\u1ebfp 2 c\u1ed5ng RS232 Card PCI song song Low Profile"},"content":{"rendered":"","protected":false},"excerpt":{"rendered":"<p><span lang=\"EN-US\" style=\"margin: 0px; color: black; font-family: 'Arial', 'sans-serif'; font-size: 10pt;\"> T\u00ednh n\u0103ng v\u00e0 l\u1ee3i \u00edch <\/span><\/p>\n<p><span lang=\"EN-US\" style=\"margin: 0px; color: black; font-family: 'Arial', 'sans-serif'; font-size: 10pt;\"> M\u1edf r\u1ed9ng 2 c\u1ed5ng com cho h\u1ec7 th\u1ed1ng c\u1ee7a b\u1ea1n <\/span><\/p>\n<p><span lang=\"EN-US\" style=\"margin: 0px; color: black; font-family: 'Arial', 'sans-serif'; font-size: 10pt;\"> T\u1ed1c \u0111\u1ed9 truy\u1ec1n t\u1ed1c \u0111\u1ed9 cao l\u00ean t\u1edbi 921,6Kbps <\/span><\/p>\n<p><span lang=\"EN-US\" style=\"margin: 0px; color: black; font-family: 'Arial', 'sans-serif'; font-size: 10pt;\"> T\u01b0\u01a1ng th\u00edch v\u1edbi khe c\u1eafm PCI-x 3.3V \/ 5V <\/span><\/p>\n<p><span lang=\"EN-US\" style=\"margin: 0px; color: black; font-family: 'Arial', 'sans-serif'; font-size: 10pt;\"> Cung c\u1ea5p \u0111i\u1ec7n qua \u0111\u01b0\u1eddng truy\u1ec1n th\u00f4ng (t\u00edn hi\u1ec7u RI) <\/span><\/p>\n<p><span lang=\"EN-US\" style=\"margin: 0px; color: black; font-family: 'Arial', 'sans-serif'; font-size: 10pt;\"> T\u00edch h\u1ee3p b\u1ea3o v\u1ec7 ESD 15KV <\/span><\/p>\n<p><span lang=\"EN-US\" style=\"margin: 0px; color: black; font-family: 'Arial', 'sans-serif'; font-size: 10pt;\"> H\u1ed7 tr\u1ee3 \u0111\u1eb7c \u0111i\u1ec3m k\u1ef9 thu\u1eadt c\u00f4ng nghi\u1ec7p <\/span><\/p>\n<p><span lang=\"EN-US\" style=\"margin: 0px; color: black; font-family: 'Arial', 'sans-serif'; font-size: 10pt;\"> 256 byte FIFO t\u00edch h\u1ee3p UART <\/span><\/p>\n<p><span lang=\"EN-US\" style=\"margin: 0px; color: black; font-family: 'Arial', 'sans-serif'; font-size: 10pt;\"> H\u1ed7 tr\u1ee3 5V \/ 12V \/ RI c\u00f3 th\u1ec3 ch\u1ecdn <\/span><\/p>\n<p><span lang=\"EN-US\" style=\"margin: 0px; color: black; font-family: 'Arial', 'sans-serif'; font-size: 10pt;\"> Ch\u1ebf \u0111\u1ed9 t\u01b0\u01a1ng th\u00edch song song, Nibble ch\u1ebf \u0111\u1ed9, ch\u1ebf \u0111\u1ed9 Byte, ch\u1ebf \u0111\u1ed9 EPP v\u00e0 ch\u1ebf \u0111\u1ed9 ECP) <\/span><\/p>\n<p><span lang=\"FR\" style=\"margin: 0px; color: black; font-family: 'Arial', 'sans-serif'; font-size: 10pt;\"> 16byte : Ch\u1ebf \u0111\u1ed9 EPP \/ ECP <\/span><\/p>\n<p><span lang=\"EN-US\" style=\"margin: 0px; color: black; font-family: 'Arial', 'sans-serif'; font-size: 10pt;\"> \u0110\u1ecba ch\u1ec9 I \/ O remap &#8211; RS-232 for 3F8, 2F8, 3<sup>E<\/sup>8, AND 2<sup>E<\/sup>8. Song song &#8211; 378 v\u00e0 278 <\/span><\/p>\n<p><span lang=\"EN-US\" style=\"margin: 0px; color: black; font-family: 'Arial', 'sans-serif'; font-size: 10pt;\"> H\u1ed7 tr\u1ee3 Microsoft Windows, Linux <\/span><\/p>\n","protected":false},"featured_media":9585,"comment_status":"open","ping_status":"closed","template":"","meta":[],"product_cat":[1264,1319,1306],"product_tag":[1320,1308,1321,1322,1323],"_links":{"self":[{"href":"https:\/\/shentek.com\/vi\/wp-json\/wp\/v2\/product\/9581"}],"collection":[{"href":"https:\/\/shentek.com\/vi\/wp-json\/wp\/v2\/product"}],"about":[{"href":"https:\/\/shentek.com\/vi\/wp-json\/wp\/v2\/types\/product"}],"replies":[{"embeddable":true,"href":"https:\/\/shentek.com\/vi\/wp-json\/wp\/v2\/comments?post=9581"}],"wp:featuredmedia":[{"embeddable":true,"href":"https:\/\/shentek.com\/vi\/wp-json\/wp\/v2\/media\/9585"}],"wp:attachment":[{"href":"https:\/\/shentek.com\/vi\/wp-json\/wp\/v2\/media?parent=9581"}],"wp:term":[{"taxonomy":"product_cat","embeddable":true,"href":"https:\/\/shentek.com\/vi\/wp-json\/wp\/v2\/product_cat?post=9581"},{"taxonomy":"product_tag","embeddable":true,"href":"https:\/\/shentek.com\/vi\/wp-json\/wp\/v2\/product_tag?post=9581"}],"curies":[{"name":"wp","href":"https:\/\/api.w.org\/{rel}","templated":true}]}}