{"id":9714,"date":"2018-08-16T09:54:12","date_gmt":"2018-08-16T01:54:12","guid":{"rendered":"http:\/\/www.shentek.com\/product\/3-port-usb2-0-adapter-card-standard-and-low-profile-bracket\/"},"modified":"2018-12-07T16:52:16","modified_gmt":"2018-12-07T08:52:16","slug":"3-port-usb2-0-adapter-card-standard-va-low-profile-bracket","status":"publish","type":"product","link":"https:\/\/shentek.com\/vi\/product\/3-port-usb2-0-adapter-card-standard-va-low-profile-bracket\/","title":{"rendered":"3 c\u1ed5ng USB2.0 Adapter Th\u1ebb Ti\u00eau Chu\u1ea9n v\u00e0 C\u1ea5u H\u00ecnh Th\u1ea5p Bracket"},"content":{"rendered":"","protected":false},"excerpt":{"rendered":"<p><span lang=\"EN-US\" style=\"margin: 0px; font-family: 'Arial', 'sans-serif'; font-size: 10pt;\"> <span style=\"color: #000000;\"> T\u00ednh n\u0103ng v\u00e0 l\u1ee3i \u00edch <\/span> <\/span><\/p>\n<p><span lang=\"EN-US\" style=\"margin: 0px; font-family: 'Arial', 'sans-serif'; font-size: 10pt;\"> <span style=\"color: #000000;\"> H\u1ed7 tr\u1ee3 k\u1ebft n\u1ed1i 2 c\u1ed5ng Lo\u1ea1i A <\/span> <\/span><\/p>\n<p><span lang=\"EN-US\" style=\"margin: 0px; font-family: 'Arial', 'sans-serif'; font-size: 10pt;\"> <span style=\"color: #000000;\"> H\u1ed7 tr\u1ee3 khung h\u1ed3 s\u01a1 ti\u00eau chu\u1ea9n v\u00e0 th\u1ea5p <\/span> <\/span><\/p>\n<p><span lang=\"EN-US\" style=\"margin: 0px; font-family: 'Arial', 'sans-serif'; font-size: 10pt;\"> <span style=\"color: #000000;\"> H\u1ed7 tr\u1ee3 bus USB2.0 powe <\/span> <\/span><\/p>\n","protected":false},"featured_media":9715,"comment_status":"open","ping_status":"closed","template":"","meta":[],"product_cat":[1264,1333,1314],"product_tag":[1280,1320,1281,1286],"_links":{"self":[{"href":"https:\/\/shentek.com\/vi\/wp-json\/wp\/v2\/product\/9714"}],"collection":[{"href":"https:\/\/shentek.com\/vi\/wp-json\/wp\/v2\/product"}],"about":[{"href":"https:\/\/shentek.com\/vi\/wp-json\/wp\/v2\/types\/product"}],"replies":[{"embeddable":true,"href":"https:\/\/shentek.com\/vi\/wp-json\/wp\/v2\/comments?post=9714"}],"wp:featuredmedia":[{"embeddable":true,"href":"https:\/\/shentek.com\/vi\/wp-json\/wp\/v2\/media\/9715"}],"wp:attachment":[{"href":"https:\/\/shentek.com\/vi\/wp-json\/wp\/v2\/media?parent=9714"}],"wp:term":[{"taxonomy":"product_cat","embeddable":true,"href":"https:\/\/shentek.com\/vi\/wp-json\/wp\/v2\/product_cat?post=9714"},{"taxonomy":"product_tag","embeddable":true,"href":"https:\/\/shentek.com\/vi\/wp-json\/wp\/v2\/product_tag?post=9714"}],"curies":[{"name":"wp","href":"https:\/\/api.w.org\/{rel}","templated":true}]}}