{"id":9749,"date":"2018-08-16T09:47:00","date_gmt":"2018-08-16T01:47:00","guid":{"rendered":"http:\/\/www.shentek.com\/product\/1-port-usb-c-usb-3-1-gen2-10g-adapter-card\/"},"modified":"2018-12-12T11:31:45","modified_gmt":"2018-12-12T03:31:45","slug":"1-port-usb-c-usb-3-1-gen2-10g-adapter-card","status":"publish","type":"product","link":"https:\/\/shentek.com\/vi\/product\/1-port-usb-c-usb-3-1-gen2-10g-adapter-card\/","title":{"rendered":"1 c\u1ed5ng USB-C USB 3.1 Gen2 10G Card"},"content":{"rendered":"","protected":false},"excerpt":{"rendered":"<p><span lang=\"EN-US\" style=\"margin: 0px; font-family: 'Arial', 'sans-serif'; font-size: 10pt;\"> <span style=\"color: #000000;\"> C\u00e1c t\u00ednh n\u0103ng v\u00e0 l\u1ee3i \u00edch <\/span> <\/span><\/p>\n<p><span lang=\"EN-US\" style=\"margin: 0px; font-family: 'Arial', 'sans-serif'; font-size: 10pt;\"> <span style=\"color: #000000;\"> H\u1ed7 tr\u1ee3 1 c\u1ed5ng k\u1ebft n\u1ed1i lo\u1ea1i C <\/span> <\/span><\/p>\n<p><span lang=\"EN-US\" style=\"margin: 0px; font-family: 'Arial', 'sans-serif'; font-size: 10pt;\"> <span style=\"color: #000000;\"> H\u1ed7 tr\u1ee3 khung c\u1ea5u h\u00ecnh ti\u00eau chu\u1ea9n v\u00e0 c\u1ea5u h\u00ecnh th\u1ea5p <\/span> <\/span><\/p>\n<p><span lang=\"EN-US\" style=\"margin: 0px; font-family: 'Arial', 'sans-serif'; font-size: 10pt;\"> <span style=\"color: #000000;\"> H\u1ed7 tr\u1ee3 USB3.1 \/ 3.0 C\u00f4ng su\u1ea5t bus <\/span> <\/span><\/p>\n","protected":false},"featured_media":9750,"comment_status":"open","ping_status":"closed","template":"","meta":[],"product_cat":[1264,1333,1314],"product_tag":[1320,1315,1335,1336,1334],"_links":{"self":[{"href":"https:\/\/shentek.com\/vi\/wp-json\/wp\/v2\/product\/9749"}],"collection":[{"href":"https:\/\/shentek.com\/vi\/wp-json\/wp\/v2\/product"}],"about":[{"href":"https:\/\/shentek.com\/vi\/wp-json\/wp\/v2\/types\/product"}],"replies":[{"embeddable":true,"href":"https:\/\/shentek.com\/vi\/wp-json\/wp\/v2\/comments?post=9749"}],"wp:featuredmedia":[{"embeddable":true,"href":"https:\/\/shentek.com\/vi\/wp-json\/wp\/v2\/media\/9750"}],"wp:attachment":[{"href":"https:\/\/shentek.com\/vi\/wp-json\/wp\/v2\/media?parent=9749"}],"wp:term":[{"taxonomy":"product_cat","embeddable":true,"href":"https:\/\/shentek.com\/vi\/wp-json\/wp\/v2\/product_cat?post=9749"},{"taxonomy":"product_tag","embeddable":true,"href":"https:\/\/shentek.com\/vi\/wp-json\/wp\/v2\/product_tag?post=9749"}],"curies":[{"name":"wp","href":"https:\/\/api.w.org\/{rel}","templated":true}]}}