{"id":9762,"date":"2018-08-16T09:36:41","date_gmt":"2018-08-16T01:36:41","guid":{"rendered":"http:\/\/www.shentek.com\/product\/1-port-power-esatap-usb-2-0-adapter-card-euhp\/"},"modified":"2018-12-12T11:02:14","modified_gmt":"2018-12-12T03:02:14","slug":"1-port-power-esatap-usb-2-0-adapter-card-euhp","status":"publish","type":"product","link":"https:\/\/shentek.com\/vi\/product\/1-port-power-esatap-usb-2-0-adapter-card-euhp\/","title":{"rendered":"1 c\u1ed5ng Power eSATAp USB 2.0 Adaptor Card EUHP"},"content":{"rendered":"","protected":false},"excerpt":{"rendered":"<p><span lang=\"EN-US\" style=\"margin: 0px; font-family: 'Arial', 'sans-serif'; font-size: 10pt;\"> <span style=\"color: #000000;\"> C\u00e1c t\u00ednh n\u0103ng v\u00e0 l\u1ee3i \u00edch <\/span> <\/span><\/p>\n<p><span lang=\"EN-US\" style=\"margin: 0px; font-family: 'Arial', 'sans-serif'; font-size: 10pt;\"> <span style=\"color: #000000;\"> M\u1edf r\u1ed9ng 2 c\u1ed5ng eSATAp ho\u1eb7c USB2.0 cho h\u1ec7 th\u1ed1ng c\u1ee7a b\u1ea1n <\/span> <\/span><\/p>\n<p><span lang=\"EN-US\" style=\"margin: 0px; font-family: 'Arial', 'sans-serif'; font-size: 10pt;\"> <span style=\"color: #000000;\"> T\u1ed1c \u0111\u1ed9 truy\u1ec1n l\u00ean t\u1edbi 3Gbps cho c\u1ed5ng SATA, 480Mbps cho c\u1ed5ng USB2.0 <\/span> <\/span><\/p>\n<p><span lang=\"EN-US\" style=\"margin: 0px; font-family: 'Arial', 'sans-serif'; font-size: 10pt;\"> <span style=\"color: #000000;\"> H\u1ed7 tr\u1ee3 ngu\u1ed3n 5V \/ 12V t\u1eeb \u0111\u1ea7u n\u1ed1i Power eSATAp <\/span> <\/span><\/p>\n<p><span lang=\"EN-US\" style=\"margin: 0px; font-family: 'Arial', 'sans-serif'; font-size: 10pt;\"> <span style=\"color: #000000;\"> H\u1ed7 tr\u1ee3 Kh\u00f4ng c\u1ea7n tr\u00ecnh \u0111i\u1ec1u khi\u1ec3n cho t\u1ea5t c\u1ea3 c\u00e1c h\u1ec7 \u0111i\u1ec1u h\u00e0nh <\/span> <\/span><\/p>\n<p><span lang=\"EN-US\" style=\"margin: 0px; font-family: 'Arial', 'sans-serif'; font-size: 10pt;\"> <span style=\"color: #000000;\"> D\u1ec5 d\u00e0ng thi\u1ebft l\u1eadp cho h\u1ec7 th\u1ed1ng Kh\u1edfi \u0111\u1ed9ng b\u00ean ngo\u00e0i <\/span> <\/span><\/p>\n","protected":false},"featured_media":9770,"comment_status":"open","ping_status":"closed","template":"","meta":[],"product_cat":[1264,1298,1299],"product_tag":[1311,1320],"_links":{"self":[{"href":"https:\/\/shentek.com\/vi\/wp-json\/wp\/v2\/product\/9762"}],"collection":[{"href":"https:\/\/shentek.com\/vi\/wp-json\/wp\/v2\/product"}],"about":[{"href":"https:\/\/shentek.com\/vi\/wp-json\/wp\/v2\/types\/product"}],"replies":[{"embeddable":true,"href":"https:\/\/shentek.com\/vi\/wp-json\/wp\/v2\/comments?post=9762"}],"wp:featuredmedia":[{"embeddable":true,"href":"https:\/\/shentek.com\/vi\/wp-json\/wp\/v2\/media\/9770"}],"wp:attachment":[{"href":"https:\/\/shentek.com\/vi\/wp-json\/wp\/v2\/media?parent=9762"}],"wp:term":[{"taxonomy":"product_cat","embeddable":true,"href":"https:\/\/shentek.com\/vi\/wp-json\/wp\/v2\/product_cat?post=9762"},{"taxonomy":"product_tag","embeddable":true,"href":"https:\/\/shentek.com\/vi\/wp-json\/wp\/v2\/product_tag?post=9762"}],"curies":[{"name":"wp","href":"https:\/\/api.w.org\/{rel}","templated":true}]}}