{"id":9800,"date":"2018-08-15T12:32:22","date_gmt":"2018-08-15T04:32:22","guid":{"rendered":"http:\/\/www.shentek.com\/product\/e-key-to-m-key-adapter-m-2-card-supports-up-to-2280\/"},"modified":"2019-09-17T00:47:22","modified_gmt":"2019-09-16T16:47:22","slug":"e-key-to-m-key-adapter-m-2-card-support-up-to-2280","status":"publish","type":"product","link":"https:\/\/shentek.com\/vi\/product\/e-key-to-m-key-adapter-m-2-card-support-up-to-2280\/","title":{"rendered":"B\u1ed9 \u0111i\u1ec1u h\u1ee3p E Key to M Key Card M.2 h\u1ed7 tr\u1ee3 l\u00ean t\u1edbi 2280"},"content":{"rendered":"","protected":false},"excerpt":{"rendered":"<p><span lang=\"EN-US\" style=\"margin: 0px; font-family: 'Arial', 'sans-serif'; font-size: 10pt;\"> <span style=\"color: #000000;\"> C\u00e1c t\u00ednh n\u0103ng v\u00e0 l\u1ee3i \u00edch <\/span> <\/span><\/p>\n<p><span lang=\"EN-US\" style=\"margin: 0px; font-family: 'Arial', 'sans-serif'; font-size: 10pt;\"> <span style=\"color: #000000;\"> H\u1ed7 tr\u1ee3 Th\u1ebb kh\u00f3a M.2 E <\/span> <\/span><\/p>\n<p><span lang=\"EN-US\" style=\"margin: 0px; font-family: 'Arial', 'sans-serif'; font-size: 10pt;\"> <span style=\"color: #000000;\"> H\u1ed7 tr\u1ee3 M.2 k\u00edch th\u01b0\u1edbc 2230\/2242\/2260\/2280 <\/span> <\/span><\/p>\n<p><span lang=\"EN-US\" style=\"margin: 0px; font-family: 'Arial', 'sans-serif'; font-size: 10pt;\"> <span style=\"color: #000000;\"> Kh\u00f4ng c\u1ea7n Tr\u00ecnh \u0111i\u1ec1u khi\u1ec3n (cho 52058) <\/span> <\/span><\/p>\n","protected":false},"featured_media":9801,"comment_status":"open","ping_status":"closed","template":"","meta":[],"product_cat":[1264,1341,1306],"product_tag":[1349,1350,1346,1330,1331],"_links":{"self":[{"href":"https:\/\/shentek.com\/vi\/wp-json\/wp\/v2\/product\/9800"}],"collection":[{"href":"https:\/\/shentek.com\/vi\/wp-json\/wp\/v2\/product"}],"about":[{"href":"https:\/\/shentek.com\/vi\/wp-json\/wp\/v2\/types\/product"}],"replies":[{"embeddable":true,"href":"https:\/\/shentek.com\/vi\/wp-json\/wp\/v2\/comments?post=9800"}],"wp:featuredmedia":[{"embeddable":true,"href":"https:\/\/shentek.com\/vi\/wp-json\/wp\/v2\/media\/9801"}],"wp:attachment":[{"href":"https:\/\/shentek.com\/vi\/wp-json\/wp\/v2\/media?parent=9800"}],"wp:term":[{"taxonomy":"product_cat","embeddable":true,"href":"https:\/\/shentek.com\/vi\/wp-json\/wp\/v2\/product_cat?post=9800"},{"taxonomy":"product_tag","embeddable":true,"href":"https:\/\/shentek.com\/vi\/wp-json\/wp\/v2\/product_tag?post=9800"}],"curies":[{"name":"wp","href":"https:\/\/api.w.org\/{rel}","templated":true}]}}