{"id":9823,"date":"2018-08-15T12:27:32","date_gmt":"2018-08-15T04:27:32","guid":{"rendered":"http:\/\/www.shentek.com\/product\/a-key-to-m-key-adapter-m-2-card-up-to-2280\/"},"modified":"2018-12-12T12:02:34","modified_gmt":"2018-12-12T04:02:34","slug":"a-key-to-m-key-adapter-m-2-card-up-to-2280","status":"publish","type":"product","link":"https:\/\/shentek.com\/vi\/product\/a-key-to-m-key-adapter-m-2-card-up-to-2280\/","title":{"rendered":"Th\u1ebb M.2 Adaptor Key M M l\u00ean \u0111\u1ebfn 2280"},"content":{"rendered":"","protected":false},"excerpt":{"rendered":"<p><span lang=\"EN-US\" style=\"margin: 0px; font-family: 'Arial', 'sans-serif'; font-size: 10pt;\"> <span style=\"color: #000000;\"> C\u00e1c t\u00ednh n\u0103ng v\u00e0 l\u1ee3i \u00edch <\/span> <\/span><\/p>\n<p><span lang=\"EN-US\" style=\"margin: 0px; font-family: 'Arial', 'sans-serif'; font-size: 10pt;\"> <span style=\"color: #000000;\"> H\u1ed7 tr\u1ee3 M.2 Th\u1ebb kh\u00f3a <\/span> <\/span><\/p>\n<p><span lang=\"EN-US\" style=\"margin: 0px; font-family: 'Arial', 'sans-serif'; font-size: 10pt;\"> <span style=\"color: #000000;\"> H\u1ed7 tr\u1ee3 M.2 k\u00edch th\u01b0\u1edbc 2230\/2242\/2260\/2280 <\/span> <\/span><\/p>\n<p><span lang=\"EN-US\" style=\"margin: 0px; font-family: 'Arial', 'sans-serif'; font-size: 10pt;\"> <span style=\"color: #000000;\"> Kh\u00f4ng c\u1ea7n Tr\u00ecnh \u0111i\u1ec1u khi\u1ec3n (cho 52058) <\/span> <\/span><\/p>\n","protected":false},"featured_media":9824,"comment_status":"open","ping_status":"closed","template":"","meta":[],"product_cat":[1264,1341,1306],"product_tag":[1349,1346,1330,1331],"_links":{"self":[{"href":"https:\/\/shentek.com\/vi\/wp-json\/wp\/v2\/product\/9823"}],"collection":[{"href":"https:\/\/shentek.com\/vi\/wp-json\/wp\/v2\/product"}],"about":[{"href":"https:\/\/shentek.com\/vi\/wp-json\/wp\/v2\/types\/product"}],"replies":[{"embeddable":true,"href":"https:\/\/shentek.com\/vi\/wp-json\/wp\/v2\/comments?post=9823"}],"wp:featuredmedia":[{"embeddable":true,"href":"https:\/\/shentek.com\/vi\/wp-json\/wp\/v2\/media\/9824"}],"wp:attachment":[{"href":"https:\/\/shentek.com\/vi\/wp-json\/wp\/v2\/media?parent=9823"}],"wp:term":[{"taxonomy":"product_cat","embeddable":true,"href":"https:\/\/shentek.com\/vi\/wp-json\/wp\/v2\/product_cat?post=9823"},{"taxonomy":"product_tag","embeddable":true,"href":"https:\/\/shentek.com\/vi\/wp-json\/wp\/v2\/product_tag?post=9823"}],"curies":[{"name":"wp","href":"https:\/\/api.w.org\/{rel}","templated":true}]}}