{"id":9837,"date":"2018-08-15T12:09:17","date_gmt":"2018-08-15T04:09:17","guid":{"rendered":"http:\/\/www.shentek.com\/product\/serial-rs485-rs232-rs422-2-port-m-2-card-ngff-m-b-key\/"},"modified":"2018-12-12T15:54:47","modified_gmt":"2018-12-12T07:54:47","slug":"noi-tiep-rs485-rs232-rs422-2-port-m-2-card-ngff-m-b-key","status":"publish","type":"product","link":"https:\/\/shentek.com\/vi\/product\/noi-tiep-rs485-rs232-rs422-2-port-m-2-card-ngff-m-b-key\/","title":{"rendered":"N\u1ed1i ti\u1ebfp RS485 RS232 RS422 2 c\u1ed5ng M.2 Th\u1ebb NGFF M B"},"content":{"rendered":"","protected":false},"excerpt":{"rendered":"<p><span lang=\"EN-US\" style=\"margin: 0px; font-family: 'Arial', 'sans-serif'; font-size: 10pt;\"> <span style=\"color: #000000;\"> C\u00e1c t\u00ednh n\u0103ng v\u00e0 l\u1ee3i \u00edch <\/span> <\/span><\/p>\n<p><span lang=\"EN-US\" style=\"margin: 0px; font-family: 'Arial', 'sans-serif'; font-size: 10pt;\"> <span style=\"color: #000000;\"> M\u1edf r\u1ed9ng 2 c\u1ed5ng RS232 RS485 RS232 cho h\u1ec7 th\u1ed1ng c\u1ee7a b\u1ea1n <\/span> <\/span><\/p>\n<p><span lang=\"EN-US\" style=\"margin: 0px; font-family: 'Arial', 'sans-serif'; font-size: 10pt;\"> <span style=\"color: #000000;\"> T\u1ed1c \u0111\u1ed9 truy\u1ec1n t\u1ed1c \u0111\u1ed9 cao l\u00ean t\u1edbi 921,6Kbps <\/span> <\/span><\/p>\n<p><span lang=\"EN-US\" style=\"margin: 0px; font-family: 'Arial', 'sans-serif'; font-size: 10pt;\"> <span style=\"color: #000000;\"> Thi\u1ebft k\u1ebf \u0111\u1ec3 \u0111\u00e1p \u1ee9ng PCI Express 2.0 Gen 1 <\/span> <\/span><\/p>\n<p><span lang=\"EN-US\" style=\"margin: 0px; font-family: 'Arial', 'sans-serif'; font-size: 10pt;\"> <span style=\"color: #000000;\"> H\u1ed7 tr\u1ee3 khe kh\u00f3a M.2 M (NGFF) 2260 <\/span> <\/span><\/p>\n<p><span lang=\"EN-US\" style=\"margin: 0px; font-family: 'Arial', 'sans-serif'; font-size: 10pt;\"> <span style=\"color: #000000;\"> T\u00edch h\u1ee3p b\u1ea3o v\u1ec7 15KV ESD <\/span> <\/span><\/p>\n<p><span lang=\"EN-US\" style=\"margin: 0px; font-family: 'Arial', 'sans-serif'; font-size: 10pt;\"> <span style=\"color: #000000;\"> H\u1ed7 tr\u1ee3 \u0110\u1eb7c t\u1ea3 c\u00f4ng nghi\u1ec7p <\/span> <\/span><\/p>\n<p><span lang=\"EN-US\" style=\"margin: 0px; font-family: 'Arial', 'sans-serif'; font-size: 10pt;\"> <span style=\"color: #000000;\"> 256 byte FIFO <\/span> <\/span><\/p>\n<p><span lang=\"EN-US\" style=\"margin: 0px; font-family: 'Arial', 'sans-serif'; font-size: 10pt;\"> <span style=\"color: #000000;\"> H\u1ed7 tr\u1ee3 tr\u00ecnh \u0111i\u1ec1u khi\u1ec3n Microsoft Windows, Linux v\u00e0 QNX <\/span> <\/span><\/p>\n","protected":false},"featured_media":9840,"comment_status":"open","ping_status":"closed","template":"","meta":[],"product_cat":[1264,1341,1306],"product_tag":[1345,1346,1330,1260,1261,1262],"_links":{"self":[{"href":"https:\/\/shentek.com\/vi\/wp-json\/wp\/v2\/product\/9837"}],"collection":[{"href":"https:\/\/shentek.com\/vi\/wp-json\/wp\/v2\/product"}],"about":[{"href":"https:\/\/shentek.com\/vi\/wp-json\/wp\/v2\/types\/product"}],"replies":[{"embeddable":true,"href":"https:\/\/shentek.com\/vi\/wp-json\/wp\/v2\/comments?post=9837"}],"wp:featuredmedia":[{"embeddable":true,"href":"https:\/\/shentek.com\/vi\/wp-json\/wp\/v2\/media\/9840"}],"wp:attachment":[{"href":"https:\/\/shentek.com\/vi\/wp-json\/wp\/v2\/media?parent=9837"}],"wp:term":[{"taxonomy":"product_cat","embeddable":true,"href":"https:\/\/shentek.com\/vi\/wp-json\/wp\/v2\/product_cat?post=9837"},{"taxonomy":"product_tag","embeddable":true,"href":"https:\/\/shentek.com\/vi\/wp-json\/wp\/v2\/product_tag?post=9837"}],"curies":[{"name":"wp","href":"https:\/\/api.w.org\/{rel}","templated":true}]}}