{"id":9860,"date":"2018-08-15T10:59:41","date_gmt":"2018-08-15T02:59:41","guid":{"rendered":"http:\/\/www.shentek.com\/product\/2-port-serial-rs232-pci-express-card-2-5kv-isolation\/"},"modified":"2018-12-12T16:43:31","modified_gmt":"2018-12-12T08:43:31","slug":"cach-ly-2-cong-noi-tiep-rs-232-pci-express-card-2-5kv","status":"publish","type":"product","link":"https:\/\/shentek.com\/vi\/product\/cach-ly-2-cong-noi-tiep-rs-232-pci-express-card-2-5kv\/","title":{"rendered":"2 c\u1ed5ng N\u1ed1i ti\u1ebfp th\u1ebb PCI PCI Express 2.5KV C\u00e1ch ly"},"content":{"rendered":"","protected":false},"excerpt":{"rendered":"<p><span lang=\"EN-US\" style=\"margin: 0px; font-family: 'Arial', 'sans-serif'; font-size: 10pt;\"> <span style=\"color: #000000;\"> C\u00e1c t\u00ednh n\u0103ng v\u00e0 l\u1ee3i \u00edch <\/span> <\/span><\/p>\n<p><span lang=\"EN-US\" style=\"margin: 0px; font-family: 'Arial', 'sans-serif'; font-size: 10pt;\"> <span style=\"color: #000000;\"> M\u1edf r\u1ed9ng 2 c\u1ed5ng com cho h\u1ec7 th\u1ed1ng c\u1ee7a b\u1ea1n <\/span> <\/span><\/p>\n<p><span lang=\"EN-US\" style=\"margin: 0px; font-family: 'Arial', 'sans-serif'; font-size: 10pt;\"> <span style=\"color: #000000;\"> T\u1ed1c \u0111\u1ed9 Baud l\u00ean t\u1edbi 460Kb \/ gi\u00e2y <\/span> <\/span><\/p>\n<p><span lang=\"EN-US\" style=\"margin: 0px; font-family: 'Arial', 'sans-serif'; font-size: 10pt;\"> <span style=\"color: #000000;\"> Thi\u1ebft k\u1ebf \u0111\u1ec3 \u0111\u00e1p \u1ee9ng PCI Express 2.0 Gen 1 <\/span> <\/span><\/p>\n<p><span lang=\"EN-US\" style=\"margin: 0px; font-family: 'Arial', 'sans-serif'; font-size: 10pt;\"> <span style=\"color: #000000;\"> T\u00edch h\u1ee3p b\u1ea3o v\u1ec7 15KV ESD <\/span> <\/span><\/p>\n<p><span lang=\"EN-US\" style=\"margin: 0px; font-family: 'Arial', 'sans-serif'; font-size: 10pt;\"> <span style=\"color: #000000;\"> H\u1ed7 tr\u1ee3 \u0110\u1eb7c t\u1ea3 c\u00f4ng nghi\u1ec7p <\/span> <\/span><\/p>\n<p><span lang=\"EN-US\" style=\"margin: 0px; font-family: 'Arial', 'sans-serif'; font-size: 10pt;\"> <span style=\"color: #000000;\"> 256 byte FIFO <\/span> <\/span><\/p>\n<p><span lang=\"EN-US\" style=\"margin: 0px; font-family: 'Arial', 'sans-serif'; font-size: 10pt;\"> <span style=\"color: #000000;\"> H\u1ed7 tr\u1ee3 b\u1ea3o v\u1ec7 c\u00e1ch ly 2.5KV <\/span> <\/span><\/p>\n<p><span lang=\"EN-US\" style=\"margin: 0px; font-family: 'Arial', 'sans-serif'; font-size: 10pt;\"> <span style=\"color: #000000;\"> H\u1ed7 tr\u1ee3 tr\u00ecnh \u0111i\u1ec1u khi\u1ec3n Microsoft Windows, Linux v\u00e0 QNX <\/span> <\/span><\/p>\n","protected":false},"featured_media":9861,"comment_status":"open","ping_status":"closed","template":"","meta":[],"product_cat":[1264,1319,1306],"product_tag":[1354,1320,1324,1260],"_links":{"self":[{"href":"https:\/\/shentek.com\/vi\/wp-json\/wp\/v2\/product\/9860"}],"collection":[{"href":"https:\/\/shentek.com\/vi\/wp-json\/wp\/v2\/product"}],"about":[{"href":"https:\/\/shentek.com\/vi\/wp-json\/wp\/v2\/types\/product"}],"replies":[{"embeddable":true,"href":"https:\/\/shentek.com\/vi\/wp-json\/wp\/v2\/comments?post=9860"}],"wp:featuredmedia":[{"embeddable":true,"href":"https:\/\/shentek.com\/vi\/wp-json\/wp\/v2\/media\/9861"}],"wp:attachment":[{"href":"https:\/\/shentek.com\/vi\/wp-json\/wp\/v2\/media?parent=9860"}],"wp:term":[{"taxonomy":"product_cat","embeddable":true,"href":"https:\/\/shentek.com\/vi\/wp-json\/wp\/v2\/product_cat?post=9860"},{"taxonomy":"product_tag","embeddable":true,"href":"https:\/\/shentek.com\/vi\/wp-json\/wp\/v2\/product_tag?post=9860"}],"curies":[{"name":"wp","href":"https:\/\/api.w.org\/{rel}","templated":true}]}}