{"id":9896,"date":"2018-06-20T17:34:31","date_gmt":"2018-06-20T09:34:31","guid":{"rendered":"http:\/\/www.shentek.com\/product\/pcie-esd-2-port-rs232-serial-pci-express-card\/"},"modified":"2018-12-13T11:53:14","modified_gmt":"2018-12-13T03:53:14","slug":"pcie-esd-2-port-rs232-serial-pci-express-card","status":"publish","type":"product","link":"https:\/\/shentek.com\/vi\/product\/pcie-esd-2-port-rs232-serial-pci-express-card\/","title":{"rendered":"Th\u1ebb PCIe ESD 2 c\u1ed5ng RS232 N\u1ed1i ti\u1ebfp PCI Express"},"content":{"rendered":"","protected":false},"excerpt":{"rendered":"<p>T\u00ednh n\u0103ng v\u00e0 l\u1ee3i \u00edch<\/p>\n<p>M\u1edf r\u1ed9ng <a href=\"http:\/\/shentek.com\/product\/2-port-high-speed-serial-rs-232-1-port-abul-expresscard\/\" target=\"_ blank\" rel=\"noopener \"> 2 c\u1ed5ng RS232 <\/a> cho h\u1ec7 th\u1ed1ng c\u1ee7a b\u1ea1n<\/p>\n<p>Giao ti\u1ebfp hi\u1ec7u qu\u1ea3 v\u1edbi thi\u1ebft b\u1ecb \u0111\u01b0\u1ee3c k\u1ebft n\u1ed1i h\u1ed7 tr\u1ee3 t\u1ed1c \u0111\u1ed9 cao 921Kbps<\/p>\n<p>Th\u00f4ng s\u1ed1 k\u1ef9 thu\u1eadt c\u01a1 s\u1edf PCIe 3.0 \/ 3.1 tu\u00e2n th\u1ee7 ng\u01b0\u1ee3c 1.0a \/ 1.1 \/ 2.0 \/ 2.1<\/p>\n<p>B\u1ea3o v\u1ec7 h\u1ec7 th\u1ed1ng c\u1ee7a b\u1ea1n kh\u1ecfi b\u1ecb h\u01b0 h\u1ea1i v\u1edbi B\u1ea3o v\u1ec7 ESD t\u00edch h\u1ee3p<\/p>\n<p>H\u1ed7 tr\u1ee3 \u0111\u1eb7c \u0111i\u1ec3m k\u1ef9 thu\u1eadt th\u1ebb n\u1ed1i ti\u1ebfp c\u00f4ng nghi\u1ec7p<\/p>\n<p>C\u00f3 th\u1ec3 l\u1ef1a ch\u1ecdn I \/ O Pin1 5V \/ 12V \/ DCD ho\u1eb7c Pin9 5V \/ 12V \/ RI<\/p>\n<p>256 Byte FiFo tr\u00ean m\u1ed7i m\u00e1y ph\u00e1t v\u00e0 m\u00e1y thu<\/p>\n<p>Ph\u1ea1m vi nhi\u1ec7t \u0111\u1ed9 ho\u1ea1t \u0111\u1ed9ng m\u1edf r\u1ed9ng -30 \u00b0 C \u0111\u1ebfn 75 \u00b0 C<\/p>\n<p>C\u00e1c thi\u1ebft b\u1ecb n\u1ed1i ti\u1ebfp \u0111\u01b0\u1ee3c k\u1ebft n\u1ed1i v\u1edbi ch\u00e2n 1 ho\u1eb7c ch\u00e2n 9 \u0111\u1ea7u ra ngu\u1ed3n linh ho\u1ea1t b\u1eb1ng c\u00e0i \u0111\u1eb7t jumper<\/p>\n<p>H\u1ed7 tr\u1ee3 tr\u00ecnh \u0111i\u1ec1u khi\u1ec3n Microsoft Windows, Linux v\u00e0 QNX<\/p>\n<p>Khung h\u1ed3 s\u01a1 ti\u00eau chu\u1ea9n ho\u1eb7c hai khung c\u1ea5u h\u00ecnh th\u1ea5p (n\u1eeda chi\u1ec1u cao)<\/p>\n","protected":false},"featured_media":9902,"comment_status":"open","ping_status":"closed","template":"","meta":[],"product_cat":[1264,1319,1306],"product_tag":[1359,1360,1259,1348,1361,1362,1326,1260,1363,1364],"_links":{"self":[{"href":"https:\/\/shentek.com\/vi\/wp-json\/wp\/v2\/product\/9896"}],"collection":[{"href":"https:\/\/shentek.com\/vi\/wp-json\/wp\/v2\/product"}],"about":[{"href":"https:\/\/shentek.com\/vi\/wp-json\/wp\/v2\/types\/product"}],"replies":[{"embeddable":true,"href":"https:\/\/shentek.com\/vi\/wp-json\/wp\/v2\/comments?post=9896"}],"wp:featuredmedia":[{"embeddable":true,"href":"https:\/\/shentek.com\/vi\/wp-json\/wp\/v2\/media\/9902"}],"wp:attachment":[{"href":"https:\/\/shentek.com\/vi\/wp-json\/wp\/v2\/media?parent=9896"}],"wp:term":[{"taxonomy":"product_cat","embeddable":true,"href":"https:\/\/shentek.com\/vi\/wp-json\/wp\/v2\/product_cat?post=9896"},{"taxonomy":"product_tag","embeddable":true,"href":"https:\/\/shentek.com\/vi\/wp-json\/wp\/v2\/product_tag?post=9896"}],"curies":[{"name":"wp","href":"https:\/\/api.w.org\/{rel}","templated":true}]}}