{"id":9960,"date":"2018-08-08T17:14:33","date_gmt":"2018-08-08T09:14:33","guid":{"rendered":"http:\/\/www.shentek.com\/product\/serial-rs485-rs422-4-port-pci-express-pcie-card-isolation\/"},"modified":"2018-12-13T11:22:32","modified_gmt":"2018-12-13T03:22:32","slug":"cach-ly-noi-tiep-rs485-rs422-4-port-pci-express-pcie-card","status":"publish","type":"product","link":"https:\/\/shentek.com\/vi\/product\/cach-ly-noi-tiep-rs485-rs422-4-port-pci-express-pcie-card\/","title":{"rendered":"N\u1ed1i ti\u1ebfp RS485 RS422 4 c\u1ed5ng PCI Express C\u00e1ch ly th\u1ebb PCIe"},"content":{"rendered":"","protected":false},"excerpt":{"rendered":"<p>T\u00ednh n\u0103ng v\u00e0 l\u1ee3i \u00edch<\/p>\n<p>M\u1edf r\u1ed9ng 4 c\u1ed5ng com cho h\u1ec7 th\u1ed1ng c\u1ee7a b\u1ea1n<\/p>\n<p>T\u1ed1c \u0111\u1ed9 truy\u1ec1n t\u1ed1c \u0111\u1ed9 cao l\u00ean t\u1edbi 921,6Kb \/ gi\u00e2y<\/p>\n<p>Thi\u1ebft k\u1ebf \u0111\u1ec3 \u0111\u00e1p \u1ee9ng PCI Express 2.0 Gen 1<\/p>\n<p>H\u1ed7 tr\u1ee3 ng\u00f5 PCI Express x1, x2, x4, x8 v\u00e0 x16<\/p>\n<p>K\u1ebft n\u1ed1i thi\u1ebft b\u1ecb t\u1ed1i \u0111a 10 cho ch\u1ebf \u0111\u1ed9 4 d\u00e2y RS-485 (RS-422 Multi-Drop)<\/p>\n<p>K\u1ebft n\u1ed1i thi\u1ebft b\u1ecb t\u1ed1i \u0111a 32 cho ch\u1ebf \u0111\u1ed9 2 D\u00e2y RS-485<\/p>\n<p>T\u00edch h\u1ee3p b\u1ea3o v\u1ec7 ESD 15KV<\/p>\n<p>C\u00e1ch ly quang 1,5KV<\/p>\n<p>B\u1ea3o v\u1ec7 s\u1ed1c \u0111i\u1ec7n 600W<\/p>\n<p>H\u1ed7 tr\u1ee3 \u0111\u1eb7c \u0111i\u1ec3m k\u1ef9 thu\u1eadt c\u00f4ng nghi\u1ec7p<\/p>\n<p>B\u1ed9 t\u1ee9 256 byte<\/p>\n<p>H\u1ed7 tr\u1ee3 tr\u00ecnh \u0111i\u1ec1u khi\u1ec3n Microsoft Windows, Linux v\u00e0 QNX<\/p>\n","protected":false},"featured_media":9961,"comment_status":"open","ping_status":"closed","template":"","meta":[],"product_cat":[1264,1319,1306],"product_tag":[1284,1327,1320,1324,1261,1262],"_links":{"self":[{"href":"https:\/\/shentek.com\/vi\/wp-json\/wp\/v2\/product\/9960"}],"collection":[{"href":"https:\/\/shentek.com\/vi\/wp-json\/wp\/v2\/product"}],"about":[{"href":"https:\/\/shentek.com\/vi\/wp-json\/wp\/v2\/types\/product"}],"replies":[{"embeddable":true,"href":"https:\/\/shentek.com\/vi\/wp-json\/wp\/v2\/comments?post=9960"}],"wp:featuredmedia":[{"embeddable":true,"href":"https:\/\/shentek.com\/vi\/wp-json\/wp\/v2\/media\/9961"}],"wp:attachment":[{"href":"https:\/\/shentek.com\/vi\/wp-json\/wp\/v2\/media?parent=9960"}],"wp:term":[{"taxonomy":"product_cat","embeddable":true,"href":"https:\/\/shentek.com\/vi\/wp-json\/wp\/v2\/product_cat?post=9960"},{"taxonomy":"product_tag","embeddable":true,"href":"https:\/\/shentek.com\/vi\/wp-json\/wp\/v2\/product_tag?post=9960"}],"curies":[{"name":"wp","href":"https:\/\/api.w.org\/{rel}","templated":true}]}}